{"id":401829,"date":"2026-05-05T15:25:57","date_gmt":"2026-05-05T15:25:57","guid":{"rendered":"https:\/\/occasions-teile.ch\/product\/bmw-3-serien-325-airbag-armaturenbrett\/"},"modified":"2026-05-05T15:26:03","modified_gmt":"2026-05-05T15:26:03","slug":"bmw-3-serien-325-airbag-armaturenbrett","status":"publish","type":"product","link":"https:\/\/occasions-teile.ch\/en\/produkt\/bmw-3-serien-325-airbag-armaturenbrett\/","title":{"rendered":"BMW 3-serien 325 Airbag Armaturenbrett"},"content":{"rendered":"<p><span><b>Technische Daten<\/b><\/p>\n<p> Fahrzeug: BMW 3-serien 325 3 E93 Cabrio<br \/>\n Chassis Nr.: WBAWN31060PY98930<br \/>\n Baujahr: 2007<br \/>\n Kilometer: 145352 KM<br \/>\n Leistung: 218 KW<br \/>\n Hubraum: 2996 ccm<br \/>\n Typ: X<br \/>\n Farbcode: Schwarz<br \/>\n Hinweise: &#8211;<\/p>\n<p> Versand: Versand nur in der Schweiz m\u00f6glich.Im Ausland ist der Transport k\u00e4uferseits.<br \/>\n Garantie: 3 Monate Garantie. Bitte beachten Sie, dass die Gew\u00e4hrleistung nur g\u00fcltig ist, wenn der Ersatzteileinbau durch eine Fachwerkstatt\/Meisterwerkstatt erfolgt. Das Ein- und Ausbau des Ersatzteiles kann nicht an uns verrechnet werden. <\/p>\n<p> Ersatzteil: f\u00fcr andere Fahrzeugen (Marken) verf\u00fcgbar auf anfrage. Tel.041 980 27 47. Mobil. 076 589 27 47<\/p>\n<p> Kontakt<br \/>\n  Adresse: Autoverwertung Brun AG<br \/>\n           M\u00f6\u00f6slimatten 13<br \/>\n           6218 Ettiswil<br \/>\n  Telefon: 0041 (041) 980 27 47<br \/>\n  Telefax: 0041 (041) 980 03 47<\/p>\n<p> Wir bieten Ihnen weitere gebrauchte Autoteile zum Kauf an.<br \/>\n Tags: Airbag Armaturenbrett, Dashboard , Tableau de bord<br \/>\n<\/span><\/p>\n","protected":false},"excerpt":{"rendered":"<p>Technische Daten Fahrzeug: BMW 3-serien 325 3 E93 Cabrio Chassis Nr.: WBAWN31060PY98930 Baujahr: 2007 Kilometer: 145352 KM Leistung: 218 KW Hubraum: 2996 ccm Typ: X Farbcode: Schwarz Hinweise: &#8211; Versand: Versand nur in der Schweiz m\u00f6glich.Im Ausland ist der Transport k\u00e4uferseits. Garantie: 3 Monate Garantie. Bitte beachten Sie, dass die Gew\u00e4hrleistung nur g\u00fcltig ist, wenn&hellip; <a class=\"more-link\" href=\"https:\/\/occasions-teile.ch\/en\/produkt\/bmw-3-serien-325-airbag-armaturenbrett\/\">Continue reading <span class=\"screen-reader-text\">BMW 3-serien 325 Airbag Armaturenbrett<\/span><\/a><\/p>\n","protected":false},"featured_media":401826,"template":"","meta":[],"product_brand":[],"product_cat":[4905,4906,4904,806,805,1509,1512,1515,809,808,804,810,807,812,811,25001,25002,25003],"product_tag":[],"class_list":{"0":"post-401829","1":"product","2":"type-product","3":"status-publish","4":"has-post-thumbnail","6":"product_cat-en_slug_bmw_3-serien-325_543","7":"product_cat-fr_slug_bmw_3-serien-325_84","8":"product_cat-de_slug_bmw_3-serien-325_668","9":"product_cat-de-armaturenbrett","10":"product_cat-de-armaturenbrett-handschuhfach","11":"product_cat-de_bmw","12":"product_cat-en_bmw","13":"product_cat-fr_bmw","14":"product_cat-en-dashboard","15":"product_cat-en-dashboard-glove-compartment","16":"product_cat-de-innenraum","17":"product_cat-fr-interieur","18":"product_cat-en-interior","19":"product_cat-fr-tableau-de-bord","20":"product_cat-fr-tableau-de-bord-boite-a-gants","21":"product_cat-de-wbawn31060py98930-200000642","22":"product_cat-en-wbawn31060py98930-200000642","23":"product_cat-fr-wbawn31060py98930-200000642","24":"product_shipping_class-tarif-4","25":"entry","27":"first","28":"instock","29":"taxable","30":"shipping-taxable","31":"purchasable","32":"product-type-simple"},"jetpack_sharing_enabled":true,"_links":{"self":[{"href":"https:\/\/occasions-teile.ch\/en\/wp-json\/wp\/v2\/product\/401829","targetHints":{"allow":["GET"]}}],"collection":[{"href":"https:\/\/occasions-teile.ch\/en\/wp-json\/wp\/v2\/product"}],"about":[{"href":"https:\/\/occasions-teile.ch\/en\/wp-json\/wp\/v2\/types\/product"}],"wp:featuredmedia":[{"embeddable":true,"href":"https:\/\/occasions-teile.ch\/en\/wp-json\/wp\/v2\/media\/401826"}],"wp:attachment":[{"href":"https:\/\/occasions-teile.ch\/en\/wp-json\/wp\/v2\/media?parent=401829"}],"wp:term":[{"taxonomy":"product_brand","embeddable":true,"href":"https:\/\/occasions-teile.ch\/en\/wp-json\/wp\/v2\/product_brand?post=401829"},{"taxonomy":"product_cat","embeddable":true,"href":"https:\/\/occasions-teile.ch\/en\/wp-json\/wp\/v2\/product_cat?post=401829"},{"taxonomy":"product_tag","embeddable":true,"href":"https:\/\/occasions-teile.ch\/en\/wp-json\/wp\/v2\/product_tag?post=401829"}],"curies":[{"name":"wp","href":"https:\/\/api.w.org\/{rel}","templated":true}]}}