{"id":401485,"date":"2026-05-05T07:26:02","date_gmt":"2026-05-05T07:26:02","guid":{"rendered":"https:\/\/occasions-teile.ch\/product\/vw-polo-kotfluegel-vorn-2\/"},"modified":"2026-05-05T07:26:07","modified_gmt":"2026-05-05T07:26:07","slug":"vw-polo-kotfluegel-vorn-2","status":"publish","type":"product","link":"https:\/\/occasions-teile.ch\/en\/produkt\/vw-polo-kotfluegel-vorn-2\/","title":{"rendered":"VW Polo  Kotfl\u00fcgel vorn"},"content":{"rendered":"<p><span><b>Technische Daten<\/b><\/p>\n<p> Fahrzeug: VW Polo  6R<br \/>\n Chassis Nr.: WVWZZZ6RZBY204273<br \/>\n Baujahr: 2011<br \/>\n Kilometer: 246315 KM<br \/>\n Leistung: 60 KW<br \/>\n Hubraum: 1198 ccm<br \/>\n Typ: X<br \/>\n Farbcode: Schwarz<br \/>\n Hinweise: &#8211;<\/p>\n<p> Versand: Versand nur in der Schweiz m\u00f6glich.Im Ausland ist der Transport k\u00e4uferseits.<br \/>\n Garantie: 3 Monate Garantie. Bitte beachten Sie, dass die Gew\u00e4hrleistung nur g\u00fcltig ist, wenn der Ersatzteileinbau durch eine Fachwerkstatt\/Meisterwerkstatt erfolgt. Das Ein- und Ausbau des Ersatzteiles kann nicht an uns verrechnet werden. <\/p>\n<p> Ersatzteil: f\u00fcr andere Fahrzeugen (Marken) verf\u00fcgbar auf anfrage. Tel.041 980 27 47. Mobil. 076 589 27 47<\/p>\n<p> Kontakt<br \/>\n  Adresse: Autoverwertung Brun AG<br \/>\n           M\u00f6\u00f6slimatten 13<br \/>\n           6218 Ettiswil<br \/>\n  Telefon: 0041 (041) 980 27 47<br \/>\n  Telefax: 0041 (041) 980 03 47<\/p>\n<p> Wir bieten Ihnen weitere gebrauchte Autoteile zum Kauf an.<br \/>\n Tags: Kotfl\u00fcgel vorn, Mudguard fore, Ailes avant<br \/>\n<\/span><\/p>\n","protected":false},"excerpt":{"rendered":"<p>Technische Daten Fahrzeug: VW Polo 6R Chassis Nr.: WVWZZZ6RZBY204273 Baujahr: 2011 Kilometer: 246315 KM Leistung: 60 KW Hubraum: 1198 ccm Typ: X Farbcode: Schwarz Hinweise: &#8211; Versand: Versand nur in der Schweiz m\u00f6glich.Im Ausland ist der Transport k\u00e4uferseits. Garantie: 3 Monate Garantie. Bitte beachten Sie, dass die Gew\u00e4hrleistung nur g\u00fcltig ist, wenn der Ersatzteileinbau durch&hellip; <a class=\"more-link\" href=\"https:\/\/occasions-teile.ch\/en\/produkt\/vw-polo-kotfluegel-vorn-2\/\">Continue reading <span class=\"screen-reader-text\">VW Polo  Kotfl\u00fcgel vorn<\/span><\/a><\/p>\n","protected":false},"featured_media":401482,"template":"","meta":[],"product_brand":[],"product_cat":[982,983,515,518,980,512,978,979,981,1634,1636,1638,1280,1283,1286,25000,24998,24999],"product_tag":[],"class_list":{"0":"post-401485","1":"product","2":"type-product","3":"status-publish","4":"has-post-thumbnail","6":"product_cat-fr-aile","7":"product_cat-fr-ailes-avant","8":"product_cat-en-body-front","9":"product_cat-fr-carrosserie-front","10":"product_cat-en-fender","11":"product_cat-de-karosserie-front","12":"product_cat-de-kotfluegel","13":"product_cat-de-kotfluegel-vorn","14":"product_cat-en-mudguard-fore","15":"product_cat-de_polo","16":"product_cat-en_polo","17":"product_cat-fr_polo","18":"product_cat-de_volkswagen","19":"product_cat-en_volkswagen","20":"product_cat-fr_volkswagen","21":"product_cat-fr-wvwzzz6rzby204273-200000644","22":"product_cat-de-wvwzzz6rzby204273-200000644","23":"product_cat-en-wvwzzz6rzby204273-200000644","24":"product_shipping_class-tarif-2","25":"entry","27":"first","28":"instock","29":"taxable","30":"shipping-taxable","31":"purchasable","32":"product-type-simple"},"jetpack_sharing_enabled":true,"_links":{"self":[{"href":"https:\/\/occasions-teile.ch\/en\/wp-json\/wp\/v2\/product\/401485","targetHints":{"allow":["GET"]}}],"collection":[{"href":"https:\/\/occasions-teile.ch\/en\/wp-json\/wp\/v2\/product"}],"about":[{"href":"https:\/\/occasions-teile.ch\/en\/wp-json\/wp\/v2\/types\/product"}],"wp:featuredmedia":[{"embeddable":true,"href":"https:\/\/occasions-teile.ch\/en\/wp-json\/wp\/v2\/media\/401482"}],"wp:attachment":[{"href":"https:\/\/occasions-teile.ch\/en\/wp-json\/wp\/v2\/media?parent=401485"}],"wp:term":[{"taxonomy":"product_brand","embeddable":true,"href":"https:\/\/occasions-teile.ch\/en\/wp-json\/wp\/v2\/product_brand?post=401485"},{"taxonomy":"product_cat","embeddable":true,"href":"https:\/\/occasions-teile.ch\/en\/wp-json\/wp\/v2\/product_cat?post=401485"},{"taxonomy":"product_tag","embeddable":true,"href":"https:\/\/occasions-teile.ch\/en\/wp-json\/wp\/v2\/product_tag?post=401485"}],"curies":[{"name":"wp","href":"https:\/\/api.w.org\/{rel}","templated":true}]}}