{"id":401244,"date":"2026-05-04T11:45:24","date_gmt":"2026-05-04T11:45:24","guid":{"rendered":"https:\/\/occasions-teile.ch\/product\/mini-cooper-s-klimakompressor-4\/"},"modified":"2026-05-04T11:45:29","modified_gmt":"2026-05-04T11:45:29","slug":"mini-cooper-s-klimakompressor-4","status":"publish","type":"product","link":"https:\/\/occasions-teile.ch\/en\/produkt\/mini-cooper-s-klimakompressor-4\/","title":{"rendered":"Mini Cooper S  Klimakompressor"},"content":{"rendered":"<p><span><b>Technische Daten<\/b><\/p>\n<p> Fahrzeug: Mini Cooper S  ALL4<br \/>\n Chassis Nr.: WMWZC51030WK74376<br \/>\n Baujahr: 2012<br \/>\n Kilometer: 73750 KM<br \/>\n Leistung: 184 KW<br \/>\n Hubraum: 1598 ccm<br \/>\n Typ: 1MN585<br \/>\n Farbcode: silber<br \/>\n Hinweise: &#8211;<\/p>\n<p> Versand: Versand nur in der Schweiz m\u00f6glich.Im Ausland ist der Transport k\u00e4uferseits.<br \/>\n Garantie: 3 Monate Garantie. Bitte beachten Sie, dass die Gew\u00e4hrleistung nur g\u00fcltig ist, wenn der Ersatzteileinbau durch eine Fachwerkstatt\/Meisterwerkstatt erfolgt. Das Ein- und Ausbau des Ersatzteiles kann nicht an uns verrechnet werden. <\/p>\n<p> Ersatzteil: f\u00fcr andere Fahrzeugen (Marken) verf\u00fcgbar auf anfrage. Tel.041 980 27 47. Mobil. 076 589 27 47<\/p>\n<p> Kontakt<br \/>\n  Adresse: Autoverwertung Brun AG<br \/>\n           M\u00f6\u00f6slimatten 13<br \/>\n           6218 Ettiswil<br \/>\n  Telefon: 0041 (041) 980 27 47<br \/>\n  Telefax: 0041 (041) 980 03 47<\/p>\n<p> Wir bieten Ihnen weitere gebrauchte Autoteile zum Kauf an.<br \/>\n Tags: Klimakompressor , Compressor Air conditioning , Compresseur Climatisation<br \/>\n<\/span><\/p>\n","protected":false},"excerpt":{"rendered":"<p>Technische Daten Fahrzeug: Mini Cooper S ALL4 Chassis Nr.: WMWZC51030WK74376 Baujahr: 2012 Kilometer: 73750 KM Leistung: 184 KW Hubraum: 1598 ccm Typ: 1MN585 Farbcode: silber Hinweise: &#8211; Versand: Versand nur in der Schweiz m\u00f6glich.Im Ausland ist der Transport k\u00e4uferseits. Garantie: 3 Monate Garantie. Bitte beachten Sie, dass die Gew\u00e4hrleistung nur g\u00fcltig ist, wenn der Ersatzteileinbau&hellip; <a class=\"more-link\" href=\"https:\/\/occasions-teile.ch\/en\/produkt\/mini-cooper-s-klimakompressor-4\/\">Continue reading <span class=\"screen-reader-text\">Mini Cooper S  Klimakompressor<\/span><\/a><\/p>\n","protected":false},"featured_media":401241,"template":"","meta":[],"product_brand":[],"product_cat":[717,719,718,716,715,5432,5433,5434,714,711,713,712,2220,2223,2226,24997,24995,24996],"product_tag":[],"class_list":{"0":"post-401244","1":"product","2":"type-product","3":"status-publish","4":"has-post-thumbnail","6":"product_cat-fr-chauffage-climatisation","7":"product_cat-fr-compresseur-climatisation","8":"product_cat-fr-compresseurclimatisation","9":"product_cat-en-compressor-air-conditioning","10":"product_cat-en-compressorair-conditioning","11":"product_cat-de_slug_mini_cooper-s_434","12":"product_cat-en_slug_mini_cooper-s_839","13":"product_cat-fr_slug_mini_cooper-s_478","14":"product_cat-en-heating-air-conditioning","15":"product_cat-de-heizung-klima","16":"product_cat-de-kompressor-klima","17":"product_cat-de-kompressorklima","18":"product_cat-de_mini","19":"product_cat-en_mini","20":"product_cat-fr_mini","21":"product_cat-fr-wmwzc51030wk74376-200000639","22":"product_cat-de-wmwzc51030wk74376-200000639","23":"product_cat-en-wmwzc51030wk74376-200000639","24":"product_shipping_class-tarif-1","25":"entry","27":"first","28":"instock","29":"taxable","30":"shipping-taxable","31":"purchasable","32":"product-type-simple"},"jetpack_sharing_enabled":true,"_links":{"self":[{"href":"https:\/\/occasions-teile.ch\/en\/wp-json\/wp\/v2\/product\/401244","targetHints":{"allow":["GET"]}}],"collection":[{"href":"https:\/\/occasions-teile.ch\/en\/wp-json\/wp\/v2\/product"}],"about":[{"href":"https:\/\/occasions-teile.ch\/en\/wp-json\/wp\/v2\/types\/product"}],"wp:featuredmedia":[{"embeddable":true,"href":"https:\/\/occasions-teile.ch\/en\/wp-json\/wp\/v2\/media\/401241"}],"wp:attachment":[{"href":"https:\/\/occasions-teile.ch\/en\/wp-json\/wp\/v2\/media?parent=401244"}],"wp:term":[{"taxonomy":"product_brand","embeddable":true,"href":"https:\/\/occasions-teile.ch\/en\/wp-json\/wp\/v2\/product_brand?post=401244"},{"taxonomy":"product_cat","embeddable":true,"href":"https:\/\/occasions-teile.ch\/en\/wp-json\/wp\/v2\/product_cat?post=401244"},{"taxonomy":"product_tag","embeddable":true,"href":"https:\/\/occasions-teile.ch\/en\/wp-json\/wp\/v2\/product_tag?post=401244"}],"curies":[{"name":"wp","href":"https:\/\/api.w.org\/{rel}","templated":true}]}}