{"id":401220,"date":"2026-05-04T10:38:43","date_gmt":"2026-05-04T10:38:43","guid":{"rendered":"https:\/\/occasions-teile.ch\/product\/mini-cooper-s-sicherheitsgurte-vorne-4\/"},"modified":"2026-05-04T10:38:48","modified_gmt":"2026-05-04T10:38:48","slug":"mini-cooper-s-sicherheitsgurte-vorne-4","status":"publish","type":"product","link":"https:\/\/occasions-teile.ch\/en\/produkt\/mini-cooper-s-sicherheitsgurte-vorne-4\/","title":{"rendered":"Mini Cooper S  Sicherheitsgurte vorne"},"content":{"rendered":"<p><span><b>Technische Daten<\/b><\/p>\n<p> Fahrzeug: Mini Cooper S  ALL4<br \/>\n Chassis Nr.: WMWZC51030WK74376<br \/>\n Baujahr: 2012<br \/>\n Kilometer: 73750 KM<br \/>\n Leistung: 184 KW<br \/>\n Hubraum: 1598 ccm<br \/>\n Typ: 1MN585<br \/>\n Farbcode: silber<br \/>\n Hinweise: &#8211;<\/p>\n<p> Versand: Versand nur in der Schweiz m\u00f6glich.Im Ausland ist der Transport k\u00e4uferseits.<br \/>\n Garantie: 3 Monate Garantie. Bitte beachten Sie, dass die Gew\u00e4hrleistung nur g\u00fcltig ist, wenn der Ersatzteileinbau durch eine Fachwerkstatt\/Meisterwerkstatt erfolgt. Das Ein- und Ausbau des Ersatzteiles kann nicht an uns verrechnet werden. <\/p>\n<p> Ersatzteil: f\u00fcr andere Fahrzeugen (Marken) verf\u00fcgbar auf anfrage. Tel.041 980 27 47. Mobil. 076 589 27 47<\/p>\n<p> Kontakt<br \/>\n  Adresse: Autoverwertung Brun AG<br \/>\n           M\u00f6\u00f6slimatten 13<br \/>\n           6218 Ettiswil<br \/>\n  Telefon: 0041 (041) 980 27 47<br \/>\n  Telefax: 0041 (041) 980 03 47<\/p>\n<p> Wir bieten Ihnen weitere gebrauchte Autoteile zum Kauf an.<br \/>\n Tags: Sicherheitsgurte vorne, Seat belts front , Ceintures de se\u00b4curite\u00b4 a` l&#8217;avant<br \/>\n<\/span><\/p>\n","protected":false},"excerpt":{"rendered":"<p>Technische Daten Fahrzeug: Mini Cooper S ALL4 Chassis Nr.: WMWZC51030WK74376 Baujahr: 2012 Kilometer: 73750 KM Leistung: 184 KW Hubraum: 1598 ccm Typ: 1MN585 Farbcode: silber Hinweise: &#8211; Versand: Versand nur in der Schweiz m\u00f6glich.Im Ausland ist der Transport k\u00e4uferseits. Garantie: 3 Monate Garantie. Bitte beachten Sie, dass die Gew\u00e4hrleistung nur g\u00fcltig ist, wenn der Ersatzteileinbau&hellip; <a class=\"more-link\" href=\"https:\/\/occasions-teile.ch\/en\/produkt\/mini-cooper-s-sicherheitsgurte-vorne-4\/\">Continue reading <span class=\"screen-reader-text\">Mini Cooper S  Sicherheitsgurte vorne<\/span><\/a><\/p>\n","protected":false},"featured_media":401217,"template":"","meta":[],"product_brand":[],"product_cat":[1829,1832,1831,5434,5432,5433,1827,804,810,807,2220,2223,2226,1830,1828,24995,24996,24997],"product_tag":[],"class_list":{"0":"post-401220","1":"product","2":"type-product","3":"status-publish","4":"has-post-thumbnail","6":"product_cat-en-beltsbelt-buckles","7":"product_cat-fr-ceintures-de-securite-a-lavant","8":"product_cat-fr-ceintures-et-boucles-de-ceinture","9":"product_cat-fr_slug_mini_cooper-s_478","10":"product_cat-de_slug_mini_cooper-s_434","11":"product_cat-en_slug_mini_cooper-s_839","12":"product_cat-de-gurtegurtschloesser","13":"product_cat-de-innenraum","14":"product_cat-fr-interieur","15":"product_cat-en-interior","16":"product_cat-de_mini","17":"product_cat-en_mini","18":"product_cat-fr_mini","19":"product_cat-en-seat-belts-front","20":"product_cat-de-sicherheitsgurte-vorne","21":"product_cat-de-wmwzc51030wk74376-200000639","22":"product_cat-en-wmwzc51030wk74376-200000639","23":"product_cat-fr-wmwzc51030wk74376-200000639","24":"product_shipping_class-tarif-1","25":"entry","27":"first","28":"instock","29":"taxable","30":"shipping-taxable","31":"purchasable","32":"product-type-simple"},"jetpack_sharing_enabled":true,"_links":{"self":[{"href":"https:\/\/occasions-teile.ch\/en\/wp-json\/wp\/v2\/product\/401220","targetHints":{"allow":["GET"]}}],"collection":[{"href":"https:\/\/occasions-teile.ch\/en\/wp-json\/wp\/v2\/product"}],"about":[{"href":"https:\/\/occasions-teile.ch\/en\/wp-json\/wp\/v2\/types\/product"}],"wp:featuredmedia":[{"embeddable":true,"href":"https:\/\/occasions-teile.ch\/en\/wp-json\/wp\/v2\/media\/401217"}],"wp:attachment":[{"href":"https:\/\/occasions-teile.ch\/en\/wp-json\/wp\/v2\/media?parent=401220"}],"wp:term":[{"taxonomy":"product_brand","embeddable":true,"href":"https:\/\/occasions-teile.ch\/en\/wp-json\/wp\/v2\/product_brand?post=401220"},{"taxonomy":"product_cat","embeddable":true,"href":"https:\/\/occasions-teile.ch\/en\/wp-json\/wp\/v2\/product_cat?post=401220"},{"taxonomy":"product_tag","embeddable":true,"href":"https:\/\/occasions-teile.ch\/en\/wp-json\/wp\/v2\/product_tag?post=401220"}],"curies":[{"name":"wp","href":"https:\/\/api.w.org\/{rel}","templated":true}]}}