{"id":400186,"date":"2026-04-22T12:58:55","date_gmt":"2026-04-22T12:58:55","guid":{"rendered":"https:\/\/occasions-teile.ch\/product\/vw-scirocco-wischermotor-vorne\/"},"modified":"2026-04-22T12:59:00","modified_gmt":"2026-04-22T12:59:00","slug":"vw-scirocco-wischermotor-vorne","status":"publish","type":"product","link":"https:\/\/occasions-teile.ch\/en\/produkt\/vw-scirocco-wischermotor-vorne\/","title":{"rendered":"VW Scirocco  Wischermotor vorne"},"content":{"rendered":"<p><span><b>Technische Daten<\/b><\/p>\n<p> Fahrzeug: VW Scirocco  2.0 TSI<br \/>\n Chassis Nr.: WVWZZZ13Z9V005955<br \/>\n Baujahr: 2009<br \/>\n Kilometer: 153311 KM<br \/>\n Leistung: 200 KW<br \/>\n Hubraum: 2000 ccm<br \/>\n Typ: 1VD543<br \/>\n Farbcode: Schwarz<br \/>\n Hinweise: &#8211;<\/p>\n<p> Versand: Versand nur in der Schweiz m\u00f6glich.Im Ausland ist der Transport k\u00e4uferseits.<br \/>\n Garantie: 3 Monate Garantie. Bitte beachten Sie, dass die Gew\u00e4hrleistung nur g\u00fcltig ist, wenn der Ersatzteileinbau durch eine Fachwerkstatt\/Meisterwerkstatt erfolgt. Das Ein- und Ausbau des Ersatzteiles kann nicht an uns verrechnet werden. <\/p>\n<p> Ersatzteil: f\u00fcr andere Fahrzeugen (Marken) verf\u00fcgbar auf anfrage. Tel.041 980 27 47. Mobil. 076 589 27 47<\/p>\n<p> Kontakt<br \/>\n  Adresse: Autoverwertung Brun AG<br \/>\n           M\u00f6\u00f6slimatten 13<br \/>\n           6218 Ettiswil<br \/>\n  Telefon: 0041 (041) 980 27 47<br \/>\n  Telefax: 0041 (041) 980 03 47<\/p>\n<p> Wir bieten Ihnen weitere gebrauchte Autoteile zum Kauf an.<br \/>\n Tags: Wischermotor vorne, Wiper motor front, Moteur d&#8217;essuie-glace avant<br \/>\n<\/span><\/p>\n","protected":false},"excerpt":{"rendered":"<p>Technische Daten Fahrzeug: VW Scirocco 2.0 TSI Chassis Nr.: WVWZZZ13Z9V005955 Baujahr: 2009 Kilometer: 153311 KM Leistung: 200 KW Hubraum: 2000 ccm Typ: 1VD543 Farbcode: Schwarz Hinweise: &#8211; Versand: Versand nur in der Schweiz m\u00f6glich.Im Ausland ist der Transport k\u00e4uferseits. Garantie: 3 Monate Garantie. Bitte beachten Sie, dass die Gew\u00e4hrleistung nur g\u00fcltig ist, wenn der Ersatzteileinbau&hellip; <a class=\"more-link\" href=\"https:\/\/occasions-teile.ch\/en\/produkt\/vw-scirocco-wischermotor-vorne\/\">Continue reading <span class=\"screen-reader-text\">VW Scirocco  Wischermotor vorne<\/span><\/a><\/p>\n","protected":false},"featured_media":400183,"template":"","meta":[],"product_brand":[],"product_cat":[676,677,675,669,5108,5109,5110,1286,1280,1283,672,673,674,671,670,24980,24981,24979],"product_tag":[],"class_list":{"0":"post-400186","1":"product","2":"type-product","3":"status-publish","4":"has-post-thumbnail","6":"product_cat-fr-moteur-dessuie-glace-avant","7":"product_cat-fr-moteur-dessuie-glace-avant-fr-moteur-dessuie-glace-avant","8":"product_cat-fr-nettoyage-des-vitres","9":"product_cat-de-scheibenreinigung","10":"product_cat-de_slug_vw_scirocco_754","11":"product_cat-en_slug_vw_scirocco_556","12":"product_cat-fr_slug_vw_scirocco_184","13":"product_cat-fr_volkswagen","14":"product_cat-de_volkswagen","15":"product_cat-en_volkswagen","16":"product_cat-en-window-cleaning","17":"product_cat-en-wiper-motor-front","18":"product_cat-en-wiper-motor-front-en-wiper-motor-front","19":"product_cat-de-wischermotorvorn-de-wischermotorvorn","20":"product_cat-de-wischermotorvorn","21":"product_cat-en-wvwzzz13z9v005955-200000610","22":"product_cat-fr-wvwzzz13z9v005955-200000610","23":"product_cat-de-wvwzzz13z9v005955-200000610","24":"product_shipping_class-tarif-1","25":"entry","27":"first","28":"instock","29":"taxable","30":"shipping-taxable","31":"purchasable","32":"product-type-simple"},"jetpack_sharing_enabled":true,"_links":{"self":[{"href":"https:\/\/occasions-teile.ch\/en\/wp-json\/wp\/v2\/product\/400186","targetHints":{"allow":["GET"]}}],"collection":[{"href":"https:\/\/occasions-teile.ch\/en\/wp-json\/wp\/v2\/product"}],"about":[{"href":"https:\/\/occasions-teile.ch\/en\/wp-json\/wp\/v2\/types\/product"}],"wp:featuredmedia":[{"embeddable":true,"href":"https:\/\/occasions-teile.ch\/en\/wp-json\/wp\/v2\/media\/400183"}],"wp:attachment":[{"href":"https:\/\/occasions-teile.ch\/en\/wp-json\/wp\/v2\/media?parent=400186"}],"wp:term":[{"taxonomy":"product_brand","embeddable":true,"href":"https:\/\/occasions-teile.ch\/en\/wp-json\/wp\/v2\/product_brand?post=400186"},{"taxonomy":"product_cat","embeddable":true,"href":"https:\/\/occasions-teile.ch\/en\/wp-json\/wp\/v2\/product_cat?post=400186"},{"taxonomy":"product_tag","embeddable":true,"href":"https:\/\/occasions-teile.ch\/en\/wp-json\/wp\/v2\/product_tag?post=400186"}],"curies":[{"name":"wp","href":"https:\/\/api.w.org\/{rel}","templated":true}]}}