{"id":400141,"date":"2026-04-22T09:46:12","date_gmt":"2026-04-22T09:46:12","guid":{"rendered":"https:\/\/occasions-teile.ch\/product\/vw-scirocco-lenkwinkelsensor-schleifring\/"},"modified":"2026-04-22T09:46:18","modified_gmt":"2026-04-22T09:46:18","slug":"vw-scirocco-lenkwinkelsensor-schleifring","status":"publish","type":"product","link":"https:\/\/occasions-teile.ch\/en\/produkt\/vw-scirocco-lenkwinkelsensor-schleifring\/","title":{"rendered":"VW Scirocco  Lenkwinkelsensor Schleifring"},"content":{"rendered":"<p><span><b>Technische Daten<\/b><\/p>\n<p> Fahrzeug: VW Scirocco  2.0 TSI<br \/>\n Chassis Nr.: WVWZZZ13Z9V005955<br \/>\n Baujahr: 2009<br \/>\n Kilometer: 153311 KM<br \/>\n Leistung: 200 KW<br \/>\n Hubraum: 2000 ccm<br \/>\n Typ: 1VD543<br \/>\n Farbcode: Schwarz<br \/>\n Hinweise: &#8211;<\/p>\n<p> Versand: Versand nur in der Schweiz m\u00f6glich.Im Ausland ist der Transport k\u00e4uferseits.<br \/>\n Garantie: 3 Monate Garantie. Bitte beachten Sie, dass die Gew\u00e4hrleistung nur g\u00fcltig ist, wenn der Ersatzteileinbau durch eine Fachwerkstatt\/Meisterwerkstatt erfolgt. Das Ein- und Ausbau des Ersatzteiles kann nicht an uns verrechnet werden. <\/p>\n<p> Ersatzteil: f\u00fcr andere Fahrzeugen (Marken) verf\u00fcgbar auf anfrage. Tel.041 980 27 47. Mobil. 076 589 27 47<\/p>\n<p> Kontakt<br \/>\n  Adresse: Autoverwertung Brun AG<br \/>\n           M\u00f6\u00f6slimatten 13<br \/>\n           6218 Ettiswil<br \/>\n  Telefon: 0041 (041) 980 27 47<br \/>\n  Telefax: 0041 (041) 980 03 47<\/p>\n<p> Wir bieten Ihnen weitere gebrauchte Autoteile zum Kauf an.<br \/>\n Tags: Lenkwinkelsensor Schleifring, Steering angle sensor slip ring, Bague collectrice du capteur d&#8217;angle de braquage<br \/>\n<\/span><\/p>\n","protected":false},"excerpt":{"rendered":"<p>Technische Daten Fahrzeug: VW Scirocco 2.0 TSI Chassis Nr.: WVWZZZ13Z9V005955 Baujahr: 2009 Kilometer: 153311 KM Leistung: 200 KW Hubraum: 2000 ccm Typ: 1VD543 Farbcode: Schwarz Hinweise: &#8211; Versand: Versand nur in der Schweiz m\u00f6glich.Im Ausland ist der Transport k\u00e4uferseits. Garantie: 3 Monate Garantie. Bitte beachten Sie, dass die Gew\u00e4hrleistung nur g\u00fcltig ist, wenn der Ersatzteileinbau&hellip; <a class=\"more-link\" href=\"https:\/\/occasions-teile.ch\/en\/produkt\/vw-scirocco-lenkwinkelsensor-schleifring\/\">Continue reading <span class=\"screen-reader-text\">VW Scirocco  Lenkwinkelsensor Schleifring<\/span><\/a><\/p>\n","protected":false},"featured_media":400138,"template":"","meta":[],"product_brand":[],"product_cat":[1143,1144,544,541,5110,5108,5109,1140,1139,1142,1141,547,1283,1286,1280,24979,24980,24981],"product_tag":[],"class_list":{"0":"post-400141","1":"product","2":"type-product","3":"status-publish","4":"has-post-thumbnail","6":"product_cat-fr-capteursbague-collectrice","7":"product_cat-fr-capteursbague-collectrice-fr-capteursbague-collectrice","8":"product_cat-en-chassis-steering","9":"product_cat-de-fahrwerk-lenkung","10":"product_cat-fr_slug_vw_scirocco_184","11":"product_cat-de_slug_vw_scirocco_754","12":"product_cat-en_slug_vw_scirocco_556","13":"product_cat-de-sensoren-schleifring","14":"product_cat-de-sensorenschleifring","15":"product_cat-en-sensors-slip-ring","16":"product_cat-en-sensorsslip-ring","17":"product_cat-fr-train-de-roulement-direction","18":"product_cat-en_volkswagen","19":"product_cat-fr_volkswagen","20":"product_cat-de_volkswagen","21":"product_cat-de-wvwzzz13z9v005955-200000610","22":"product_cat-en-wvwzzz13z9v005955-200000610","23":"product_cat-fr-wvwzzz13z9v005955-200000610","24":"product_shipping_class-tarif-1","25":"entry","27":"first","28":"instock","29":"taxable","30":"shipping-taxable","31":"purchasable","32":"product-type-simple"},"jetpack_sharing_enabled":true,"_links":{"self":[{"href":"https:\/\/occasions-teile.ch\/en\/wp-json\/wp\/v2\/product\/400141","targetHints":{"allow":["GET"]}}],"collection":[{"href":"https:\/\/occasions-teile.ch\/en\/wp-json\/wp\/v2\/product"}],"about":[{"href":"https:\/\/occasions-teile.ch\/en\/wp-json\/wp\/v2\/types\/product"}],"wp:featuredmedia":[{"embeddable":true,"href":"https:\/\/occasions-teile.ch\/en\/wp-json\/wp\/v2\/media\/400138"}],"wp:attachment":[{"href":"https:\/\/occasions-teile.ch\/en\/wp-json\/wp\/v2\/media?parent=400141"}],"wp:term":[{"taxonomy":"product_brand","embeddable":true,"href":"https:\/\/occasions-teile.ch\/en\/wp-json\/wp\/v2\/product_brand?post=400141"},{"taxonomy":"product_cat","embeddable":true,"href":"https:\/\/occasions-teile.ch\/en\/wp-json\/wp\/v2\/product_cat?post=400141"},{"taxonomy":"product_tag","embeddable":true,"href":"https:\/\/occasions-teile.ch\/en\/wp-json\/wp\/v2\/product_tag?post=400141"}],"curies":[{"name":"wp","href":"https:\/\/api.w.org\/{rel}","templated":true}]}}