{"id":400129,"date":"2026-04-22T09:32:43","date_gmt":"2026-04-22T09:32:43","guid":{"rendered":"https:\/\/occasions-teile.ch\/product\/vw-scirocco-spiegel-aussenspiegel-vorne\/"},"modified":"2026-04-22T09:32:50","modified_gmt":"2026-04-22T09:32:50","slug":"vw-scirocco-spiegel-aussenspiegel-vorne","status":"publish","type":"product","link":"https:\/\/occasions-teile.ch\/en\/produkt\/vw-scirocco-spiegel-aussenspiegel-vorne\/","title":{"rendered":"VW Scirocco  Spiegel Au\u00dfenspiegel vorne"},"content":{"rendered":"<p><span><b>Technische Daten<\/b><\/p>\n<p> Fahrzeug: VW Scirocco  2.0 TSI<br \/>\n Chassis Nr.: WVWZZZ13Z9V005955<br \/>\n Baujahr: 2009<br \/>\n Kilometer: 153311 KM<br \/>\n Leistung: 200 KW<br \/>\n Hubraum: 2000 ccm<br \/>\n Typ: 1VD543<br \/>\n Farbcode: Schwarz<br \/>\n Hinweise: Blinkerglass besch\u00e4digt<\/p>\n<p> Versand: Versand nur in der Schweiz m\u00f6glich.Im Ausland ist der Transport k\u00e4uferseits.<br \/>\n Garantie: 3 Monate Garantie. Bitte beachten Sie, dass die Gew\u00e4hrleistung nur g\u00fcltig ist, wenn der Ersatzteileinbau durch eine Fachwerkstatt\/Meisterwerkstatt erfolgt. Das Ein- und Ausbau des Ersatzteiles kann nicht an uns verrechnet werden. <\/p>\n<p> Ersatzteil: f\u00fcr andere Fahrzeugen (Marken) verf\u00fcgbar auf anfrage. Tel.041 980 27 47. Mobil. 076 589 27 47<\/p>\n<p> Kontakt<br \/>\n  Adresse: Autoverwertung Brun AG<br \/>\n           M\u00f6\u00f6slimatten 13<br \/>\n           6218 Ettiswil<br \/>\n  Telefon: 0041 (041) 980 27 47<br \/>\n  Telefax: 0041 (041) 980 03 47<\/p>\n<p> Wir bieten Ihnen weitere gebrauchte Autoteile zum Kauf an.<br \/>\n Tags: Spiegel Au\u00dfenspiegel vorne, Exterior mirrors complete , Re\u00b4troviseur exte\u00b4rieur complet<br \/>\n<\/span><\/p>\n","protected":false},"excerpt":{"rendered":"<p>Technische Daten Fahrzeug: VW Scirocco 2.0 TSI Chassis Nr.: WVWZZZ13Z9V005955 Baujahr: 2009 Kilometer: 153311 KM Leistung: 200 KW Hubraum: 2000 ccm Typ: 1VD543 Farbcode: Schwarz Hinweise: Blinkerglass besch\u00e4digt Versand: Versand nur in der Schweiz m\u00f6glich.Im Ausland ist der Transport k\u00e4uferseits. Garantie: 3 Monate Garantie. Bitte beachten Sie, dass die Gew\u00e4hrleistung nur g\u00fcltig ist, wenn der&hellip; <a class=\"more-link\" href=\"https:\/\/occasions-teile.ch\/en\/produkt\/vw-scirocco-spiegel-aussenspiegel-vorne\/\">Continue reading <span class=\"screen-reader-text\">VW Scirocco  Spiegel Au\u00dfenspiegel vorne<\/span><\/a><\/p>\n","protected":false},"featured_media":400126,"template":"","meta":[],"product_brand":[],"product_cat":[768,488,491,770,771,485,772,773,5109,5110,5108,769,1280,1283,1286,24979,24980,24981],"product_tag":[],"class_list":{"0":"post-400129","1":"product","2":"type-product","3":"status-publish","4":"has-post-thumbnail","6":"product_cat-de-aussenspiegel","7":"product_cat-en-body-center","8":"product_cat-fr-centre-de-la-carrosserie","9":"product_cat-en-exterior-mirror","10":"product_cat-en-exterior-mirrors-complete","11":"product_cat-de-karosserie-mitte","12":"product_cat-fr-retroviseur-exterieur","13":"product_cat-fr-retroviseur-exterieur-complet","14":"product_cat-en_slug_vw_scirocco_556","15":"product_cat-fr_slug_vw_scirocco_184","16":"product_cat-de_slug_vw_scirocco_754","17":"product_cat-de-spiegel-aussenspiegel-vorne","18":"product_cat-de_volkswagen","19":"product_cat-en_volkswagen","20":"product_cat-fr_volkswagen","21":"product_cat-de-wvwzzz13z9v005955-200000610","22":"product_cat-en-wvwzzz13z9v005955-200000610","23":"product_cat-fr-wvwzzz13z9v005955-200000610","24":"product_shipping_class-tarif-1","25":"entry","27":"first","28":"instock","29":"taxable","30":"shipping-taxable","31":"purchasable","32":"product-type-simple"},"jetpack_sharing_enabled":true,"_links":{"self":[{"href":"https:\/\/occasions-teile.ch\/en\/wp-json\/wp\/v2\/product\/400129","targetHints":{"allow":["GET"]}}],"collection":[{"href":"https:\/\/occasions-teile.ch\/en\/wp-json\/wp\/v2\/product"}],"about":[{"href":"https:\/\/occasions-teile.ch\/en\/wp-json\/wp\/v2\/types\/product"}],"wp:featuredmedia":[{"embeddable":true,"href":"https:\/\/occasions-teile.ch\/en\/wp-json\/wp\/v2\/media\/400126"}],"wp:attachment":[{"href":"https:\/\/occasions-teile.ch\/en\/wp-json\/wp\/v2\/media?parent=400129"}],"wp:term":[{"taxonomy":"product_brand","embeddable":true,"href":"https:\/\/occasions-teile.ch\/en\/wp-json\/wp\/v2\/product_brand?post=400129"},{"taxonomy":"product_cat","embeddable":true,"href":"https:\/\/occasions-teile.ch\/en\/wp-json\/wp\/v2\/product_cat?post=400129"},{"taxonomy":"product_tag","embeddable":true,"href":"https:\/\/occasions-teile.ch\/en\/wp-json\/wp\/v2\/product_tag?post=400129"}],"curies":[{"name":"wp","href":"https:\/\/api.w.org\/{rel}","templated":true}]}}