{"id":400006,"date":"2026-04-21T11:56:45","date_gmt":"2026-04-21T11:56:45","guid":{"rendered":"https:\/\/occasions-teile.ch\/product\/opel-astra-abs-bremsaggregat\/"},"modified":"2026-04-21T11:56:51","modified_gmt":"2026-04-21T11:56:51","slug":"opel-astra-abs-bremsaggregat","status":"publish","type":"product","link":"https:\/\/occasions-teile.ch\/en\/produkt\/opel-astra-abs-bremsaggregat\/","title":{"rendered":"Opel Astra  ABS Bremsaggregat"},"content":{"rendered":"<p><span><b>Technische Daten<\/b><\/p>\n<p> Fahrzeug: Opel Astra  1.6TD K SportsTourer<br \/>\n Chassis Nr.: W0LBF8EG8H8028149<br \/>\n Baujahr: 2016<br \/>\n Kilometer: 32405 KM<br \/>\n Leistung: 136 KW<br \/>\n Hubraum: 1600 ccm<br \/>\n Typ: X<br \/>\n Farbcode: dunkelgrau<br \/>\n Hinweise: &#8211;<\/p>\n<p> Versand: Versand nur in der Schweiz m\u00f6glich.Im Ausland ist der Transport k\u00e4uferseits.<br \/>\n Garantie: 3 Monate Garantie. Bitte beachten Sie, dass die Gew\u00e4hrleistung nur g\u00fcltig ist, wenn der Ersatzteileinbau durch eine Fachwerkstatt\/Meisterwerkstatt erfolgt. Das Ein- und Ausbau des Ersatzteiles kann nicht an uns verrechnet werden. <\/p>\n<p> Ersatzteil: f\u00fcr andere Fahrzeugen (Marken) verf\u00fcgbar auf anfrage. Tel.041 980 27 47. Mobil. 076 589 27 47<\/p>\n<p> Kontakt<br \/>\n  Adresse: Autoverwertung Brun AG<br \/>\n           M\u00f6\u00f6slimatten 13<br \/>\n           6218 Ettiswil<br \/>\n  Telefon: 0041 (041) 980 27 47<br \/>\n  Telefax: 0041 (041) 980 03 47<\/p>\n<p> Wir bieten Ihnen weitere gebrauchte Autoteile zum Kauf an.<br \/>\n Tags: ABS Bremsaggregat, ABS brake unit, Groupe de freinage ABS<br \/>\n<\/span><\/p>\n","protected":false},"excerpt":{"rendered":"<p>Technische Daten Fahrzeug: Opel Astra 1.6TD K SportsTourer Chassis Nr.: W0LBF8EG8H8028149 Baujahr: 2016 Kilometer: 32405 KM Leistung: 136 KW Hubraum: 1600 ccm Typ: X Farbcode: dunkelgrau Hinweise: &#8211; Versand: Versand nur in der Schweiz m\u00f6glich.Im Ausland ist der Transport k\u00e4uferseits. Garantie: 3 Monate Garantie. Bitte beachten Sie, dass die Gew\u00e4hrleistung nur g\u00fcltig ist, wenn der&hellip; <a class=\"more-link\" href=\"https:\/\/occasions-teile.ch\/en\/produkt\/opel-astra-abs-bremsaggregat\/\">Continue reading <span class=\"screen-reader-text\">Opel Astra  ABS Bremsaggregat<\/span><\/a><\/p>\n","protected":false},"featured_media":400003,"template":"","meta":[],"product_brand":[],"product_cat":[534,535,531,532,3548,3549,3550,533,530,536,537,538,613,616,619,24977,24978,24976],"product_tag":[],"class_list":{"0":"post-400006","1":"product","2":"type-product","3":"status-publish","4":"has-post-thumbnail","6":"product_cat-en-abs-brake-unit","7":"product_cat-en-abs-brake-unit-en-abs-brake-unit","8":"product_cat-de-absbremsaggregat","9":"product_cat-de-absbremsaggregat-de-absbremsaggregat","10":"product_cat-de_slug_opel_astra_306","11":"product_cat-en_slug_opel_astra_688","12":"product_cat-fr_slug_opel_astra_104","13":"product_cat-en-brake-brake-system","14":"product_cat-de-bremse-bremsanlage","15":"product_cat-fr-frein-systeme-de-freinage","16":"product_cat-fr-groupe-de-freinage-abs","17":"product_cat-fr-groupe-de-freinage-abs-fr-groupe-de-freinage-abs","18":"product_cat-de_opel","19":"product_cat-en_opel","20":"product_cat-fr_opel","21":"product_cat-en-w0lbf8eg8h8028149-200000609","22":"product_cat-fr-w0lbf8eg8h8028149-200000609","23":"product_cat-de-w0lbf8eg8h8028149-200000609","24":"product_shipping_class-tarif-1","25":"entry","27":"first","28":"instock","29":"taxable","30":"shipping-taxable","31":"purchasable","32":"product-type-simple"},"jetpack_sharing_enabled":true,"_links":{"self":[{"href":"https:\/\/occasions-teile.ch\/en\/wp-json\/wp\/v2\/product\/400006","targetHints":{"allow":["GET"]}}],"collection":[{"href":"https:\/\/occasions-teile.ch\/en\/wp-json\/wp\/v2\/product"}],"about":[{"href":"https:\/\/occasions-teile.ch\/en\/wp-json\/wp\/v2\/types\/product"}],"wp:featuredmedia":[{"embeddable":true,"href":"https:\/\/occasions-teile.ch\/en\/wp-json\/wp\/v2\/media\/400003"}],"wp:attachment":[{"href":"https:\/\/occasions-teile.ch\/en\/wp-json\/wp\/v2\/media?parent=400006"}],"wp:term":[{"taxonomy":"product_brand","embeddable":true,"href":"https:\/\/occasions-teile.ch\/en\/wp-json\/wp\/v2\/product_brand?post=400006"},{"taxonomy":"product_cat","embeddable":true,"href":"https:\/\/occasions-teile.ch\/en\/wp-json\/wp\/v2\/product_cat?post=400006"},{"taxonomy":"product_tag","embeddable":true,"href":"https:\/\/occasions-teile.ch\/en\/wp-json\/wp\/v2\/product_tag?post=400006"}],"curies":[{"name":"wp","href":"https:\/\/api.w.org\/{rel}","templated":true}]}}