{"id":399344,"date":"2026-04-16T13:02:28","date_gmt":"2026-04-16T13:02:28","guid":{"rendered":"https:\/\/occasions-teile.ch\/product\/honda-cr-v-kombiinstrument-tacho\/"},"modified":"2026-04-16T13:02:34","modified_gmt":"2026-04-16T13:02:34","slug":"honda-cr-v-kombiinstrument-tacho","status":"publish","type":"product","link":"https:\/\/occasions-teile.ch\/en\/produkt\/honda-cr-v-kombiinstrument-tacho\/","title":{"rendered":"Honda CR-V  Kombiinstrument Tacho"},"content":{"rendered":"<p><span><b>Technische Daten<\/b><\/p>\n<p> Fahrzeug: Honda CR-V  2.0i-MMD HYBRID<br \/>\n Chassis Nr.: LVHRS8863R7000970<br \/>\n Baujahr: 2023<br \/>\n Kilometer: 26668 KM<br \/>\n Leistung: 184 KW<br \/>\n Hubraum: 1998 ccm<br \/>\n Typ: 1HA627<br \/>\n Farbcode: White\/Weiss<br \/>\n Hinweise: &#8211;<\/p>\n<p> Versand: Versand nur in der Schweiz m\u00f6glich.Im Ausland ist der Transport k\u00e4uferseits.<br \/>\n Garantie: 3 Monate Garantie. Bitte beachten Sie, dass die Gew\u00e4hrleistung nur g\u00fcltig ist, wenn der Ersatzteileinbau durch eine Fachwerkstatt\/Meisterwerkstatt erfolgt. Das Ein- und Ausbau des Ersatzteiles kann nicht an uns verrechnet werden. <\/p>\n<p> Ersatzteil: f\u00fcr andere Fahrzeugen (Marken) verf\u00fcgbar auf anfrage. Tel.041 980 27 47. Mobil. 076 589 27 47<\/p>\n<p> Kontakt<br \/>\n  Adresse: Autoverwertung Brun AG<br \/>\n           M\u00f6\u00f6slimatten 13<br \/>\n           6218 Ettiswil<br \/>\n  Telefon: 0041 (041) 980 27 47<br \/>\n  Telefax: 0041 (041) 980 03 47<\/p>\n<p> Wir bieten Ihnen weitere gebrauchte Autoteile zum Kauf an.<br \/>\n Tags: Kombiinstrument Tacho, Instrument cluster speedometer , Combine d\u00b4 instruments Tachymetre<br \/>\n<\/span><\/p>\n","protected":false},"excerpt":{"rendered":"<p>Technische Daten Fahrzeug: Honda CR-V 2.0i-MMD HYBRID Chassis Nr.: LVHRS8863R7000970 Baujahr: 2023 Kilometer: 26668 KM Leistung: 184 KW Hubraum: 1998 ccm Typ: 1HA627 Farbcode: White\/Weiss Hinweise: &#8211; Versand: Versand nur in der Schweiz m\u00f6glich.Im Ausland ist der Transport k\u00e4uferseits. Garantie: 3 Monate Garantie. Bitte beachten Sie, dass die Gew\u00e4hrleistung nur g\u00fcltig ist, wenn der Ersatzteileinbau&hellip; <a class=\"more-link\" href=\"https:\/\/occasions-teile.ch\/en\/produkt\/honda-cr-v-kombiinstrument-tacho\/\">Continue reading <span class=\"screen-reader-text\">Honda CR-V  Kombiinstrument Tacho<\/span><\/a><\/p>\n","protected":false},"featured_media":399341,"template":"","meta":[],"product_brand":[],"product_cat":[827,5120,5121,5122,627,624,621,2317,2311,2314,825,823,24968,24969,24967,824,822,826],"product_tag":[],"class_list":{"0":"post-399344","1":"product","2":"type-product","3":"status-publish","4":"has-post-thumbnail","6":"product_cat-fr-combine-d-instruments-tachymetre","7":"product_cat-de_slug_honda_cr-v_696","8":"product_cat-en_slug_honda_cr-v_815","9":"product_cat-fr_slug_honda_cr-v_342","10":"product_cat-fr-electricite-dispositifs-de-commande","11":"product_cat-en-electrics-control-units","12":"product_cat-de-elektrik-steuergeraete","13":"product_cat-fr_honda","14":"product_cat-de_honda","15":"product_cat-en_honda","16":"product_cat-en-instrument-clusterspeedometer","17":"product_cat-de-kombiinstrument-tacho","18":"product_cat-en-lvhrs8863r7000970-200000605","19":"product_cat-fr-lvhrs8863r7000970-200000605","20":"product_cat-de-lvhrs8863r7000970-200000605","21":"product_cat-en-speedometerindicators","22":"product_cat-de-tachoanzeigegeraete","23":"product_cat-fr-tachymetreindicateurs","24":"product_shipping_class-tarif-1","25":"entry","27":"first","28":"instock","29":"taxable","30":"shipping-taxable","31":"purchasable","32":"product-type-simple"},"jetpack_sharing_enabled":true,"_links":{"self":[{"href":"https:\/\/occasions-teile.ch\/en\/wp-json\/wp\/v2\/product\/399344","targetHints":{"allow":["GET"]}}],"collection":[{"href":"https:\/\/occasions-teile.ch\/en\/wp-json\/wp\/v2\/product"}],"about":[{"href":"https:\/\/occasions-teile.ch\/en\/wp-json\/wp\/v2\/types\/product"}],"wp:featuredmedia":[{"embeddable":true,"href":"https:\/\/occasions-teile.ch\/en\/wp-json\/wp\/v2\/media\/399341"}],"wp:attachment":[{"href":"https:\/\/occasions-teile.ch\/en\/wp-json\/wp\/v2\/media?parent=399344"}],"wp:term":[{"taxonomy":"product_brand","embeddable":true,"href":"https:\/\/occasions-teile.ch\/en\/wp-json\/wp\/v2\/product_brand?post=399344"},{"taxonomy":"product_cat","embeddable":true,"href":"https:\/\/occasions-teile.ch\/en\/wp-json\/wp\/v2\/product_cat?post=399344"},{"taxonomy":"product_tag","embeddable":true,"href":"https:\/\/occasions-teile.ch\/en\/wp-json\/wp\/v2\/product_tag?post=399344"}],"curies":[{"name":"wp","href":"https:\/\/api.w.org\/{rel}","templated":true}]}}