{"id":399328,"date":"2026-04-16T10:07:43","date_gmt":"2026-04-16T10:07:43","guid":{"rendered":"https:\/\/occasions-teile.ch\/product\/vw-polo-hutablage-kofferraumrollo-2\/"},"modified":"2026-04-16T12:40:46","modified_gmt":"2026-04-16T12:40:46","slug":"vw-polo-hutablage-kofferraumrollo-2","status":"publish","type":"product","link":"https:\/\/occasions-teile.ch\/en\/produkt\/vw-polo-hutablage-kofferraumrollo-2\/","title":{"rendered":"VW Polo  Hutablage Kofferraumrollo"},"content":{"rendered":"<p><span><b>Technische Daten<\/b><\/p>\n<p> Fahrzeug: VW Polo  1.4TSI 6R Blue GT<br \/>\n Chassis Nr.: WVWZZZ6RZDY264827<br \/>\n Baujahr: 2013<br \/>\n Kilometer: 143263 KM<br \/>\n Leistung: 140 KW<br \/>\n Hubraum: 1395 ccm<br \/>\n Typ: 1VE487<br \/>\n Farbcode: White\/Weiss<br \/>\n Hinweise: &#8211;<\/p>\n<p> Versand: Versand nur in der Schweiz m\u00f6glich.Im Ausland ist der Transport k\u00e4uferseits.<br \/>\n Garantie: 3 Monate Garantie. Bitte beachten Sie, dass die Gew\u00e4hrleistung nur g\u00fcltig ist, wenn der Ersatzteileinbau durch eine Fachwerkstatt\/Meisterwerkstatt erfolgt. Das Ein- und Ausbau des Ersatzteiles kann nicht an uns verrechnet werden. <\/p>\n<p> Ersatzteil: f\u00fcr andere Fahrzeugen (Marken) verf\u00fcgbar auf anfrage. Tel.041 980 27 47. Mobil. 076 589 27 47<\/p>\n<p> Kontakt<br \/>\n  Adresse: Autoverwertung Brun AG<br \/>\n           M\u00f6\u00f6slimatten 13<br \/>\n           6218 Ettiswil<br \/>\n  Telefon: 0041 (041) 980 27 47<br \/>\n  Telefax: 0041 (041) 980 03 47<\/p>\n<p> Wir bieten Ihnen weitere gebrauchte Autoteile zum Kauf an.<br \/>\n Tags: Hutablage Kofferraumrollo, Hat shelf trunk roller blind, Store enrouleur de coffre \u00e9tag\u00e8re chapeau<br \/>\n<\/span><\/p>\n","protected":false},"excerpt":{"rendered":"<p>Technische Daten Fahrzeug: VW Polo 1.4TSI 6R Blue GT Chassis Nr.: WVWZZZ6RZDY264827 Baujahr: 2013 Kilometer: 143263 KM Leistung: 140 KW Hubraum: 1395 ccm Typ: 1VE487 Farbcode: White\/Weiss Hinweise: &#8211; Versand: Versand nur in der Schweiz m\u00f6glich.Im Ausland ist der Transport k\u00e4uferseits. Garantie: 3 Monate Garantie. Bitte beachten Sie, dass die Gew\u00e4hrleistung nur g\u00fcltig ist, wenn&hellip; <a class=\"more-link\" href=\"https:\/\/occasions-teile.ch\/en\/produkt\/vw-polo-hutablage-kofferraumrollo-2\/\">Continue reading <span class=\"screen-reader-text\">VW Polo  Hutablage Kofferraumrollo<\/span><\/a><\/p>\n","protected":false},"featured_media":0,"template":"","meta":[],"product_brand":[],"product_cat":[925,970,969,804,810,807,1634,1636,1638,971,923,921,1286,1280,1283,24970,24971,24972],"product_tag":[],"class_list":{"0":"post-399328","1":"product","2":"type-product","3":"status-publish","5":"product_cat-fr-habillage-couverture-du-coffre","6":"product_cat-en-hat-shelfcover-roller-blindtrunk","7":"product_cat-de-hutablage-abdeckrollo-kofferraumrollo","8":"product_cat-de-innenraum","9":"product_cat-fr-interieur","10":"product_cat-en-interior","11":"product_cat-de_polo","12":"product_cat-en_polo","13":"product_cat-fr_polo","14":"product_cat-fr-tablette-arrierestore-de-couverture-du-coffre","15":"product_cat-en-trimcovertrunk","16":"product_cat-de-verkleidungabdeckungkofferraum","17":"product_cat-fr_volkswagen","18":"product_cat-de_volkswagen","19":"product_cat-en_volkswagen","20":"product_cat-de-wvwzzz6rzdy264827-200000607","21":"product_cat-en-wvwzzz6rzdy264827-200000607","22":"product_cat-fr-wvwzzz6rzdy264827-200000607","23":"product_shipping_class-tarif-5","24":"entry","26":"first","27":"outofstock","28":"taxable","29":"shipping-taxable","30":"purchasable","31":"product-type-simple"},"jetpack_sharing_enabled":true,"_links":{"self":[{"href":"https:\/\/occasions-teile.ch\/en\/wp-json\/wp\/v2\/product\/399328","targetHints":{"allow":["GET"]}}],"collection":[{"href":"https:\/\/occasions-teile.ch\/en\/wp-json\/wp\/v2\/product"}],"about":[{"href":"https:\/\/occasions-teile.ch\/en\/wp-json\/wp\/v2\/types\/product"}],"wp:attachment":[{"href":"https:\/\/occasions-teile.ch\/en\/wp-json\/wp\/v2\/media?parent=399328"}],"wp:term":[{"taxonomy":"product_brand","embeddable":true,"href":"https:\/\/occasions-teile.ch\/en\/wp-json\/wp\/v2\/product_brand?post=399328"},{"taxonomy":"product_cat","embeddable":true,"href":"https:\/\/occasions-teile.ch\/en\/wp-json\/wp\/v2\/product_cat?post=399328"},{"taxonomy":"product_tag","embeddable":true,"href":"https:\/\/occasions-teile.ch\/en\/wp-json\/wp\/v2\/product_tag?post=399328"}],"curies":[{"name":"wp","href":"https:\/\/api.w.org\/{rel}","templated":true}]}}