{"id":399289,"date":"2026-04-16T09:14:19","date_gmt":"2026-04-16T09:14:19","guid":{"rendered":"https:\/\/occasions-teile.ch\/product\/honda-cr-v-lenkwinkelsensor-schleifring\/"},"modified":"2026-04-16T09:14:25","modified_gmt":"2026-04-16T09:14:25","slug":"honda-cr-v-lenkwinkelsensor-schleifring","status":"publish","type":"product","link":"https:\/\/occasions-teile.ch\/en\/produkt\/honda-cr-v-lenkwinkelsensor-schleifring\/","title":{"rendered":"Honda CR-V  Lenkwinkelsensor Schleifring"},"content":{"rendered":"<p><span><b>Technische Daten<\/b><\/p>\n<p> Fahrzeug: Honda CR-V  2.0i-MMD HYBRID<br \/>\n Chassis Nr.: LVHRS8863R7000970<br \/>\n Baujahr: 2023<br \/>\n Kilometer: 26668 KM<br \/>\n Leistung: 184 KW<br \/>\n Hubraum: 1998 ccm<br \/>\n Typ: 1HA627<br \/>\n Farbcode: White\/Weiss<br \/>\n Hinweise: &#8211;<\/p>\n<p> Versand: Versand nur in der Schweiz m\u00f6glich.Im Ausland ist der Transport k\u00e4uferseits.<br \/>\n Garantie: 3 Monate Garantie. Bitte beachten Sie, dass die Gew\u00e4hrleistung nur g\u00fcltig ist, wenn der Ersatzteileinbau durch eine Fachwerkstatt\/Meisterwerkstatt erfolgt. Das Ein- und Ausbau des Ersatzteiles kann nicht an uns verrechnet werden. <\/p>\n<p> Ersatzteil: f\u00fcr andere Fahrzeugen (Marken) verf\u00fcgbar auf anfrage. Tel.041 980 27 47. Mobil. 076 589 27 47<\/p>\n<p> Kontakt<br \/>\n  Adresse: Autoverwertung Brun AG<br \/>\n           M\u00f6\u00f6slimatten 13<br \/>\n           6218 Ettiswil<br \/>\n  Telefon: 0041 (041) 980 27 47<br \/>\n  Telefax: 0041 (041) 980 03 47<\/p>\n<p> Wir bieten Ihnen weitere gebrauchte Autoteile zum Kauf an.<br \/>\n Tags: Lenkwinkelsensor Schleifring, Steering angle sensor slip ring, Bague collectrice du capteur d&#8217;angle de braquage<br \/>\n<\/span><\/p>\n","protected":false},"excerpt":{"rendered":"<p>Technische Daten Fahrzeug: Honda CR-V 2.0i-MMD HYBRID Chassis Nr.: LVHRS8863R7000970 Baujahr: 2023 Kilometer: 26668 KM Leistung: 184 KW Hubraum: 1998 ccm Typ: 1HA627 Farbcode: White\/Weiss Hinweise: &#8211; Versand: Versand nur in der Schweiz m\u00f6glich.Im Ausland ist der Transport k\u00e4uferseits. Garantie: 3 Monate Garantie. Bitte beachten Sie, dass die Gew\u00e4hrleistung nur g\u00fcltig ist, wenn der Ersatzteileinbau&hellip; <a class=\"more-link\" href=\"https:\/\/occasions-teile.ch\/en\/produkt\/honda-cr-v-lenkwinkelsensor-schleifring\/\">Continue reading <span class=\"screen-reader-text\">Honda CR-V  Lenkwinkelsensor Schleifring<\/span><\/a><\/p>\n","protected":false},"featured_media":399286,"template":"","meta":[],"product_brand":[],"product_cat":[1143,1144,544,5120,5121,5122,541,2314,2317,2311,24967,24968,24969,1140,1139,1142,1141,547],"product_tag":[],"class_list":{"0":"post-399289","1":"product","2":"type-product","3":"status-publish","4":"has-post-thumbnail","6":"product_cat-fr-capteursbague-collectrice","7":"product_cat-fr-capteursbague-collectrice-fr-capteursbague-collectrice","8":"product_cat-en-chassis-steering","9":"product_cat-de_slug_honda_cr-v_696","10":"product_cat-en_slug_honda_cr-v_815","11":"product_cat-fr_slug_honda_cr-v_342","12":"product_cat-de-fahrwerk-lenkung","13":"product_cat-en_honda","14":"product_cat-fr_honda","15":"product_cat-de_honda","16":"product_cat-de-lvhrs8863r7000970-200000605","17":"product_cat-en-lvhrs8863r7000970-200000605","18":"product_cat-fr-lvhrs8863r7000970-200000605","19":"product_cat-de-sensoren-schleifring","20":"product_cat-de-sensorenschleifring","21":"product_cat-en-sensors-slip-ring","22":"product_cat-en-sensorsslip-ring","23":"product_cat-fr-train-de-roulement-direction","24":"product_shipping_class-tarif-1","25":"entry","27":"first","28":"instock","29":"taxable","30":"shipping-taxable","31":"purchasable","32":"product-type-simple"},"jetpack_sharing_enabled":true,"_links":{"self":[{"href":"https:\/\/occasions-teile.ch\/en\/wp-json\/wp\/v2\/product\/399289","targetHints":{"allow":["GET"]}}],"collection":[{"href":"https:\/\/occasions-teile.ch\/en\/wp-json\/wp\/v2\/product"}],"about":[{"href":"https:\/\/occasions-teile.ch\/en\/wp-json\/wp\/v2\/types\/product"}],"wp:featuredmedia":[{"embeddable":true,"href":"https:\/\/occasions-teile.ch\/en\/wp-json\/wp\/v2\/media\/399286"}],"wp:attachment":[{"href":"https:\/\/occasions-teile.ch\/en\/wp-json\/wp\/v2\/media?parent=399289"}],"wp:term":[{"taxonomy":"product_brand","embeddable":true,"href":"https:\/\/occasions-teile.ch\/en\/wp-json\/wp\/v2\/product_brand?post=399289"},{"taxonomy":"product_cat","embeddable":true,"href":"https:\/\/occasions-teile.ch\/en\/wp-json\/wp\/v2\/product_cat?post=399289"},{"taxonomy":"product_tag","embeddable":true,"href":"https:\/\/occasions-teile.ch\/en\/wp-json\/wp\/v2\/product_tag?post=399289"}],"curies":[{"name":"wp","href":"https:\/\/api.w.org\/{rel}","templated":true}]}}