{"id":399191,"date":"2026-04-15T01:31:39","date_gmt":"2026-04-15T01:31:39","guid":{"rendered":"https:\/\/occasions-teile.ch\/product\/vw-passat-armlehne-3\/"},"modified":"2026-04-15T01:31:45","modified_gmt":"2026-04-15T01:31:45","slug":"vw-passat-armlehne-3","status":"publish","type":"product","link":"https:\/\/occasions-teile.ch\/en\/produkt\/vw-passat-armlehne-3\/","title":{"rendered":"VW Passat  Armlehne"},"content":{"rendered":"<p><span><b>Technische Daten<\/b><\/p>\n<p> Fahrzeug: VW Passat  2.0<br \/>\n Chassis Nr.: WVWZZZ3CZGP002764<br \/>\n Baujahr: 2016<br \/>\n Kilometer: 250020 KM<br \/>\n Leistung: 150 KW<br \/>\n Hubraum: 1968 ccm<br \/>\n Typ: X<br \/>\n Farbcode: grau<br \/>\n Hinweise: Farbe:Braun<\/p>\n<p> Versand: Versand nur in der Schweiz m\u00f6glich.Im Ausland ist der Transport k\u00e4uferseits.<br \/>\n Garantie: 3 Monate Garantie. Bitte beachten Sie, dass die Gew\u00e4hrleistung nur g\u00fcltig ist, wenn der Ersatzteileinbau durch eine Fachwerkstatt\/Meisterwerkstatt erfolgt. Das Ein- und Ausbau des Ersatzteiles kann nicht an uns verrechnet werden. <\/p>\n<p> Ersatzteil: f\u00fcr andere Fahrzeugen (Marken) verf\u00fcgbar auf anfrage. Tel.041 980 27 47. Mobil. 076 589 27 47<\/p>\n<p> Kontakt<br \/>\n  Adresse: Autoverwertung Brun AG<br \/>\n           M\u00f6\u00f6slimatten 13<br \/>\n           6218 Ettiswil<br \/>\n  Telefon: 0041 (041) 980 27 47<br \/>\n  Telefax: 0041 (041) 980 03 47<\/p>\n<p> Wir bieten Ihnen weitere gebrauchte Autoteile zum Kauf an.<br \/>\n Tags: Armlehne, Armrest front, Accoudoir a` l&#8217;avant<br \/>\n<\/span><\/p>\n","protected":false},"excerpt":{"rendered":"<p>Technische Daten Fahrzeug: VW Passat 2.0 Chassis Nr.: WVWZZZ3CZGP002764 Baujahr: 2016 Kilometer: 250020 KM Leistung: 150 KW Hubraum: 1968 ccm Typ: X Farbcode: grau Hinweise: Farbe:Braun Versand: Versand nur in der Schweiz m\u00f6glich.Im Ausland ist der Transport k\u00e4uferseits. Garantie: 3 Monate Garantie. Bitte beachten Sie, dass die Gew\u00e4hrleistung nur g\u00fcltig ist, wenn der Ersatzteileinbau durch&hellip; <a class=\"more-link\" href=\"https:\/\/occasions-teile.ch\/en\/produkt\/vw-passat-armlehne-3\/\">Continue reading <span class=\"screen-reader-text\">VW Passat  Armlehne<\/span><\/a><\/p>\n","protected":false},"featured_media":399188,"template":"","meta":[],"product_brand":[],"product_cat":[932,928,930,929,931,804,810,807,927,1299,1301,1303,1286,1280,1283,24939,24940,24941],"product_tag":[],"class_list":{"0":"post-399191","1":"product","2":"type-product","3":"status-publish","4":"has-post-thumbnail","6":"product_cat-fr-accoudoir-a-lavant","7":"product_cat-de-armlehne","8":"product_cat-en-armrest-front","9":"product_cat-en-center-console-armrest-front","10":"product_cat-fr-console-centrale-accoudoir-avant","11":"product_cat-de-innenraum","12":"product_cat-fr-interieur","13":"product_cat-en-interior","14":"product_cat-de-mittelkonsole-armlehnevorn","15":"product_cat-de_passat","16":"product_cat-en_passat","17":"product_cat-fr_passat","18":"product_cat-fr_volkswagen","19":"product_cat-de_volkswagen","20":"product_cat-en_volkswagen","21":"product_cat-de-wvwzzz3czgp002764-200000595","22":"product_cat-en-wvwzzz3czgp002764-200000595","23":"product_cat-fr-wvwzzz3czgp002764-200000595","24":"product_shipping_class-tarif-5","25":"entry","27":"first","28":"instock","29":"taxable","30":"shipping-taxable","31":"purchasable","32":"product-type-simple"},"jetpack_sharing_enabled":true,"_links":{"self":[{"href":"https:\/\/occasions-teile.ch\/en\/wp-json\/wp\/v2\/product\/399191","targetHints":{"allow":["GET"]}}],"collection":[{"href":"https:\/\/occasions-teile.ch\/en\/wp-json\/wp\/v2\/product"}],"about":[{"href":"https:\/\/occasions-teile.ch\/en\/wp-json\/wp\/v2\/types\/product"}],"wp:featuredmedia":[{"embeddable":true,"href":"https:\/\/occasions-teile.ch\/en\/wp-json\/wp\/v2\/media\/399188"}],"wp:attachment":[{"href":"https:\/\/occasions-teile.ch\/en\/wp-json\/wp\/v2\/media?parent=399191"}],"wp:term":[{"taxonomy":"product_brand","embeddable":true,"href":"https:\/\/occasions-teile.ch\/en\/wp-json\/wp\/v2\/product_brand?post=399191"},{"taxonomy":"product_cat","embeddable":true,"href":"https:\/\/occasions-teile.ch\/en\/wp-json\/wp\/v2\/product_cat?post=399191"},{"taxonomy":"product_tag","embeddable":true,"href":"https:\/\/occasions-teile.ch\/en\/wp-json\/wp\/v2\/product_tag?post=399191"}],"curies":[{"name":"wp","href":"https:\/\/api.w.org\/{rel}","templated":true}]}}