{"id":399045,"date":"2026-04-14T13:34:43","date_gmt":"2026-04-14T13:34:43","guid":{"rendered":"https:\/\/occasions-teile.ch\/product\/alfa-romeo-mito-achs-vorne-achskoerper-2\/"},"modified":"2026-04-14T13:34:48","modified_gmt":"2026-04-14T13:34:48","slug":"alfa-romeo-mito-achs-vorne-achskoerper-2","status":"publish","type":"product","link":"https:\/\/occasions-teile.ch\/en\/produkt\/alfa-romeo-mito-achs-vorne-achskoerper-2\/","title":{"rendered":"Alfa Romeo Mito  Achs vorne Achsk\u00f6rper"},"content":{"rendered":"<p><span><b>Technische Daten<\/b><\/p>\n<p> Fahrzeug: Alfa Romeo Mito  1.4 MultiAir<br \/>\n Chassis Nr.: ZAR95500001183955<br \/>\n Baujahr: 2011<br \/>\n Kilometer: 128211 KM<br \/>\n Leistung: 105 KW<br \/>\n Hubraum: 1368 ccm<br \/>\n Typ: 1AA434<br \/>\n Farbcode: Schwarz<br \/>\n Hinweise: &#8211;<\/p>\n<p> Versand: Versand nur in der Schweiz m\u00f6glich.Im Ausland ist der Transport k\u00e4uferseits.<br \/>\n Garantie: 3 Monate Garantie. Bitte beachten Sie, dass die Gew\u00e4hrleistung nur g\u00fcltig ist, wenn der Ersatzteileinbau durch eine Fachwerkstatt\/Meisterwerkstatt erfolgt. Das Ein- und Ausbau des Ersatzteiles kann nicht an uns verrechnet werden. <\/p>\n<p> Ersatzteil: f\u00fcr andere Fahrzeugen (Marken) verf\u00fcgbar auf anfrage. Tel.041 980 27 47. Mobil. 076 589 27 47<\/p>\n<p> Kontakt<br \/>\n  Adresse: Autoverwertung Brun AG<br \/>\n           M\u00f6\u00f6slimatten 13<br \/>\n           6218 Ettiswil<br \/>\n  Telefon: 0041 (041) 980 27 47<br \/>\n  Telefax: 0041 (041) 980 03 47<\/p>\n<p> Wir bieten Ihnen weitere gebrauchte Autoteile zum Kauf an.<br \/>\n Tags: Achs vorne Achsk\u00f6rper, Convertible top complete, Capote comple`te<br \/>\n<\/span><\/p>\n","protected":false},"excerpt":{"rendered":"<p>Technische Daten Fahrzeug: Alfa Romeo Mito 1.4 MultiAir Chassis Nr.: ZAR95500001183955 Baujahr: 2011 Kilometer: 128211 KM Leistung: 105 KW Hubraum: 1368 ccm Typ: 1AA434 Farbcode: Schwarz Hinweise: &#8211; Versand: Versand nur in der Schweiz m\u00f6glich.Im Ausland ist der Transport k\u00e4uferseits. Garantie: 3 Monate Garantie. Bitte beachten Sie, dass die Gew\u00e4hrleistung nur g\u00fcltig ist, wenn der&hellip; <a class=\"more-link\" href=\"https:\/\/occasions-teile.ch\/en\/produkt\/alfa-romeo-mito-achs-vorne-achskoerper-2\/\">Continue reading <span class=\"screen-reader-text\">Alfa Romeo Mito  Achs vorne Achsk\u00f6rper<\/span><\/a><\/p>\n","protected":false},"featured_media":399042,"template":"","meta":[],"product_brand":[],"product_cat":[721,468,471,474,488,720,725,724,491,723,722,485,5971,5969,5970,24964,24965,24966],"product_tag":[],"class_list":{"0":"post-399045","1":"product","2":"type-product","3":"status-publish","4":"has-post-thumbnail","6":"product_cat-de-achs-vorne-achskoerper","7":"product_cat-de_alfa-romeo","8":"product_cat-en_alfa-romeo","9":"product_cat-fr_alfa-romeo","10":"product_cat-en-body-center","11":"product_cat-de-cabrioverdeck-hardtop","12":"product_cat-fr-capote-complete","13":"product_cat-fr-capote-de-cabriolet-toit-rigide","14":"product_cat-fr-centre-de-la-carrosserie","15":"product_cat-en-convertible-top-complete","16":"product_cat-en-convertible-top-hardtop","17":"product_cat-de-karosserie-mitte","18":"product_cat-fr_slug_alfa-romeo_mito_805","19":"product_cat-de_slug_alfa-romeo_mito_977","20":"product_cat-en_slug_alfa-romeo_mito_27","21":"product_cat-de-zar95500001183955-200000606","22":"product_cat-en-zar95500001183955-200000606","23":"product_cat-fr-zar95500001183955-200000606","24":"product_shipping_class-tarif-3","25":"entry","27":"first","28":"instock","29":"taxable","30":"shipping-taxable","31":"purchasable","32":"product-type-simple"},"jetpack_sharing_enabled":true,"_links":{"self":[{"href":"https:\/\/occasions-teile.ch\/en\/wp-json\/wp\/v2\/product\/399045","targetHints":{"allow":["GET"]}}],"collection":[{"href":"https:\/\/occasions-teile.ch\/en\/wp-json\/wp\/v2\/product"}],"about":[{"href":"https:\/\/occasions-teile.ch\/en\/wp-json\/wp\/v2\/types\/product"}],"wp:featuredmedia":[{"embeddable":true,"href":"https:\/\/occasions-teile.ch\/en\/wp-json\/wp\/v2\/media\/399042"}],"wp:attachment":[{"href":"https:\/\/occasions-teile.ch\/en\/wp-json\/wp\/v2\/media?parent=399045"}],"wp:term":[{"taxonomy":"product_brand","embeddable":true,"href":"https:\/\/occasions-teile.ch\/en\/wp-json\/wp\/v2\/product_brand?post=399045"},{"taxonomy":"product_cat","embeddable":true,"href":"https:\/\/occasions-teile.ch\/en\/wp-json\/wp\/v2\/product_cat?post=399045"},{"taxonomy":"product_tag","embeddable":true,"href":"https:\/\/occasions-teile.ch\/en\/wp-json\/wp\/v2\/product_tag?post=399045"}],"curies":[{"name":"wp","href":"https:\/\/api.w.org\/{rel}","templated":true}]}}