{"id":399033,"date":"2026-04-14T13:14:00","date_gmt":"2026-04-14T13:14:00","guid":{"rendered":"https:\/\/occasions-teile.ch\/product\/alfa-romeo-mito-motorsteuergeraet-3\/"},"modified":"2026-04-14T13:14:07","modified_gmt":"2026-04-14T13:14:07","slug":"alfa-romeo-mito-motorsteuergeraet-3","status":"publish","type":"product","link":"https:\/\/occasions-teile.ch\/en\/produkt\/alfa-romeo-mito-motorsteuergeraet-3\/","title":{"rendered":"Alfa Romeo Mito  Motorsteuerger\u00e4t"},"content":{"rendered":"<p><span><b>Technische Daten<\/b><\/p>\n<p> Fahrzeug: Alfa Romeo Mito  1.4 MultiAir<br \/>\n Chassis Nr.: ZAR95500001183955<br \/>\n Baujahr: 2011<br \/>\n Kilometer: 128211 KM<br \/>\n Leistung: 105 KW<br \/>\n Hubraum: 1368 ccm<br \/>\n Typ: 1AA434<br \/>\n Farbcode: Schwarz<br \/>\n Hinweise: &#8211;<\/p>\n<p> Versand: Versand nur in der Schweiz m\u00f6glich.Im Ausland ist der Transport k\u00e4uferseits.<br \/>\n Garantie: 3 Monate Garantie. Bitte beachten Sie, dass die Gew\u00e4hrleistung nur g\u00fcltig ist, wenn der Ersatzteileinbau durch eine Fachwerkstatt\/Meisterwerkstatt erfolgt. Das Ein- und Ausbau des Ersatzteiles kann nicht an uns verrechnet werden. <\/p>\n<p> Ersatzteil: f\u00fcr andere Fahrzeugen (Marken) verf\u00fcgbar auf anfrage. Tel.041 980 27 47. Mobil. 076 589 27 47<\/p>\n<p> Kontakt<br \/>\n  Adresse: Autoverwertung Brun AG<br \/>\n           M\u00f6\u00f6slimatten 13<br \/>\n           6218 Ettiswil<br \/>\n  Telefon: 0041 (041) 980 27 47<br \/>\n  Telefax: 0041 (041) 980 03 47<\/p>\n<p> Wir bieten Ihnen weitere gebrauchte Autoteile zum Kauf an.<br \/>\n Tags: Motorsteuerger\u00e4t , Control unit Motor , Unite\u00b4 de contro^le Moteur<br \/>\n<\/span><\/p>\n","protected":false},"excerpt":{"rendered":"<p>Technische Daten Fahrzeug: Alfa Romeo Mito 1.4 MultiAir Chassis Nr.: ZAR95500001183955 Baujahr: 2011 Kilometer: 128211 KM Leistung: 105 KW Hubraum: 1368 ccm Typ: 1AA434 Farbcode: Schwarz Hinweise: &#8211; Versand: Versand nur in der Schweiz m\u00f6glich.Im Ausland ist der Transport k\u00e4uferseits. Garantie: 3 Monate Garantie. Bitte beachten Sie, dass die Gew\u00e4hrleistung nur g\u00fcltig ist, wenn der&hellip; <a class=\"more-link\" href=\"https:\/\/occasions-teile.ch\/en\/produkt\/alfa-romeo-mito-motorsteuergeraet-3\/\">Continue reading <span class=\"screen-reader-text\">Alfa Romeo Mito  Motorsteuerger\u00e4t<\/span><\/a><\/p>\n","protected":false},"featured_media":399030,"template":"","meta":[],"product_brand":[],"product_cat":[468,471,474,661,660,659,5969,5970,5971,500,494,497,657,658,662,24966,24964,24965],"product_tag":[],"class_list":{"0":"post-399033","1":"product","2":"type-product","3":"status-publish","4":"has-post-thumbnail","6":"product_cat-de_alfa-romeo","7":"product_cat-en_alfa-romeo","8":"product_cat-fr_alfa-romeo","9":"product_cat-fr-commande-du-moteur-allumage","10":"product_cat-en-control-unit-motor","11":"product_cat-en-engine-control-ignition","12":"product_cat-de_slug_alfa-romeo_mito_977","13":"product_cat-en_slug_alfa-romeo_mito_27","14":"product_cat-fr_slug_alfa-romeo_mito_805","15":"product_cat-fr-moteur","16":"product_cat-de-motor","17":"product_cat-en-motor","18":"product_cat-de-motorsteuerung-zuendung","19":"product_cat-de-steuergeraet-motor","20":"product_cat-fr-unite-de-controle-moteur","21":"product_cat-fr-zar95500001183955-200000606","22":"product_cat-de-zar95500001183955-200000606","23":"product_cat-en-zar95500001183955-200000606","24":"product_shipping_class-tarif-1","25":"entry","27":"first","28":"instock","29":"taxable","30":"shipping-taxable","31":"purchasable","32":"product-type-simple"},"jetpack_sharing_enabled":true,"_links":{"self":[{"href":"https:\/\/occasions-teile.ch\/en\/wp-json\/wp\/v2\/product\/399033","targetHints":{"allow":["GET"]}}],"collection":[{"href":"https:\/\/occasions-teile.ch\/en\/wp-json\/wp\/v2\/product"}],"about":[{"href":"https:\/\/occasions-teile.ch\/en\/wp-json\/wp\/v2\/types\/product"}],"wp:featuredmedia":[{"embeddable":true,"href":"https:\/\/occasions-teile.ch\/en\/wp-json\/wp\/v2\/media\/399030"}],"wp:attachment":[{"href":"https:\/\/occasions-teile.ch\/en\/wp-json\/wp\/v2\/media?parent=399033"}],"wp:term":[{"taxonomy":"product_brand","embeddable":true,"href":"https:\/\/occasions-teile.ch\/en\/wp-json\/wp\/v2\/product_brand?post=399033"},{"taxonomy":"product_cat","embeddable":true,"href":"https:\/\/occasions-teile.ch\/en\/wp-json\/wp\/v2\/product_cat?post=399033"},{"taxonomy":"product_tag","embeddable":true,"href":"https:\/\/occasions-teile.ch\/en\/wp-json\/wp\/v2\/product_tag?post=399033"}],"curies":[{"name":"wp","href":"https:\/\/api.w.org\/{rel}","templated":true}]}}