{"id":399017,"date":"2026-04-14T12:50:25","date_gmt":"2026-04-14T12:50:25","guid":{"rendered":"https:\/\/occasions-teile.ch\/product\/alfa-romeo-mito-lenkgetriebe-2\/"},"modified":"2026-04-14T12:50:31","modified_gmt":"2026-04-14T12:50:31","slug":"alfa-romeo-mito-lenkgetriebe-2","status":"publish","type":"product","link":"https:\/\/occasions-teile.ch\/en\/produkt\/alfa-romeo-mito-lenkgetriebe-2\/","title":{"rendered":"Alfa Romeo Mito  Lenkgetriebe"},"content":{"rendered":"<p><span><b>Technische Daten<\/b><\/p>\n<p> Fahrzeug: Alfa Romeo Mito  1.4 MultiAir<br \/>\n Chassis Nr.: ZAR95500001183955<br \/>\n Baujahr: 2011<br \/>\n Kilometer: 128211 KM<br \/>\n Leistung: 105 KW<br \/>\n Hubraum: 1368 ccm<br \/>\n Typ: 1AA434<br \/>\n Farbcode: Schwarz<br \/>\n Hinweise: &#8211;<\/p>\n<p> Versand: Versand nur in der Schweiz m\u00f6glich.Im Ausland ist der Transport k\u00e4uferseits.<br \/>\n Garantie: 3 Monate Garantie. Bitte beachten Sie, dass die Gew\u00e4hrleistung nur g\u00fcltig ist, wenn der Ersatzteileinbau durch eine Fachwerkstatt\/Meisterwerkstatt erfolgt. Das Ein- und Ausbau des Ersatzteiles kann nicht an uns verrechnet werden. <\/p>\n<p> Ersatzteil: f\u00fcr andere Fahrzeugen (Marken) verf\u00fcgbar auf anfrage. Tel.041 980 27 47. Mobil. 076 589 27 47<\/p>\n<p> Kontakt<br \/>\n  Adresse: Autoverwertung Brun AG<br \/>\n           M\u00f6\u00f6slimatten 13<br \/>\n           6218 Ettiswil<br \/>\n  Telefon: 0041 (041) 980 27 47<br \/>\n  Telefax: 0041 (041) 980 03 47<\/p>\n<p> Wir bieten Ihnen weitere gebrauchte Autoteile zum Kauf an.<br \/>\n Tags: Lenkgetriebe, Steering gear , Boi^te de direction<br \/>\n<\/span><\/p>\n","protected":false},"excerpt":{"rendered":"<p>Technische Daten Fahrzeug: Alfa Romeo Mito 1.4 MultiAir Chassis Nr.: ZAR95500001183955 Baujahr: 2011 Kilometer: 128211 KM Leistung: 105 KW Hubraum: 1368 ccm Typ: 1AA434 Farbcode: Schwarz Hinweise: &#8211; Versand: Versand nur in der Schweiz m\u00f6glich.Im Ausland ist der Transport k\u00e4uferseits. Garantie: 3 Monate Garantie. Bitte beachten Sie, dass die Gew\u00e4hrleistung nur g\u00fcltig ist, wenn der&hellip; <a class=\"more-link\" href=\"https:\/\/occasions-teile.ch\/en\/produkt\/alfa-romeo-mito-lenkgetriebe-2\/\">Continue reading <span class=\"screen-reader-text\">Alfa Romeo Mito  Lenkgetriebe<\/span><\/a><\/p>\n","protected":false},"featured_media":399014,"template":"","meta":[],"product_brand":[],"product_cat":[468,471,474,709,710,544,541,706,705,5969,5970,5971,707,708,547,24965,24966,24964],"product_tag":[],"class_list":{"0":"post-399017","1":"product","2":"type-product","3":"status-publish","4":"has-post-thumbnail","6":"product_cat-de_alfa-romeo","7":"product_cat-en_alfa-romeo","8":"product_cat-fr_alfa-romeo","9":"product_cat-fr-boite-de-direction","10":"product_cat-fr-boite-de-direction-fr-boite-de-direction","11":"product_cat-en-chassis-steering","12":"product_cat-de-fahrwerk-lenkung","13":"product_cat-de-lenkgetriebe-de-lenkgetriebe","14":"product_cat-de-lenkgetriebe","15":"product_cat-de_slug_alfa-romeo_mito_977","16":"product_cat-en_slug_alfa-romeo_mito_27","17":"product_cat-fr_slug_alfa-romeo_mito_805","18":"product_cat-en-steering-gear","19":"product_cat-en-steering-gear-en-steering-gear","20":"product_cat-fr-train-de-roulement-direction","21":"product_cat-en-zar95500001183955-200000606","22":"product_cat-fr-zar95500001183955-200000606","23":"product_cat-de-zar95500001183955-200000606","24":"product_shipping_class-tarif-2","25":"entry","27":"first","28":"instock","29":"taxable","30":"shipping-taxable","31":"purchasable","32":"product-type-simple"},"jetpack_sharing_enabled":true,"_links":{"self":[{"href":"https:\/\/occasions-teile.ch\/en\/wp-json\/wp\/v2\/product\/399017","targetHints":{"allow":["GET"]}}],"collection":[{"href":"https:\/\/occasions-teile.ch\/en\/wp-json\/wp\/v2\/product"}],"about":[{"href":"https:\/\/occasions-teile.ch\/en\/wp-json\/wp\/v2\/types\/product"}],"wp:featuredmedia":[{"embeddable":true,"href":"https:\/\/occasions-teile.ch\/en\/wp-json\/wp\/v2\/media\/399014"}],"wp:attachment":[{"href":"https:\/\/occasions-teile.ch\/en\/wp-json\/wp\/v2\/media?parent=399017"}],"wp:term":[{"taxonomy":"product_brand","embeddable":true,"href":"https:\/\/occasions-teile.ch\/en\/wp-json\/wp\/v2\/product_brand?post=399017"},{"taxonomy":"product_cat","embeddable":true,"href":"https:\/\/occasions-teile.ch\/en\/wp-json\/wp\/v2\/product_cat?post=399017"},{"taxonomy":"product_tag","embeddable":true,"href":"https:\/\/occasions-teile.ch\/en\/wp-json\/wp\/v2\/product_tag?post=399017"}],"curies":[{"name":"wp","href":"https:\/\/api.w.org\/{rel}","templated":true}]}}