{"id":398963,"date":"2026-04-14T10:01:28","date_gmt":"2026-04-14T10:01:28","guid":{"rendered":"https:\/\/occasions-teile.ch\/product\/alfa-romeo-mito-klimakondensator-klimakuehler\/"},"modified":"2026-04-14T10:01:34","modified_gmt":"2026-04-14T10:01:34","slug":"alfa-romeo-mito-klimakondensator-klimakuehler","status":"publish","type":"product","link":"https:\/\/occasions-teile.ch\/en\/produkt\/alfa-romeo-mito-klimakondensator-klimakuehler\/","title":{"rendered":"Alfa Romeo Mito  Klimakondensator Klimak\u00fchler"},"content":{"rendered":"<p><span><b>Technische Daten<\/b><\/p>\n<p> Fahrzeug: Alfa Romeo Mito  1.4 MultiAir<br \/>\n Chassis Nr.: ZAR95500001183955<br \/>\n Baujahr: 2011<br \/>\n Kilometer: 128211 KM<br \/>\n Leistung: 105 KW<br \/>\n Hubraum: 1368 ccm<br \/>\n Typ: 1AA434<br \/>\n Farbcode: Schwarz<br \/>\n Hinweise: &#8211;<\/p>\n<p> Versand: Versand nur in der Schweiz m\u00f6glich.Im Ausland ist der Transport k\u00e4uferseits.<br \/>\n Garantie: 3 Monate Garantie. Bitte beachten Sie, dass die Gew\u00e4hrleistung nur g\u00fcltig ist, wenn der Ersatzteileinbau durch eine Fachwerkstatt\/Meisterwerkstatt erfolgt. Das Ein- und Ausbau des Ersatzteiles kann nicht an uns verrechnet werden. <\/p>\n<p> Ersatzteil: f\u00fcr andere Fahrzeugen (Marken) verf\u00fcgbar auf anfrage. Tel.041 980 27 47. Mobil. 076 589 27 47<\/p>\n<p> Kontakt<br \/>\n  Adresse: Autoverwertung Brun AG<br \/>\n           M\u00f6\u00f6slimatten 13<br \/>\n           6218 Ettiswil<br \/>\n  Telefon: 0041 (041) 980 27 47<br \/>\n  Telefax: 0041 (041) 980 03 47<\/p>\n<p> Wir bieten Ihnen weitere gebrauchte Autoteile zum Kauf an.<br \/>\n Tags: Klimakondensator Klimak\u00fchler , Air conditioning condenser air conditioning cooler,  Refroidisseur de climatisation \u00e0 condensateur de climatisation<br \/>\n<\/span><\/p>\n","protected":false},"excerpt":{"rendered":"<p>Technische Daten Fahrzeug: Alfa Romeo Mito 1.4 MultiAir Chassis Nr.: ZAR95500001183955 Baujahr: 2011 Kilometer: 128211 KM Leistung: 105 KW Hubraum: 1368 ccm Typ: 1AA434 Farbcode: Schwarz Hinweise: &#8211; Versand: Versand nur in der Schweiz m\u00f6glich.Im Ausland ist der Transport k\u00e4uferseits. Garantie: 3 Monate Garantie. Bitte beachten Sie, dass die Gew\u00e4hrleistung nur g\u00fcltig ist, wenn der&hellip; <a class=\"more-link\" href=\"https:\/\/occasions-teile.ch\/en\/produkt\/alfa-romeo-mito-klimakondensator-klimakuehler\/\">Continue reading <span class=\"screen-reader-text\">Alfa Romeo Mito  Klimakondensator Klimak\u00fchler<\/span><\/a><\/p>\n","protected":false},"featured_media":398960,"template":"","meta":[],"product_brand":[],"product_cat":[468,471,474,717,1041,1040,1043,1042,714,711,1039,1038,5969,5970,5971,24966,24964,24965],"product_tag":[],"class_list":{"0":"post-398963","1":"product","2":"type-product","3":"status-publish","4":"has-post-thumbnail","6":"product_cat-de_alfa-romeo","7":"product_cat-en_alfa-romeo","8":"product_cat-fr_alfa-romeo","9":"product_cat-fr-chauffage-climatisation","10":"product_cat-en-condenser-climate","11":"product_cat-en-condenserclimate","12":"product_cat-fr-condenseur-climatisation","13":"product_cat-fr-condenseurclimatisation","14":"product_cat-en-heating-air-conditioning","15":"product_cat-de-heizung-klima","16":"product_cat-de-kondensator-klima-klimakuehler","17":"product_cat-de-kondensatorklima","18":"product_cat-de_slug_alfa-romeo_mito_977","19":"product_cat-en_slug_alfa-romeo_mito_27","20":"product_cat-fr_slug_alfa-romeo_mito_805","21":"product_cat-fr-zar95500001183955-200000606","22":"product_cat-de-zar95500001183955-200000606","23":"product_cat-en-zar95500001183955-200000606","24":"product_shipping_class-tarif-2","25":"entry","27":"first","28":"instock","29":"taxable","30":"shipping-taxable","31":"purchasable","32":"product-type-simple"},"jetpack_sharing_enabled":true,"_links":{"self":[{"href":"https:\/\/occasions-teile.ch\/en\/wp-json\/wp\/v2\/product\/398963","targetHints":{"allow":["GET"]}}],"collection":[{"href":"https:\/\/occasions-teile.ch\/en\/wp-json\/wp\/v2\/product"}],"about":[{"href":"https:\/\/occasions-teile.ch\/en\/wp-json\/wp\/v2\/types\/product"}],"wp:featuredmedia":[{"embeddable":true,"href":"https:\/\/occasions-teile.ch\/en\/wp-json\/wp\/v2\/media\/398960"}],"wp:attachment":[{"href":"https:\/\/occasions-teile.ch\/en\/wp-json\/wp\/v2\/media?parent=398963"}],"wp:term":[{"taxonomy":"product_brand","embeddable":true,"href":"https:\/\/occasions-teile.ch\/en\/wp-json\/wp\/v2\/product_brand?post=398963"},{"taxonomy":"product_cat","embeddable":true,"href":"https:\/\/occasions-teile.ch\/en\/wp-json\/wp\/v2\/product_cat?post=398963"},{"taxonomy":"product_tag","embeddable":true,"href":"https:\/\/occasions-teile.ch\/en\/wp-json\/wp\/v2\/product_tag?post=398963"}],"curies":[{"name":"wp","href":"https:\/\/api.w.org\/{rel}","templated":true}]}}