{"id":398542,"date":"2026-04-10T09:23:53","date_gmt":"2026-04-10T09:23:53","guid":{"rendered":"https:\/\/occasions-teile.ch\/product\/opel-vivaro-federbein-stossdaempfer-hinten-5\/"},"modified":"2026-04-10T09:24:01","modified_gmt":"2026-04-10T09:24:01","slug":"opel-vivaro-federbein-stossdaempfer-hinten-5","status":"publish","type":"product","link":"https:\/\/occasions-teile.ch\/en\/produkt\/opel-vivaro-federbein-stossdaempfer-hinten-5\/","title":{"rendered":"Opel Vivaro  Federbein Stossd\u00e4mpfer hinten"},"content":{"rendered":"<p><span><b>Technische Daten<\/b><\/p>\n<p> Fahrzeug: Opel Vivaro  B<br \/>\n Chassis Nr.: WOLF7G604HV638755<br \/>\n Baujahr: 2017<br \/>\n Kilometer: 140000 KM<br \/>\n Leistung: 121 KW<br \/>\n Hubraum: 1598 ccm<br \/>\n Typ: 3OB161<br \/>\n Farbcode: White\/Weiss<br \/>\n Hinweise: &#8211;<\/p>\n<p> Versand: Versand nur in der Schweiz m\u00f6glich.Im Ausland ist der Transport k\u00e4uferseits.<br \/>\n Garantie: 3 Monate Garantie. Bitte beachten Sie, dass die Gew\u00e4hrleistung nur g\u00fcltig ist, wenn der Ersatzteileinbau durch eine Fachwerkstatt\/Meisterwerkstatt erfolgt. Das Ein- und Ausbau des Ersatzteiles kann nicht an uns verrechnet werden. <\/p>\n<p> Ersatzteil: f\u00fcr andere Fahrzeugen (Marken) verf\u00fcgbar auf anfrage. Tel.041 980 27 47. Mobil. 076 589 27 47<\/p>\n<p> Kontakt<br \/>\n  Adresse: Autoverwertung Brun AG<br \/>\n           M\u00f6\u00f6slimatten 13<br \/>\n           6218 Ettiswil<br \/>\n  Telefon: 0041 (041) 980 27 47<br \/>\n  Telefax: 0041 (041) 980 03 47<\/p>\n<p> Wir bieten Ihnen weitere gebrauchte Autoteile zum Kauf an.<br \/>\n Tags: Federbein Stossd\u00e4mpfer hinten, Suspension strut rear shock absorber, Amortisseur arri\u00e8re de jambe de suspension<br \/>\n<\/span><\/p>\n","protected":false},"excerpt":{"rendered":"<p>Technische Daten Fahrzeug: Opel Vivaro B Chassis Nr.: WOLF7G604HV638755 Baujahr: 2017 Kilometer: 140000 KM Leistung: 121 KW Hubraum: 1598 ccm Typ: 3OB161 Farbcode: White\/Weiss Hinweise: &#8211; Versand: Versand nur in der Schweiz m\u00f6glich.Im Ausland ist der Transport k\u00e4uferseits. Garantie: 3 Monate Garantie. Bitte beachten Sie, dass die Gew\u00e4hrleistung nur g\u00fcltig ist, wenn der Ersatzteileinbau durch&hellip; <a class=\"more-link\" href=\"https:\/\/occasions-teile.ch\/en\/produkt\/opel-vivaro-federbein-stossdaempfer-hinten-5\/\">Continue reading <span class=\"screen-reader-text\">Opel Vivaro  Federbein Stossd\u00e4mpfer hinten<\/span><\/a><\/p>\n","protected":false},"featured_media":398539,"template":"","meta":[],"product_brand":[],"product_cat":[544,541,762,813,766,815,613,616,619,764,814,547,2262,2264,2266,24647,24648,24649],"product_tag":[],"class_list":{"0":"post-398542","1":"product","2":"type-product","3":"status-publish","4":"has-post-thumbnail","6":"product_cat-en-chassis-steering","7":"product_cat-de-fahrwerk-lenkung","8":"product_cat-de-federbeine-stossdaempfer","9":"product_cat-de-federbeine-stossdaempfer-hinten","10":"product_cat-fr-jambes-de-force-amortisseurs","11":"product_cat-fr-jambes-de-force-amortisseurs-arriere","12":"product_cat-de_opel","13":"product_cat-en_opel","14":"product_cat-fr_opel","15":"product_cat-en-struts-shock-absorbers","16":"product_cat-en-suspension-struts-shock-absorber-rear","17":"product_cat-fr-train-de-roulement-direction","18":"product_cat-de_vivaro","19":"product_cat-en_vivaro","20":"product_cat-fr_vivaro","21":"product_cat-de-wolf7g604hv638755-200000515","22":"product_cat-en-wolf7g604hv638755-200000515","23":"product_cat-fr-wolf7g604hv638755-200000515","24":"product_shipping_class-tarif-1","25":"entry","27":"first","28":"instock","29":"taxable","30":"shipping-taxable","31":"purchasable","32":"product-type-simple"},"jetpack_sharing_enabled":true,"_links":{"self":[{"href":"https:\/\/occasions-teile.ch\/en\/wp-json\/wp\/v2\/product\/398542","targetHints":{"allow":["GET"]}}],"collection":[{"href":"https:\/\/occasions-teile.ch\/en\/wp-json\/wp\/v2\/product"}],"about":[{"href":"https:\/\/occasions-teile.ch\/en\/wp-json\/wp\/v2\/types\/product"}],"wp:featuredmedia":[{"embeddable":true,"href":"https:\/\/occasions-teile.ch\/en\/wp-json\/wp\/v2\/media\/398539"}],"wp:attachment":[{"href":"https:\/\/occasions-teile.ch\/en\/wp-json\/wp\/v2\/media?parent=398542"}],"wp:term":[{"taxonomy":"product_brand","embeddable":true,"href":"https:\/\/occasions-teile.ch\/en\/wp-json\/wp\/v2\/product_brand?post=398542"},{"taxonomy":"product_cat","embeddable":true,"href":"https:\/\/occasions-teile.ch\/en\/wp-json\/wp\/v2\/product_cat?post=398542"},{"taxonomy":"product_tag","embeddable":true,"href":"https:\/\/occasions-teile.ch\/en\/wp-json\/wp\/v2\/product_tag?post=398542"}],"curies":[{"name":"wp","href":"https:\/\/api.w.org\/{rel}","templated":true}]}}