{"id":398142,"date":"2026-04-08T10:00:22","date_gmt":"2026-04-08T10:00:22","guid":{"rendered":"https:\/\/occasions-teile.ch\/product\/skoda-fabia-zuendschloss-5\/"},"modified":"2026-04-08T10:00:28","modified_gmt":"2026-04-08T10:00:28","slug":"skoda-fabia-zuendschloss-5","status":"publish","type":"product","link":"https:\/\/occasions-teile.ch\/en\/produkt\/skoda-fabia-zuendschloss-5\/","title":{"rendered":"Skoda Fabia  Z\u00fcndschloss"},"content":{"rendered":"<p><span><b>Technische Daten<\/b><\/p>\n<p> Fahrzeug: Skoda Fabia  1.2TSI<br \/>\n Chassis Nr.: TMBEM6NJXFZ079826<br \/>\n Baujahr: 2016<br \/>\n Kilometer: 61268 KM<br \/>\n Leistung: 90 KW<br \/>\n Hubraum: 1197 ccm<br \/>\n Typ: 1SF885<br \/>\n Farbcode: Schwarz<br \/>\n Hinweise: &#8211;<\/p>\n<p> Versand: Versand nur in der Schweiz m\u00f6glich.Im Ausland ist der Transport k\u00e4uferseits.<br \/>\n Garantie: 3 Monate Garantie. Bitte beachten Sie, dass die Gew\u00e4hrleistung nur g\u00fcltig ist, wenn der Ersatzteileinbau durch eine Fachwerkstatt\/Meisterwerkstatt erfolgt. Das Ein- und Ausbau des Ersatzteiles kann nicht an uns verrechnet werden. <\/p>\n<p> Ersatzteil: f\u00fcr andere Fahrzeugen (Marken) verf\u00fcgbar auf anfrage. Tel.041 980 27 47. Mobil. 076 589 27 47<\/p>\n<p> Kontakt<br \/>\n  Adresse: Autoverwertung Brun AG<br \/>\n           M\u00f6\u00f6slimatten 13<br \/>\n           6218 Ettiswil<br \/>\n  Telefon: 0041 (041) 980 27 47<br \/>\n  Telefax: 0041 (041) 980 03 47<\/p>\n<p> Wir bieten Ihnen weitere gebrauchte Autoteile zum Kauf an.<br \/>\n Tags: Z\u00fcndschloss, Ignition lock, Serrure d&#8217;allumage<br \/>\n<\/span><\/p>\n","protected":false},"excerpt":{"rendered":"<p>Technische Daten Fahrzeug: Skoda Fabia 1.2TSI Chassis Nr.: TMBEM6NJXFZ079826 Baujahr: 2016 Kilometer: 61268 KM Leistung: 90 KW Hubraum: 1197 ccm Typ: 1SF885 Farbcode: Schwarz Hinweise: &#8211; Versand: Versand nur in der Schweiz m\u00f6glich.Im Ausland ist der Transport k\u00e4uferseits. Garantie: 3 Monate Garantie. Bitte beachten Sie, dass die Gew\u00e4hrleistung nur g\u00fcltig ist, wenn der Ersatzteileinbau durch&hellip; <a class=\"more-link\" href=\"https:\/\/occasions-teile.ch\/en\/produkt\/skoda-fabia-zuendschloss-5\/\">Continue reading <span class=\"screen-reader-text\">Skoda Fabia  Z\u00fcndschloss<\/span><\/a><\/p>\n","protected":false},"featured_media":398139,"template":"","meta":[],"product_brand":[],"product_cat":[661,659,3064,3062,3063,1161,500,494,497,657,1162,1463,1471,1476,17909,17911,17912,1160],"product_tag":[],"class_list":{"0":"post-398142","1":"product","2":"type-product","3":"status-publish","4":"has-post-thumbnail","6":"product_cat-fr-commande-du-moteur-allumage","7":"product_cat-en-engine-control-ignition","8":"product_cat-fr_fabia","9":"product_cat-de_fabia","10":"product_cat-en_fabia","11":"product_cat-en-ignition-lock","12":"product_cat-fr-moteur","13":"product_cat-de-motor","14":"product_cat-en-motor","15":"product_cat-de-motorsteuerung-zuendung","16":"product_cat-fr-serrure-dallumage","17":"product_cat-de_skoda","18":"product_cat-en_skoda-manufacturer-en","19":"product_cat-fr_skoda-fabricant-2","20":"product_cat-de-tmbem6njxfz079826-200000315","21":"product_cat-en-tmbem6njxfz079826-200000315","22":"product_cat-fr-tmbem6njxfz079826-200000315","23":"product_cat-de-zuendschloss","24":"product_shipping_class-tarif-1","25":"entry","27":"first","28":"instock","29":"taxable","30":"shipping-taxable","31":"purchasable","32":"product-type-simple"},"jetpack_sharing_enabled":true,"_links":{"self":[{"href":"https:\/\/occasions-teile.ch\/en\/wp-json\/wp\/v2\/product\/398142","targetHints":{"allow":["GET"]}}],"collection":[{"href":"https:\/\/occasions-teile.ch\/en\/wp-json\/wp\/v2\/product"}],"about":[{"href":"https:\/\/occasions-teile.ch\/en\/wp-json\/wp\/v2\/types\/product"}],"wp:featuredmedia":[{"embeddable":true,"href":"https:\/\/occasions-teile.ch\/en\/wp-json\/wp\/v2\/media\/398139"}],"wp:attachment":[{"href":"https:\/\/occasions-teile.ch\/en\/wp-json\/wp\/v2\/media?parent=398142"}],"wp:term":[{"taxonomy":"product_brand","embeddable":true,"href":"https:\/\/occasions-teile.ch\/en\/wp-json\/wp\/v2\/product_brand?post=398142"},{"taxonomy":"product_cat","embeddable":true,"href":"https:\/\/occasions-teile.ch\/en\/wp-json\/wp\/v2\/product_cat?post=398142"},{"taxonomy":"product_tag","embeddable":true,"href":"https:\/\/occasions-teile.ch\/en\/wp-json\/wp\/v2\/product_tag?post=398142"}],"curies":[{"name":"wp","href":"https:\/\/api.w.org\/{rel}","templated":true}]}}