{"id":397839,"date":"2026-04-04T07:24:17","date_gmt":"2026-04-04T07:24:17","guid":{"rendered":"https:\/\/occasions-teile.ch\/product\/skoda-kamiq-tmbgk6nw5t3093626\/"},"modified":"2026-04-04T07:24:20","modified_gmt":"2026-04-04T07:24:20","slug":"skoda-kamiq-tmbgk6nw5t3093626","status":"publish","type":"product","link":"https:\/\/occasions-teile.ch\/en\/produkt\/skoda-kamiq-tmbgk6nw5t3093626\/","title":{"rendered":"Skoda Kamiq , TMBGK6NW5T3093626"},"content":{"rendered":"<p><span><b>Technische Daten<\/b><\/p>\n<p> Fahrzeug: Skoda Kamiq  1.5 TSI Dynamic DSG<br \/>\n Chassis Nr.: TMBGK6NW5T3093626<br \/>\n Baujahr: 2026<br \/>\n Kilometer: 998 KM<br \/>\n Leistung: 110 PS<br \/>\n Hubraum: 1498 ccm<br \/>\n Typ: IVI<br \/>\n Farbcode: White\/Weiss<br \/>\n Hinweise: &#8211;<\/p>\n<p> Versand: Versand nur in der Schweiz m\u00f6glich.Im Ausland ist der Transport k\u00e4uferseits.<br \/>\n Garantie: 3 Monate Garantie. Bitte beachten Sie, dass die Gew\u00e4hrleistung nur g\u00fcltig ist, wenn der Ersatzteileinbau durch eine Fachwerkstatt\/Meisterwerkstatt erfolgt. Das Ein- und Ausbau des Ersatzteiles kann nicht an uns verrechnet werden. <\/p>\n<p> Ersatzteil: f\u00fcr andere Fahrzeugen (Marken) verf\u00fcgbar auf anfrage. Tel.041 980 27 47. Mobil. 076 589 27 47<\/p>\n<p> Kontakt<br \/>\n  Adresse: Autoverwertung Brun AG<br \/>\n           M\u00f6\u00f6slimatten 13<br \/>\n           6218 Ettiswil<br \/>\n  Telefon: 0041 (041) 980 27 47<br \/>\n  Telefax: 0041 (041) 980 03 47<\/p>\n<p> Wir bieten Ihnen weitere gebrauchte Autoteile zum Kauf an.<br \/>\n<\/span><\/p>\n","protected":false},"excerpt":{"rendered":"<p>Technische Daten Fahrzeug: Skoda Kamiq 1.5 TSI Dynamic DSG Chassis Nr.: TMBGK6NW5T3093626 Baujahr: 2026 Kilometer: 998 KM Leistung: 110 PS Hubraum: 1498 ccm Typ: IVI Farbcode: White\/Weiss Hinweise: &#8211; Versand: Versand nur in der Schweiz m\u00f6glich.Im Ausland ist der Transport k\u00e4uferseits. Garantie: 3 Monate Garantie. Bitte beachten Sie, dass die Gew\u00e4hrleistung nur g\u00fcltig ist, wenn&hellip; <a class=\"more-link\" href=\"https:\/\/occasions-teile.ch\/en\/produkt\/skoda-kamiq-tmbgk6nw5t3093626\/\">Continue reading <span class=\"screen-reader-text\">Skoda Kamiq , TMBGK6NW5T3093626<\/span><\/a><\/p>\n","protected":false},"featured_media":397836,"template":"","meta":[],"product_brand":[],"product_cat":[24955,24953,24954,6011,6012,6013,1471,1476,1463,21313,21341,21342],"product_tag":[],"class_list":{"0":"post-397839","1":"product","2":"type-product","3":"status-publish","4":"has-post-thumbnail","6":"product_cat-fr-1-5-tsi-dynamic-dsg","7":"product_cat-de-1-5-tsi-dynamic-dsg","8":"product_cat-en-1-5-tsi-dynamic-dsg","9":"product_cat-de_slug_skoda_kamiq_931","10":"product_cat-en_slug_skoda_kamiq_194","11":"product_cat-fr_slug_skoda_kamiq_986","12":"product_cat-en_skoda-manufacturer-en","13":"product_cat-fr_skoda-fabricant-2","14":"product_cat-de_skoda","15":"product_cat-cars-for-sale","16":"product_cat-cars-for-sale-en","17":"product_cat-cars-for-sale-fr","18":"product_shipping_class-no-ship","19":"entry","21":"first","22":"instock","23":"purchasable","24":"product-type-simple"},"jetpack_sharing_enabled":true,"_links":{"self":[{"href":"https:\/\/occasions-teile.ch\/en\/wp-json\/wp\/v2\/product\/397839","targetHints":{"allow":["GET"]}}],"collection":[{"href":"https:\/\/occasions-teile.ch\/en\/wp-json\/wp\/v2\/product"}],"about":[{"href":"https:\/\/occasions-teile.ch\/en\/wp-json\/wp\/v2\/types\/product"}],"wp:featuredmedia":[{"embeddable":true,"href":"https:\/\/occasions-teile.ch\/en\/wp-json\/wp\/v2\/media\/397836"}],"wp:attachment":[{"href":"https:\/\/occasions-teile.ch\/en\/wp-json\/wp\/v2\/media?parent=397839"}],"wp:term":[{"taxonomy":"product_brand","embeddable":true,"href":"https:\/\/occasions-teile.ch\/en\/wp-json\/wp\/v2\/product_brand?post=397839"},{"taxonomy":"product_cat","embeddable":true,"href":"https:\/\/occasions-teile.ch\/en\/wp-json\/wp\/v2\/product_cat?post=397839"},{"taxonomy":"product_tag","embeddable":true,"href":"https:\/\/occasions-teile.ch\/en\/wp-json\/wp\/v2\/product_tag?post=397839"}],"curies":[{"name":"wp","href":"https:\/\/api.w.org\/{rel}","templated":true}]}}