{"id":397368,"date":"2026-03-31T20:17:45","date_gmt":"2026-03-31T20:17:45","guid":{"rendered":"https:\/\/occasions-teile.ch\/product\/opel-combo-antriebswelle-vorn-links-2\/"},"modified":"2026-03-31T20:17:50","modified_gmt":"2026-03-31T20:17:50","slug":"opel-combo-antriebswelle-vorn-links-2","status":"publish","type":"product","link":"https:\/\/occasions-teile.ch\/en\/produkt\/opel-combo-antriebswelle-vorn-links-2\/","title":{"rendered":"Opel Combo  Antriebswelle vorn links"},"content":{"rendered":"<p><span><b>Technische Daten<\/b><\/p>\n<p> Fahrzeug: Opel Combo  D<br \/>\n Chassis Nr.: W0L6ZYC1AG9572266<br \/>\n Baujahr: 2015<br \/>\n Kilometer: 126547 KM<br \/>\n Leistung: 90 KW<br \/>\n Hubraum: 1300 ccm<br \/>\n Typ: 3OB124<br \/>\n Farbcode: White\/Weiss<br \/>\n Hinweise: &#8211;<\/p>\n<p> Versand: Versand nur in der Schweiz m\u00f6glich.Im Ausland ist der Transport k\u00e4uferseits.<br \/>\n Garantie: 3 Monate Garantie. Bitte beachten Sie, dass die Gew\u00e4hrleistung nur g\u00fcltig ist, wenn der Ersatzteileinbau durch eine Fachwerkstatt\/Meisterwerkstatt erfolgt. Das Ein- und Ausbau des Ersatzteiles kann nicht an uns verrechnet werden. <\/p>\n<p> Ersatzteil: f\u00fcr andere Fahrzeugen (Marken) verf\u00fcgbar auf anfrage. Tel.041 980 27 47. Mobil. 076 589 27 47<\/p>\n<p> Kontakt<br \/>\n  Adresse: Autoverwertung Brun AG<br \/>\n           M\u00f6\u00f6slimatten 13<br \/>\n           6218 Ettiswil<br \/>\n  Telefon: 0041 (041) 980 27 47<br \/>\n  Telefax: 0041 (041) 980 03 47<\/p>\n<p> Wir bieten Ihnen weitere gebrauchte Autoteile zum Kauf an.<br \/>\n Tags: Antriebswelle vorn links, Drive shaft front left , Arbre d&#8217;entrai^nement avant gauche<br \/>\n<\/span><\/p>\n","protected":false},"excerpt":{"rendered":"<p>Technische Daten Fahrzeug: Opel Combo D Chassis Nr.: W0L6ZYC1AG9572266 Baujahr: 2015 Kilometer: 126547 KM Leistung: 90 KW Hubraum: 1300 ccm Typ: 3OB124 Farbcode: White\/Weiss Hinweise: &#8211; Versand: Versand nur in der Schweiz m\u00f6glich.Im Ausland ist der Transport k\u00e4uferseits. Garantie: 3 Monate Garantie. Bitte beachten Sie, dass die Gew\u00e4hrleistung nur g\u00fcltig ist, wenn der Ersatzteileinbau durch&hellip; <a class=\"more-link\" href=\"https:\/\/occasions-teile.ch\/en\/produkt\/opel-combo-antriebswelle-vorn-links-2\/\">Continue reading <span class=\"screen-reader-text\">Opel Combo  Antriebswelle vorn links<\/span><\/a><\/p>\n","protected":false},"featured_media":397365,"template":"","meta":[],"product_brand":[],"product_cat":[786,785,786,785,617,617,617,786,785,651,651,616,616,616,651,615,615,615],"product_tag":[],"class_list":{"0":"post-397368","1":"product","2":"type-product","3":"status-publish","4":"has-post-thumbnail","6":"product_cat-en-drive-shaft-front-left","7":"product_cat-en-drive-shafts","10":"product_cat-en_combo","15":"product_cat-en-gearbox-drive","17":"product_cat-en_opel","21":"product_cat-en-w0l6zyc1ag9572266","24":"product_shipping_class-tarif-1-en","25":"entry","27":"first","28":"instock","29":"taxable","30":"shipping-taxable","31":"purchasable","32":"product-type-simple"},"jetpack_sharing_enabled":true,"_links":{"self":[{"href":"https:\/\/occasions-teile.ch\/en\/wp-json\/wp\/v2\/product\/397368","targetHints":{"allow":["GET"]}}],"collection":[{"href":"https:\/\/occasions-teile.ch\/en\/wp-json\/wp\/v2\/product"}],"about":[{"href":"https:\/\/occasions-teile.ch\/en\/wp-json\/wp\/v2\/types\/product"}],"wp:featuredmedia":[{"embeddable":true,"href":"https:\/\/occasions-teile.ch\/en\/wp-json\/wp\/v2\/media\/397365"}],"wp:attachment":[{"href":"https:\/\/occasions-teile.ch\/en\/wp-json\/wp\/v2\/media?parent=397368"}],"wp:term":[{"taxonomy":"product_brand","embeddable":true,"href":"https:\/\/occasions-teile.ch\/en\/wp-json\/wp\/v2\/product_brand?post=397368"},{"taxonomy":"product_cat","embeddable":true,"href":"https:\/\/occasions-teile.ch\/en\/wp-json\/wp\/v2\/product_cat?post=397368"},{"taxonomy":"product_tag","embeddable":true,"href":"https:\/\/occasions-teile.ch\/en\/wp-json\/wp\/v2\/product_tag?post=397368"}],"curies":[{"name":"wp","href":"https:\/\/api.w.org\/{rel}","templated":true}]}}