{"id":396743,"date":"2026-03-23T13:53:26","date_gmt":"2026-03-23T13:53:26","guid":{"rendered":"https:\/\/occasions-teile.ch\/product\/nissan-qashqai-wischerschalter\/"},"modified":"2026-03-23T13:53:33","modified_gmt":"2026-03-23T13:53:33","slug":"nissan-qashqai-wischerschalter","status":"publish","type":"product","link":"https:\/\/occasions-teile.ch\/en\/produkt\/nissan-qashqai-wischerschalter\/","title":{"rendered":"Nissan Qashqai  Wischerschalter"},"content":{"rendered":"<p><span><b>Technische Daten<\/b><\/p>\n<p> Fahrzeug: Nissan Qashqai  J10 2.0<br \/>\n Chassis Nr.: SJNFBNJ10U1006629<br \/>\n Baujahr: 2007<br \/>\n Kilometer: 170528 KM<br \/>\n Leistung: 141 KW<br \/>\n Hubraum: 1997 ccm<br \/>\n Typ: 1NA376<br \/>\n Farbcode: grau<br \/>\n Hinweise: &#8211;<\/p>\n<p> Versand: Versand nur in der Schweiz m\u00f6glich.Im Ausland ist der Transport k\u00e4uferseits.<br \/>\n Garantie: 3 Monate Garantie. Bitte beachten Sie, dass die Gew\u00e4hrleistung nur g\u00fcltig ist, wenn der Ersatzteileinbau durch eine Fachwerkstatt\/Meisterwerkstatt erfolgt. Das Ein- und Ausbau des Ersatzteiles kann nicht an uns verrechnet werden. <\/p>\n<p> Ersatzteil: f\u00fcr andere Fahrzeugen (Marken) verf\u00fcgbar auf anfrage. Tel.041 980 27 47. Mobil. 076 589 27 47<\/p>\n<p> Kontakt<br \/>\n  Adresse: Autoverwertung Brun AG<br \/>\n           M\u00f6\u00f6slimatten 13<br \/>\n           6218 Ettiswil<br \/>\n  Telefon: 0041 (041) 980 27 47<br \/>\n  Telefax: 0041 (041) 980 03 47<\/p>\n<p> Wir bieten Ihnen weitere gebrauchte Autoteile zum Kauf an.<br \/>\n Tags: Wischerschalter, Wiper switch, Interrupteur d&#8217;essuie-glace<br \/>\n<\/span><\/p>\n","protected":false},"excerpt":{"rendered":"<p>Technische Daten Fahrzeug: Nissan Qashqai J10 2.0 Chassis Nr.: SJNFBNJ10U1006629 Baujahr: 2007 Kilometer: 170528 KM Leistung: 141 KW Hubraum: 1997 ccm Typ: 1NA376 Farbcode: grau Hinweise: &#8211; Versand: Versand nur in der Schweiz m\u00f6glich.Im Ausland ist der Transport k\u00e4uferseits. Garantie: 3 Monate Garantie. Bitte beachten Sie, dass die Gew\u00e4hrleistung nur g\u00fcltig ist, wenn der Ersatzteileinbau&hellip; <a class=\"more-link\" href=\"https:\/\/occasions-teile.ch\/en\/produkt\/nissan-qashqai-wischerschalter\/\">Continue reading <span class=\"screen-reader-text\">Nissan Qashqai  Wischerschalter<\/span><\/a><\/p>\n","protected":false},"featured_media":396740,"template":"","meta":[],"product_brand":[],"product_cat":[627,624,621,628,1874,1757,1751,1754,2043,2045,2041,622,2122,2119,2120,625,1873,1872],"product_tag":[],"class_list":{"0":"post-396743","1":"product","2":"type-product","3":"status-publish","4":"has-post-thumbnail","6":"product_cat-fr-electricite-dispositifs-de-commande","7":"product_cat-en-electrics-control-units","8":"product_cat-de-elektrik-steuergeraete","9":"product_cat-fr-interrupteur","10":"product_cat-fr-interrupteur-dessuie-glace","11":"product_cat-fr_nissan","12":"product_cat-de_nissan","13":"product_cat-en_nissan","14":"product_cat-en_qashqai","15":"product_cat-fr_qashqai","16":"product_cat-de_qashqai","17":"product_cat-de-schalter","18":"product_cat-fr-sjnfbnj10u1006629-20000181-vehicle-fr-2","19":"product_cat-de-sjnfbnj10u1006629-20000181","20":"product_cat-en-sjnfbnj10u1006629-20000181","21":"product_cat-en-switch","22":"product_cat-en-wiper-switch","23":"product_cat-de-wischerschalter","24":"product_shipping_class-tarif-1","25":"entry","27":"first","28":"instock","29":"taxable","30":"shipping-taxable","31":"purchasable","32":"product-type-simple"},"jetpack_sharing_enabled":true,"_links":{"self":[{"href":"https:\/\/occasions-teile.ch\/en\/wp-json\/wp\/v2\/product\/396743","targetHints":{"allow":["GET"]}}],"collection":[{"href":"https:\/\/occasions-teile.ch\/en\/wp-json\/wp\/v2\/product"}],"about":[{"href":"https:\/\/occasions-teile.ch\/en\/wp-json\/wp\/v2\/types\/product"}],"wp:featuredmedia":[{"embeddable":true,"href":"https:\/\/occasions-teile.ch\/en\/wp-json\/wp\/v2\/media\/396740"}],"wp:attachment":[{"href":"https:\/\/occasions-teile.ch\/en\/wp-json\/wp\/v2\/media?parent=396743"}],"wp:term":[{"taxonomy":"product_brand","embeddable":true,"href":"https:\/\/occasions-teile.ch\/en\/wp-json\/wp\/v2\/product_brand?post=396743"},{"taxonomy":"product_cat","embeddable":true,"href":"https:\/\/occasions-teile.ch\/en\/wp-json\/wp\/v2\/product_cat?post=396743"},{"taxonomy":"product_tag","embeddable":true,"href":"https:\/\/occasions-teile.ch\/en\/wp-json\/wp\/v2\/product_tag?post=396743"}],"curies":[{"name":"wp","href":"https:\/\/api.w.org\/{rel}","templated":true}]}}