{"id":395419,"date":"2026-03-16T05:47:52","date_gmt":"2026-03-16T05:47:52","guid":{"rendered":"https:\/\/occasions-teile.ch\/product\/hyundai-santa-fe-drosselklappen-einspritzung\/"},"modified":"2026-03-16T05:47:58","modified_gmt":"2026-03-16T05:47:58","slug":"hyundai-santa-fe-drosselklappen-einspritzung","status":"publish","type":"product","link":"https:\/\/occasions-teile.ch\/en\/produkt\/hyundai-santa-fe-drosselklappen-einspritzung\/","title":{"rendered":"Hyundai Santa Fe  Drosselklappen Einspritzung"},"content":{"rendered":"<p><span><b>Technische Daten<\/b><\/p>\n<p> Fahrzeug: Hyundai Santa Fe  2.2 CRDi 4&#215;4<br \/>\n Chassis Nr.: KMHSH81WP8U319235<br \/>\n Baujahr: 2008<br \/>\n Kilometer: 196804 KM<br \/>\n Leistung: 155 KW<br \/>\n Hubraum: 2188 ccm<br \/>\n Typ: 1HB655<br \/>\n Farbcode: silber<br \/>\n Hinweise: &#8211;<\/p>\n<p> Versand: Versand nur in der Schweiz m\u00f6glich.Im Ausland ist der Transport k\u00e4uferseits.<br \/>\n Garantie: 3 Monate Garantie. Bitte beachten Sie, dass die Gew\u00e4hrleistung nur g\u00fcltig ist, wenn der Ersatzteileinbau durch eine Fachwerkstatt\/Meisterwerkstatt erfolgt. Das Ein- und Ausbau des Ersatzteiles kann nicht an uns verrechnet werden. <\/p>\n<p> Ersatzteil: f\u00fcr andere Fahrzeugen (Marken) verf\u00fcgbar auf anfrage. Tel.041 980 27 47. Mobil. 076 589 27 47<\/p>\n<p> Kontakt<br \/>\n  Adresse: Autoverwertung Brun AG<br \/>\n           M\u00f6\u00f6slimatten 13<br \/>\n           6218 Ettiswil<br \/>\n  Telefon: 0041 (041) 980 27 47<br \/>\n  Telefax: 0041 (041) 980 03 47<\/p>\n<p> Wir bieten Ihnen weitere gebrauchte Autoteile zum Kauf an.<br \/>\n Tags: Drosselklappen Einspritzung, Throttle valves\/injection , Vannes a` papillon\/injection<br \/>\n<\/span><\/p>\n","protected":false},"excerpt":{"rendered":"<p>Technische Daten Fahrzeug: Hyundai Santa Fe 2.2 CRDi 4&#215;4 Chassis Nr.: KMHSH81WP8U319235 Baujahr: 2008 Kilometer: 196804 KM Leistung: 155 KW Hubraum: 2188 ccm Typ: 1HB655 Farbcode: silber Hinweise: &#8211; Versand: Versand nur in der Schweiz m\u00f6glich.Im Ausland ist der Transport k\u00e4uferseits. Garantie: 3 Monate Garantie. Bitte beachten Sie, dass die Gew\u00e4hrleistung nur g\u00fcltig ist, wenn&hellip; <a class=\"more-link\" href=\"https:\/\/occasions-teile.ch\/en\/produkt\/hyundai-santa-fe-drosselklappen-einspritzung\/\">Continue reading <span class=\"screen-reader-text\">Hyundai Santa Fe  Drosselklappen Einspritzung<\/span><\/a><\/p>\n","protected":false},"featured_media":395416,"template":"","meta":[],"product_brand":[],"product_cat":[663,1403,2400,2400,2400,24912,24912,24912,663,494,494,494,5180,5181,5182,663,1403,1403],"product_tag":[],"class_list":{"0":"post-395419","1":"product","2":"type-product","3":"status-publish","4":"has-post-thumbnail","6":"product_cat-de-luft-kraftstoffsystem","7":"product_cat-de-drosselklappen-einspritzung","8":"product_cat-de_hyundai","11":"product_cat-de-kmhsh81wp8u319235-200000588","15":"product_cat-de-motor","18":"product_cat-de_slug_hyundai_santa-fe_719","19":"product_cat-en_slug_hyundai_santa-fe_832","20":"product_cat-fr_slug_hyundai_santa-fe_124","24":"product_shipping_class-tarif-1","25":"entry","27":"first","28":"instock","29":"taxable","30":"shipping-taxable","31":"purchasable","32":"product-type-simple"},"jetpack_sharing_enabled":true,"_links":{"self":[{"href":"https:\/\/occasions-teile.ch\/en\/wp-json\/wp\/v2\/product\/395419","targetHints":{"allow":["GET"]}}],"collection":[{"href":"https:\/\/occasions-teile.ch\/en\/wp-json\/wp\/v2\/product"}],"about":[{"href":"https:\/\/occasions-teile.ch\/en\/wp-json\/wp\/v2\/types\/product"}],"wp:featuredmedia":[{"embeddable":true,"href":"https:\/\/occasions-teile.ch\/en\/wp-json\/wp\/v2\/media\/395416"}],"wp:attachment":[{"href":"https:\/\/occasions-teile.ch\/en\/wp-json\/wp\/v2\/media?parent=395419"}],"wp:term":[{"taxonomy":"product_brand","embeddable":true,"href":"https:\/\/occasions-teile.ch\/en\/wp-json\/wp\/v2\/product_brand?post=395419"},{"taxonomy":"product_cat","embeddable":true,"href":"https:\/\/occasions-teile.ch\/en\/wp-json\/wp\/v2\/product_cat?post=395419"},{"taxonomy":"product_tag","embeddable":true,"href":"https:\/\/occasions-teile.ch\/en\/wp-json\/wp\/v2\/product_tag?post=395419"}],"curies":[{"name":"wp","href":"https:\/\/api.w.org\/{rel}","templated":true}]}}