{"id":395399,"date":"2026-03-16T05:18:17","date_gmt":"2026-03-16T05:18:17","guid":{"rendered":"https:\/\/occasions-teile.ch\/product\/bmw-x-serien-x3-rueckfahrkamera-steuergeraet\/"},"modified":"2026-03-16T05:18:23","modified_gmt":"2026-03-16T05:18:23","slug":"bmw-x-serien-x3-rueckfahrkamera-steuergeraet","status":"publish","type":"product","link":"https:\/\/occasions-teile.ch\/en\/produkt\/bmw-x-serien-x3-rueckfahrkamera-steuergeraet\/","title":{"rendered":"BMW X-serien X3 R\u00fcckfahrkamera Steuerger\u00e4t"},"content":{"rendered":"<p><span><b>Technische Daten<\/b><\/p>\n<p> Fahrzeug: BMW X-serien X3 F25 xDrive 20d<br \/>\n Chassis Nr.: WBAWZ510400S28172<br \/>\n Baujahr: 2016<br \/>\n Kilometer: 87176 KM<br \/>\n Leistung: 190 KW<br \/>\n Hubraum: 1995 ccm<br \/>\n Typ: 1BH194<br \/>\n Farbcode: White\/Weiss<br \/>\n Hinweise: &#8211;<\/p>\n<p> Versand: Versand nur in der Schweiz m\u00f6glich.Im Ausland ist der Transport k\u00e4uferseits.<br \/>\n Garantie: 3 Monate Garantie. Bitte beachten Sie, dass die Gew\u00e4hrleistung nur g\u00fcltig ist, wenn der Ersatzteileinbau durch eine Fachwerkstatt\/Meisterwerkstatt erfolgt. Das Ein- und Ausbau des Ersatzteiles kann nicht an uns verrechnet werden. <\/p>\n<p> Ersatzteil: f\u00fcr andere Fahrzeugen (Marken) verf\u00fcgbar auf anfrage. Tel.041 980 27 47. Mobil. 076 589 27 47<\/p>\n<p> Kontakt<br \/>\n  Adresse: Autoverwertung Brun AG<br \/>\n           M\u00f6\u00f6slimatten 13<br \/>\n           6218 Ettiswil<br \/>\n  Telefon: 0041 (041) 980 27 47<br \/>\n  Telefax: 0041 (041) 980 03 47<\/p>\n<p> Wir bieten Ihnen weitere gebrauchte Autoteile zum Kauf an.<br \/>\n Tags: R\u00fcckfahrkamera Steuerger\u00e4t, Rear view camera control unit, Calculateur de cam\u00e9ra de recul<br \/>\n<\/span><\/p>\n","protected":false},"excerpt":{"rendered":"<p>Technische Daten Fahrzeug: BMW X-serien X3 F25 xDrive 20d Chassis Nr.: WBAWZ510400S28172 Baujahr: 2016 Kilometer: 87176 KM Leistung: 190 KW Hubraum: 1995 ccm Typ: 1BH194 Farbcode: White\/Weiss Hinweise: &#8211; Versand: Versand nur in der Schweiz m\u00f6glich.Im Ausland ist der Transport k\u00e4uferseits. Garantie: 3 Monate Garantie. Bitte beachten Sie, dass die Gew\u00e4hrleistung nur g\u00fcltig ist, wenn&hellip; <a class=\"more-link\" href=\"https:\/\/occasions-teile.ch\/en\/produkt\/bmw-x-serien-x3-rueckfahrkamera-steuergeraet\/\">Continue reading <span class=\"screen-reader-text\">BMW X-serien X3 R\u00fcckfahrkamera Steuerger\u00e4t<\/span><\/a><\/p>\n","protected":false},"featured_media":395396,"template":"","meta":[],"product_brand":[],"product_cat":[957,1509,1509,1509,2414,621,957,621,621,957,2414,2414,24903,24903,24903,2151,2151,2151],"product_tag":[],"class_list":{"0":"post-395399","1":"product","2":"type-product","3":"status-publish","4":"has-post-thumbnail","6":"product_cat-de-einparkhilferueckfahrkamera","7":"product_cat-de_bmw","10":"product_cat-de-rueckfahrkamera-steuergeraet","11":"product_cat-de-elektrik-steuergeraete","18":"product_cat-de-wbawz510400s28172-200000584","21":"product_cat-de_x-serien-x3","24":"product_shipping_class-tarif-1","25":"entry","27":"first","28":"instock","29":"taxable","30":"shipping-taxable","31":"purchasable","32":"product-type-simple"},"jetpack_sharing_enabled":true,"_links":{"self":[{"href":"https:\/\/occasions-teile.ch\/en\/wp-json\/wp\/v2\/product\/395399","targetHints":{"allow":["GET"]}}],"collection":[{"href":"https:\/\/occasions-teile.ch\/en\/wp-json\/wp\/v2\/product"}],"about":[{"href":"https:\/\/occasions-teile.ch\/en\/wp-json\/wp\/v2\/types\/product"}],"wp:featuredmedia":[{"embeddable":true,"href":"https:\/\/occasions-teile.ch\/en\/wp-json\/wp\/v2\/media\/395396"}],"wp:attachment":[{"href":"https:\/\/occasions-teile.ch\/en\/wp-json\/wp\/v2\/media?parent=395399"}],"wp:term":[{"taxonomy":"product_brand","embeddable":true,"href":"https:\/\/occasions-teile.ch\/en\/wp-json\/wp\/v2\/product_brand?post=395399"},{"taxonomy":"product_cat","embeddable":true,"href":"https:\/\/occasions-teile.ch\/en\/wp-json\/wp\/v2\/product_cat?post=395399"},{"taxonomy":"product_tag","embeddable":true,"href":"https:\/\/occasions-teile.ch\/en\/wp-json\/wp\/v2\/product_tag?post=395399"}],"curies":[{"name":"wp","href":"https:\/\/api.w.org\/{rel}","templated":true}]}}