{"id":395383,"date":"2026-03-16T04:59:44","date_gmt":"2026-03-16T04:59:44","guid":{"rendered":"https:\/\/occasions-teile.ch\/product\/bmw-x-serien-x3-start-stop-schalter\/"},"modified":"2026-03-16T04:59:49","modified_gmt":"2026-03-16T04:59:49","slug":"bmw-x-serien-x3-start-stop-schalter","status":"publish","type":"product","link":"https:\/\/occasions-teile.ch\/en\/produkt\/bmw-x-serien-x3-start-stop-schalter\/","title":{"rendered":"BMW X-serien X3 start\/stop schalter"},"content":{"rendered":"<p><span><b>Technische Daten<\/b><\/p>\n<p> Fahrzeug: BMW X-serien X3 F25 xDrive 20d<br \/>\n Chassis Nr.: WBAWZ510400S28172<br \/>\n Baujahr: 2016<br \/>\n Kilometer: 87176 KM<br \/>\n Leistung: 190 KW<br \/>\n Hubraum: 1995 ccm<br \/>\n Typ: 1BH194<br \/>\n Farbcode: White\/Weiss<br \/>\n Hinweise: &#8211;<\/p>\n<p> Versand: Versand nur in der Schweiz m\u00f6glich.Im Ausland ist der Transport k\u00e4uferseits.<br \/>\n Garantie: 3 Monate Garantie. Bitte beachten Sie, dass die Gew\u00e4hrleistung nur g\u00fcltig ist, wenn der Ersatzteileinbau durch eine Fachwerkstatt\/Meisterwerkstatt erfolgt. Das Ein- und Ausbau des Ersatzteiles kann nicht an uns verrechnet werden. <\/p>\n<p> Ersatzteil: f\u00fcr andere Fahrzeugen (Marken) verf\u00fcgbar auf anfrage. Tel.041 980 27 47. Mobil. 076 589 27 47<\/p>\n<p> Kontakt<br \/>\n  Adresse: Autoverwertung Brun AG<br \/>\n           M\u00f6\u00f6slimatten 13<br \/>\n           6218 Ettiswil<br \/>\n  Telefon: 0041 (041) 980 27 47<br \/>\n  Telefax: 0041 (041) 980 03 47<\/p>\n<p> Wir bieten Ihnen weitere gebrauchte Autoteile zum Kauf an.<br \/>\n Tags: start\/stop schalter, start stop switch, interrupteur marche\/arr\u00eat<br \/>\n<\/span><\/p>\n","protected":false},"excerpt":{"rendered":"<p>Technische Daten Fahrzeug: BMW X-serien X3 F25 xDrive 20d Chassis Nr.: WBAWZ510400S28172 Baujahr: 2016 Kilometer: 87176 KM Leistung: 190 KW Hubraum: 1995 ccm Typ: 1BH194 Farbcode: White\/Weiss Hinweise: &#8211; Versand: Versand nur in der Schweiz m\u00f6glich.Im Ausland ist der Transport k\u00e4uferseits. Garantie: 3 Monate Garantie. Bitte beachten Sie, dass die Gew\u00e4hrleistung nur g\u00fcltig ist, wenn&hellip; <a class=\"more-link\" href=\"https:\/\/occasions-teile.ch\/en\/produkt\/bmw-x-serien-x3-start-stop-schalter\/\">Continue reading <span class=\"screen-reader-text\">BMW X-serien X3 start\/stop schalter<\/span><\/a><\/p>\n","protected":false},"featured_media":395380,"template":"","meta":[],"product_brand":[],"product_cat":[1515,1509,1512,627,624,621,628,1977,622,1976,1975,625,24905,24903,24904,2153,2155,2151],"product_tag":[],"class_list":{"0":"post-395383","1":"product","2":"type-product","3":"status-publish","4":"has-post-thumbnail","6":"product_cat-fr_bmw","7":"product_cat-de_bmw","8":"product_cat-en_bmw","9":"product_cat-fr-electricite-dispositifs-de-commande","10":"product_cat-en-electrics-control-units","11":"product_cat-de-elektrik-steuergeraete","12":"product_cat-fr-interrupteur","13":"product_cat-fr-interrupteur-marche-arret","14":"product_cat-de-schalter","15":"product_cat-en-start-stop-switch","16":"product_cat-de-start-stop-schalter","17":"product_cat-en-switch","18":"product_cat-fr-wbawz510400s28172-200000584","19":"product_cat-de-wbawz510400s28172-200000584","20":"product_cat-en-wbawz510400s28172-200000584","21":"product_cat-en_x-serien-x3","22":"product_cat-fr_x-serien-x3","23":"product_cat-de_x-serien-x3","24":"product_shipping_class-tarif-1","25":"entry","27":"first","28":"instock","29":"taxable","30":"shipping-taxable","31":"purchasable","32":"product-type-simple"},"jetpack_sharing_enabled":true,"_links":{"self":[{"href":"https:\/\/occasions-teile.ch\/en\/wp-json\/wp\/v2\/product\/395383","targetHints":{"allow":["GET"]}}],"collection":[{"href":"https:\/\/occasions-teile.ch\/en\/wp-json\/wp\/v2\/product"}],"about":[{"href":"https:\/\/occasions-teile.ch\/en\/wp-json\/wp\/v2\/types\/product"}],"wp:featuredmedia":[{"embeddable":true,"href":"https:\/\/occasions-teile.ch\/en\/wp-json\/wp\/v2\/media\/395380"}],"wp:attachment":[{"href":"https:\/\/occasions-teile.ch\/en\/wp-json\/wp\/v2\/media?parent=395383"}],"wp:term":[{"taxonomy":"product_brand","embeddable":true,"href":"https:\/\/occasions-teile.ch\/en\/wp-json\/wp\/v2\/product_brand?post=395383"},{"taxonomy":"product_cat","embeddable":true,"href":"https:\/\/occasions-teile.ch\/en\/wp-json\/wp\/v2\/product_cat?post=395383"},{"taxonomy":"product_tag","embeddable":true,"href":"https:\/\/occasions-teile.ch\/en\/wp-json\/wp\/v2\/product_tag?post=395383"}],"curies":[{"name":"wp","href":"https:\/\/api.w.org\/{rel}","templated":true}]}}