{"id":395367,"date":"2026-03-16T04:30:33","date_gmt":"2026-03-16T04:30:33","guid":{"rendered":"https:\/\/occasions-teile.ch\/product\/peugeot-expert-lenkgetriebe\/"},"modified":"2026-03-16T04:30:38","modified_gmt":"2026-03-16T04:30:38","slug":"peugeot-expert-lenkgetriebe","status":"publish","type":"product","link":"https:\/\/occasions-teile.ch\/en\/produkt\/peugeot-expert-lenkgetriebe\/","title":{"rendered":"Peugeot Expert  Lenkgetriebe"},"content":{"rendered":"<p><span><b>Technische Daten<\/b><\/p>\n<p> Fahrzeug: Peugeot Expert  1.5 BlueHDi Kasten<br \/>\n Chassis Nr.: VF3VBYHRMPZ065610<br \/>\n Baujahr: 2023<br \/>\n Kilometer: 59203 KM<br \/>\n Leistung: 102 KW<br \/>\n Hubraum: 1499 ccm<br \/>\n Typ: 3PD494<br \/>\n Farbcode: White\/Weiss<br \/>\n Hinweise: &#8211;<\/p>\n<p> Versand: Versand nur in der Schweiz m\u00f6glich.Im Ausland ist der Transport k\u00e4uferseits.<br \/>\n Garantie: 3 Monate Garantie. Bitte beachten Sie, dass die Gew\u00e4hrleistung nur g\u00fcltig ist, wenn der Ersatzteileinbau durch eine Fachwerkstatt\/Meisterwerkstatt erfolgt. Das Ein- und Ausbau des Ersatzteiles kann nicht an uns verrechnet werden. <\/p>\n<p> Ersatzteil: f\u00fcr andere Fahrzeugen (Marken) verf\u00fcgbar auf anfrage. Tel.041 980 27 47. Mobil. 076 589 27 47<\/p>\n<p> Kontakt<br \/>\n  Adresse: Autoverwertung Brun AG<br \/>\n           M\u00f6\u00f6slimatten 13<br \/>\n           6218 Ettiswil<br \/>\n  Telefon: 0041 (041) 980 27 47<br \/>\n  Telefax: 0041 (041) 980 03 47<\/p>\n<p> Wir bieten Ihnen weitere gebrauchte Autoteile zum Kauf an.<br \/>\n Tags: Lenkgetriebe, Steering gear , Boi^te de direction<br \/>\n<\/span><\/p>\n","protected":false},"excerpt":{"rendered":"<p>Technische Daten Fahrzeug: Peugeot Expert 1.5 BlueHDi Kasten Chassis Nr.: VF3VBYHRMPZ065610 Baujahr: 2023 Kilometer: 59203 KM Leistung: 102 KW Hubraum: 1499 ccm Typ: 3PD494 Farbcode: White\/Weiss Hinweise: &#8211; Versand: Versand nur in der Schweiz m\u00f6glich.Im Ausland ist der Transport k\u00e4uferseits. Garantie: 3 Monate Garantie. Bitte beachten Sie, dass die Gew\u00e4hrleistung nur g\u00fcltig ist, wenn der&hellip; <a class=\"more-link\" href=\"https:\/\/occasions-teile.ch\/en\/produkt\/peugeot-expert-lenkgetriebe\/\">Continue reading <span class=\"screen-reader-text\">Peugeot Expert  Lenkgetriebe<\/span><\/a><\/p>\n","protected":false},"featured_media":395364,"template":"","meta":[],"product_brand":[],"product_cat":[709,710,544,1907,1909,1911,541,705,706,1184,1187,1190,707,708,547,24908,24906,24907],"product_tag":[],"class_list":{"0":"post-395367","1":"product","2":"type-product","3":"status-publish","4":"has-post-thumbnail","6":"product_cat-fr-boite-de-direction","7":"product_cat-fr-boite-de-direction-fr-boite-de-direction","8":"product_cat-en-chassis-steering","9":"product_cat-de_expert","10":"product_cat-en_expert","11":"product_cat-fr_expert","12":"product_cat-de-fahrwerk-lenkung","13":"product_cat-de-lenkgetriebe","14":"product_cat-de-lenkgetriebe-de-lenkgetriebe","15":"product_cat-de_peugeot","16":"product_cat-en_peugeot","17":"product_cat-fr_peugeot","18":"product_cat-en-steering-gear","19":"product_cat-en-steering-gear-en-steering-gear","20":"product_cat-fr-train-de-roulement-direction","21":"product_cat-fr-vf3vbyhrmpz065610-200000500","22":"product_cat-de-vf3vbyhrmpz065610-200000500","23":"product_cat-en-vf3vbyhrmpz065610-200000500","24":"product_shipping_class-tarif-2","25":"entry","27":"first","28":"instock","29":"taxable","30":"shipping-taxable","31":"purchasable","32":"product-type-simple"},"jetpack_sharing_enabled":true,"_links":{"self":[{"href":"https:\/\/occasions-teile.ch\/en\/wp-json\/wp\/v2\/product\/395367","targetHints":{"allow":["GET"]}}],"collection":[{"href":"https:\/\/occasions-teile.ch\/en\/wp-json\/wp\/v2\/product"}],"about":[{"href":"https:\/\/occasions-teile.ch\/en\/wp-json\/wp\/v2\/types\/product"}],"wp:featuredmedia":[{"embeddable":true,"href":"https:\/\/occasions-teile.ch\/en\/wp-json\/wp\/v2\/media\/395364"}],"wp:attachment":[{"href":"https:\/\/occasions-teile.ch\/en\/wp-json\/wp\/v2\/media?parent=395367"}],"wp:term":[{"taxonomy":"product_brand","embeddable":true,"href":"https:\/\/occasions-teile.ch\/en\/wp-json\/wp\/v2\/product_brand?post=395367"},{"taxonomy":"product_cat","embeddable":true,"href":"https:\/\/occasions-teile.ch\/en\/wp-json\/wp\/v2\/product_cat?post=395367"},{"taxonomy":"product_tag","embeddable":true,"href":"https:\/\/occasions-teile.ch\/en\/wp-json\/wp\/v2\/product_tag?post=395367"}],"curies":[{"name":"wp","href":"https:\/\/api.w.org\/{rel}","templated":true}]}}