{"id":395355,"date":"2026-03-16T04:15:24","date_gmt":"2026-03-16T04:15:24","guid":{"rendered":"https:\/\/occasions-teile.ch\/product\/audi-a1-alternator-4\/"},"modified":"2026-03-16T04:15:29","modified_gmt":"2026-03-16T04:15:29","slug":"audi-a1-alternator-4","status":"publish","type":"product","link":"https:\/\/occasions-teile.ch\/en\/produkt\/audi-a1-alternator-4\/","title":{"rendered":"Audi A1  Alternator"},"content":{"rendered":"<p><span><b>Technische Daten<\/b><\/p>\n<p> Fahrzeug: Audi A1  SB 1.0TFSI<br \/>\n Chassis Nr.: WAUZZZ8X5GB056403<br \/>\n Baujahr: 2016<br \/>\n Kilometer: 99915 KM<br \/>\n Leistung: 95 KW<br \/>\n Hubraum: 999 ccm<br \/>\n Typ: 1AD629<br \/>\n Farbcode: White\/Weiss<br \/>\n Hinweise: &#8211;<\/p>\n<p> Versand: Versand nur in der Schweiz m\u00f6glich.Im Ausland ist der Transport k\u00e4uferseits.<br \/>\n Garantie: 3 Monate Garantie. Bitte beachten Sie, dass die Gew\u00e4hrleistung nur g\u00fcltig ist, wenn der Ersatzteileinbau durch eine Fachwerkstatt\/Meisterwerkstatt erfolgt. Das Ein- und Ausbau des Ersatzteiles kann nicht an uns verrechnet werden. <\/p>\n<p> Ersatzteil: f\u00fcr andere Fahrzeugen (Marken) verf\u00fcgbar auf anfrage. Tel.041 980 27 47. Mobil. 076 589 27 47<\/p>\n<p> Kontakt<br \/>\n  Adresse: Autoverwertung Brun AG<br \/>\n           M\u00f6\u00f6slimatten 13<br \/>\n           6218 Ettiswil<br \/>\n  Telefon: 0041 (041) 980 27 47<br \/>\n  Telefax: 0041 (041) 980 03 47<\/p>\n<p> Wir bieten Ihnen weitere gebrauchte Autoteile zum Kauf an.<br \/>\n Tags: Alternator, Alternator, Alternateur<br \/>\n<\/span><\/p>\n","protected":false},"excerpt":{"rendered":"<p>Technische Daten Fahrzeug: Audi A1 SB 1.0TFSI Chassis Nr.: WAUZZZ8X5GB056403 Baujahr: 2016 Kilometer: 99915 KM Leistung: 95 KW Hubraum: 999 ccm Typ: 1AD629 Farbcode: White\/Weiss Hinweise: &#8211; Versand: Versand nur in der Schweiz m\u00f6glich.Im Ausland ist der Transport k\u00e4uferseits. Garantie: 3 Monate Garantie. Bitte beachten Sie, dass die Gew\u00e4hrleistung nur g\u00fcltig ist, wenn der Ersatzteileinbau&hellip; <a class=\"more-link\" href=\"https:\/\/occasions-teile.ch\/en\/produkt\/audi-a1-alternator-4\/\">Continue reading <span class=\"screen-reader-text\">Audi A1  Alternator<\/span><\/a><\/p>\n","protected":false},"featured_media":395352,"template":"","meta":[],"product_brand":[],"product_cat":[4303,4301,4302,703,704,700,701,702,461,464,458,627,624,621,699,24918,24919,24920],"product_tag":[],"class_list":{"0":"post-395355","1":"product","2":"type-product","3":"status-publish","4":"has-post-thumbnail","6":"product_cat-fr_slug_audi_a1_970","7":"product_cat-de_slug_audi_a1_209","8":"product_cat-en_slug_audi_a1_693","9":"product_cat-fr-alternateur","10":"product_cat-fr-alternateur-fr-alternateur","11":"product_cat-de-alternator","12":"product_cat-en-alternator","13":"product_cat-en-alternator-en-alternator","14":"product_cat-en_audi","15":"product_cat-fr_audi","16":"product_cat-de_audi","17":"product_cat-fr-electricite-dispositifs-de-commande","18":"product_cat-en-electrics-control-units","19":"product_cat-de-elektrik-steuergeraete","20":"product_cat-de-lichtmaschine","21":"product_cat-de-wauzzz8x5gb056403-200000587","22":"product_cat-en-wauzzz8x5gb056403-200000587","23":"product_cat-fr-wauzzz8x5gb056403-200000587","24":"product_shipping_class-tarif-1","25":"entry","27":"first","28":"instock","29":"taxable","30":"shipping-taxable","31":"purchasable","32":"product-type-simple"},"jetpack_sharing_enabled":true,"_links":{"self":[{"href":"https:\/\/occasions-teile.ch\/en\/wp-json\/wp\/v2\/product\/395355","targetHints":{"allow":["GET"]}}],"collection":[{"href":"https:\/\/occasions-teile.ch\/en\/wp-json\/wp\/v2\/product"}],"about":[{"href":"https:\/\/occasions-teile.ch\/en\/wp-json\/wp\/v2\/types\/product"}],"wp:featuredmedia":[{"embeddable":true,"href":"https:\/\/occasions-teile.ch\/en\/wp-json\/wp\/v2\/media\/395352"}],"wp:attachment":[{"href":"https:\/\/occasions-teile.ch\/en\/wp-json\/wp\/v2\/media?parent=395355"}],"wp:term":[{"taxonomy":"product_brand","embeddable":true,"href":"https:\/\/occasions-teile.ch\/en\/wp-json\/wp\/v2\/product_brand?post=395355"},{"taxonomy":"product_cat","embeddable":true,"href":"https:\/\/occasions-teile.ch\/en\/wp-json\/wp\/v2\/product_cat?post=395355"},{"taxonomy":"product_tag","embeddable":true,"href":"https:\/\/occasions-teile.ch\/en\/wp-json\/wp\/v2\/product_tag?post=395355"}],"curies":[{"name":"wp","href":"https:\/\/api.w.org\/{rel}","templated":true}]}}