{"id":392727,"date":"2026-03-11T18:29:51","date_gmt":"2026-03-11T18:29:51","guid":{"rendered":"https:\/\/occasions-teile.ch\/product\/fiat-punto-motor\/"},"modified":"2026-03-11T18:29:55","modified_gmt":"2026-03-11T18:29:55","slug":"fiat-punto-motor","status":"publish","type":"product","link":"https:\/\/occasions-teile.ch\/en\/produkt\/fiat-punto-motor\/","title":{"rendered":"Fiat Punto  Motor"},"content":{"rendered":"<p><span><b>Technische Daten<\/b><\/p>\n<p> Fahrzeug: Fiat Punto  1.4TB 16V<br \/>\n Chassis Nr.: ZFA1990000P023879<br \/>\n Baujahr: 2014<br \/>\n Kilometer: 104375 KM<br \/>\n Leistung: 135 KW<br \/>\n Hubraum: 1368 ccm<br \/>\n Typ: 1FB787<br \/>\n Farbcode: White\/Weiss<br \/>\n Hinweise: &#8211;<\/p>\n<p> Versand: Versand nur in der Schweiz m\u00f6glich.Im Ausland ist der Transport k\u00e4uferseits.<br \/>\n Garantie: 3 Monate Garantie. Bitte beachten Sie, dass die Gew\u00e4hrleistung nur g\u00fcltig ist, wenn der Ersatzteileinbau durch eine Fachwerkstatt\/Meisterwerkstatt erfolgt. Das Ein- und Ausbau des Ersatzteiles kann nicht an uns verrechnet werden. <\/p>\n<p> Ersatzteil: f\u00fcr andere Fahrzeugen (Marken) verf\u00fcgbar auf anfrage. Tel.041 980 27 47. Mobil. 076 589 27 47<\/p>\n<p> Kontakt<br \/>\n  Adresse: Autoverwertung Brun AG<br \/>\n           M\u00f6\u00f6slimatten 13<br \/>\n           6218 Ettiswil<br \/>\n  Telefon: 0041 (041) 980 27 47<br \/>\n  Telefax: 0041 (041) 980 03 47<\/p>\n<p> Wir bieten Ihnen weitere gebrauchte Autoteile zum Kauf an.<br \/>\n Tags: Motor, Motor , Moteur<br \/>\n<\/span><\/p>\n","protected":false},"excerpt":{"rendered":"<p>Technische Daten Fahrzeug: Fiat Punto 1.4TB 16V Chassis Nr.: ZFA1990000P023879 Baujahr: 2014 Kilometer: 104375 KM Leistung: 135 KW Hubraum: 1368 ccm Typ: 1FB787 Farbcode: White\/Weiss Hinweise: &#8211; Versand: Versand nur in der Schweiz m\u00f6glich.Im Ausland ist der Transport k\u00e4uferseits. Garantie: 3 Monate Garantie. Bitte beachten Sie, dass die Gew\u00e4hrleistung nur g\u00fcltig ist, wenn der Ersatzteileinbau&hellip; <a class=\"more-link\" href=\"https:\/\/occasions-teile.ch\/en\/produkt\/fiat-punto-motor\/\">Continue reading <span class=\"screen-reader-text\">Fiat Punto  Motor<\/span><\/a><\/p>\n","protected":false},"featured_media":392724,"template":"","meta":[],"product_brand":[],"product_cat":[1377,1380,1383,500,501,502,498,494,499,495,496,497,1436,1438,1440,1437,1439,1435],"product_tag":[],"class_list":{"0":"post-392727","1":"product","2":"type-product","3":"status-publish","4":"has-post-thumbnail","6":"product_cat-de_fiat","7":"product_cat-en_fiat","8":"product_cat-fr_fiat","9":"product_cat-fr-moteur","10":"product_cat-fr-moteur-fr-moteur","11":"product_cat-fr-moteur-fr-moteur-fr-moteur","12":"product_cat-en-motor-en-motor","13":"product_cat-de-motor","14":"product_cat-en-motor-en-motor-en-motor","15":"product_cat-de-motor-de-motor","16":"product_cat-de-motor-de-motor-de-motor","17":"product_cat-en-motor","18":"product_cat-de_punto","19":"product_cat-en_punto","20":"product_cat-fr_punto","21":"product_cat-en-zfa1990000p023879","22":"product_cat-fr-zfa1990000p023879","23":"product_cat-de-zfa1990000p023879","24":"product_shipping_class-tarif-4","25":"entry","27":"first","28":"instock","29":"taxable","30":"shipping-taxable","31":"purchasable","32":"product-type-simple"},"jetpack_sharing_enabled":true,"_links":{"self":[{"href":"https:\/\/occasions-teile.ch\/en\/wp-json\/wp\/v2\/product\/392727","targetHints":{"allow":["GET"]}}],"collection":[{"href":"https:\/\/occasions-teile.ch\/en\/wp-json\/wp\/v2\/product"}],"about":[{"href":"https:\/\/occasions-teile.ch\/en\/wp-json\/wp\/v2\/types\/product"}],"wp:featuredmedia":[{"embeddable":true,"href":"https:\/\/occasions-teile.ch\/en\/wp-json\/wp\/v2\/media\/392724"}],"wp:attachment":[{"href":"https:\/\/occasions-teile.ch\/en\/wp-json\/wp\/v2\/media?parent=392727"}],"wp:term":[{"taxonomy":"product_brand","embeddable":true,"href":"https:\/\/occasions-teile.ch\/en\/wp-json\/wp\/v2\/product_brand?post=392727"},{"taxonomy":"product_cat","embeddable":true,"href":"https:\/\/occasions-teile.ch\/en\/wp-json\/wp\/v2\/product_cat?post=392727"},{"taxonomy":"product_tag","embeddable":true,"href":"https:\/\/occasions-teile.ch\/en\/wp-json\/wp\/v2\/product_tag?post=392727"}],"curies":[{"name":"wp","href":"https:\/\/api.w.org\/{rel}","templated":true}]}}