{"id":388355,"date":"2026-03-04T18:21:27","date_gmt":"2026-03-04T18:21:27","guid":{"rendered":"https:\/\/occasions-teile.ch\/product\/subaru-xv-getriebe-5\/"},"modified":"2026-03-04T18:21:32","modified_gmt":"2026-03-04T18:21:32","slug":"subaru-xv-getriebe-5","status":"publish","type":"product","link":"https:\/\/occasions-teile.ch\/en\/produkt\/subaru-xv-getriebe-5\/","title":{"rendered":"Subaru XV  Getriebe"},"content":{"rendered":"<p><span><b>Technische Daten<\/b><\/p>\n<p> Fahrzeug: Subaru XV  2.0 D AWD<br \/>\n Chassis Nr.: JF1GPDLZ3CG002396<br \/>\n Baujahr: 2012<br \/>\n Kilometer: 116632 KM<br \/>\n Leistung: 147 KW<br \/>\n Hubraum: 1998 ccm<br \/>\n Typ: 1SC747<br \/>\n Farbcode: silber<br \/>\n Hinweise: &#8211;<\/p>\n<p> Versand: Versand nur in der Schweiz m\u00f6glich.Im Ausland ist der Transport k\u00e4uferseits.<br \/>\n Garantie: 3 Monate Garantie. Bitte beachten Sie, dass die Gew\u00e4hrleistung nur g\u00fcltig ist, wenn der Ersatzteileinbau durch eine Fachwerkstatt\/Meisterwerkstatt erfolgt. Das Ein- und Ausbau des Ersatzteiles kann nicht an uns verrechnet werden. <\/p>\n<p> Ersatzteil: f\u00fcr andere Fahrzeugen (Marken) verf\u00fcgbar auf anfrage. Tel.041 980 27 47. Mobil. 076 589 27 47<\/p>\n<p> Kontakt<br \/>\n  Adresse: Autoverwertung Brun AG<br \/>\n           M\u00f6\u00f6slimatten 13<br \/>\n           6218 Ettiswil<br \/>\n  Telefon: 0041 (041) 980 27 47<br \/>\n  Telefax: 0041 (041) 980 03 47<\/p>\n<p> Wir bieten Ihnen weitere gebrauchte Autoteile zum Kauf an.<br \/>\n Tags: Getriebe , Manual transmission, Boi^te de vitesses<br \/>\n<\/span><\/p>\n","protected":false},"excerpt":{"rendered":"<p>Technische Daten Fahrzeug: Subaru XV 2.0 D AWD Chassis Nr.: JF1GPDLZ3CG002396 Baujahr: 2012 Kilometer: 116632 KM Leistung: 147 KW Hubraum: 1998 ccm Typ: 1SC747 Farbcode: silber Hinweise: &#8211; Versand: Versand nur in der Schweiz m\u00f6glich.Im Ausland ist der Transport k\u00e4uferseits. Garantie: 3 Monate Garantie. Bitte beachten Sie, dass die Gew\u00e4hrleistung nur g\u00fcltig ist, wenn der&hellip; <a class=\"more-link\" href=\"https:\/\/occasions-teile.ch\/en\/produkt\/subaru-xv-getriebe-5\/\">Continue reading <span class=\"screen-reader-text\">Subaru XV  Getriebe<\/span><\/a><\/p>\n","protected":false},"featured_media":388352,"template":"","meta":[],"product_brand":[],"product_cat":[655,656,651,648,24879,24880,24881,653,652,649,650,1199,1202,1205,654,1206,1200,1203],"product_tag":[],"class_list":{"0":"post-388355","1":"product","2":"type-product","3":"status-publish","4":"has-post-thumbnail","6":"product_cat-fr-boite-de-vitesses","7":"product_cat-fr-boite-de-vitesses-fr-boite-de-vitesses","8":"product_cat-en-gearbox-drive","9":"product_cat-de-getriebe-antrieb","10":"product_cat-de-jf1gpdlz3cg002396-200000580","11":"product_cat-en-jf1gpdlz3cg002396-200000580","12":"product_cat-fr-jf1gpdlz3cg002396-200000580","13":"product_cat-en-manual-transmission-en-manual-transmission","14":"product_cat-en-manual-transmission","15":"product_cat-de-schaltgetriebe","16":"product_cat-de-schaltgetriebe-de-schaltgetriebe","17":"product_cat-de_subaru","18":"product_cat-en_subaru","19":"product_cat-fr_subaru","20":"product_cat-fr-transmission-entrainement","21":"product_cat-fr_xv","22":"product_cat-de_xv","23":"product_cat-en_xv","24":"product_shipping_class-tarif-4","25":"entry","27":"first","28":"instock","29":"taxable","30":"shipping-taxable","31":"purchasable","32":"product-type-simple"},"jetpack_sharing_enabled":true,"_links":{"self":[{"href":"https:\/\/occasions-teile.ch\/en\/wp-json\/wp\/v2\/product\/388355","targetHints":{"allow":["GET"]}}],"collection":[{"href":"https:\/\/occasions-teile.ch\/en\/wp-json\/wp\/v2\/product"}],"about":[{"href":"https:\/\/occasions-teile.ch\/en\/wp-json\/wp\/v2\/types\/product"}],"wp:featuredmedia":[{"embeddable":true,"href":"https:\/\/occasions-teile.ch\/en\/wp-json\/wp\/v2\/media\/388352"}],"wp:attachment":[{"href":"https:\/\/occasions-teile.ch\/en\/wp-json\/wp\/v2\/media?parent=388355"}],"wp:term":[{"taxonomy":"product_brand","embeddable":true,"href":"https:\/\/occasions-teile.ch\/en\/wp-json\/wp\/v2\/product_brand?post=388355"},{"taxonomy":"product_cat","embeddable":true,"href":"https:\/\/occasions-teile.ch\/en\/wp-json\/wp\/v2\/product_cat?post=388355"},{"taxonomy":"product_tag","embeddable":true,"href":"https:\/\/occasions-teile.ch\/en\/wp-json\/wp\/v2\/product_tag?post=388355"}],"curies":[{"name":"wp","href":"https:\/\/api.w.org\/{rel}","templated":true}]}}