{"id":387656,"date":"2026-03-03T14:10:34","date_gmt":"2026-03-03T14:10:34","guid":{"rendered":"https:\/\/occasions-teile.ch\/product\/subaru-xv-klimakompressor\/"},"modified":"2026-03-03T14:10:39","modified_gmt":"2026-03-03T14:10:39","slug":"subaru-xv-klimakompressor","status":"publish","type":"product","link":"https:\/\/occasions-teile.ch\/en\/produkt\/subaru-xv-klimakompressor\/","title":{"rendered":"Subaru XV  Klimakompressor"},"content":{"rendered":"<p><span><b>Technische Daten<\/b><\/p>\n<p> Fahrzeug: Subaru XV  2.0 D AWD<br \/>\n Chassis Nr.: JF1GPDLZ3CG002396<br \/>\n Baujahr: 2012<br \/>\n Kilometer: 116632 KM<br \/>\n Leistung: 147 KW<br \/>\n Hubraum: 1998 ccm<br \/>\n Typ: 1SC747<br \/>\n Farbcode: silber<br \/>\n Hinweise: &#8211;<\/p>\n<p> Versand: Versand nur in der Schweiz m\u00f6glich.Im Ausland ist der Transport k\u00e4uferseits.<br \/>\n Garantie: 3 Monate Garantie. Bitte beachten Sie, dass die Gew\u00e4hrleistung nur g\u00fcltig ist, wenn der Ersatzteileinbau durch eine Fachwerkstatt\/Meisterwerkstatt erfolgt. Das Ein- und Ausbau des Ersatzteiles kann nicht an uns verrechnet werden. <\/p>\n<p> Ersatzteil: f\u00fcr andere Fahrzeugen (Marken) verf\u00fcgbar auf anfrage. Tel.041 980 27 47. Mobil. 076 589 27 47<\/p>\n<p> Kontakt<br \/>\n  Adresse: Autoverwertung Brun AG<br \/>\n           M\u00f6\u00f6slimatten 13<br \/>\n           6218 Ettiswil<br \/>\n  Telefon: 0041 (041) 980 27 47<br \/>\n  Telefax: 0041 (041) 980 03 47<\/p>\n<p> Wir bieten Ihnen weitere gebrauchte Autoteile zum Kauf an.<br \/>\n Tags: Klimakompressor , Compressor Air conditioning , Compresseur Climatisation<br \/>\n<\/span><\/p>\n","protected":false},"excerpt":{"rendered":"<p>Technische Daten Fahrzeug: Subaru XV 2.0 D AWD Chassis Nr.: JF1GPDLZ3CG002396 Baujahr: 2012 Kilometer: 116632 KM Leistung: 147 KW Hubraum: 1998 ccm Typ: 1SC747 Farbcode: silber Hinweise: &#8211; Versand: Versand nur in der Schweiz m\u00f6glich.Im Ausland ist der Transport k\u00e4uferseits. Garantie: 3 Monate Garantie. Bitte beachten Sie, dass die Gew\u00e4hrleistung nur g\u00fcltig ist, wenn der&hellip; <a class=\"more-link\" href=\"https:\/\/occasions-teile.ch\/en\/produkt\/subaru-xv-klimakompressor\/\">Continue reading <span class=\"screen-reader-text\">Subaru XV  Klimakompressor<\/span><\/a><\/p>\n","protected":false},"featured_media":387653,"template":"","meta":[],"product_brand":[],"product_cat":[717,719,718,716,715,714,711,24881,24879,24880,713,712,1205,1199,1202,1203,1206,1200],"product_tag":[],"class_list":{"0":"post-387656","1":"product","2":"type-product","3":"status-publish","4":"has-post-thumbnail","6":"product_cat-fr-chauffage-climatisation","7":"product_cat-fr-compresseur-climatisation","8":"product_cat-fr-compresseurclimatisation","9":"product_cat-en-compressor-air-conditioning","10":"product_cat-en-compressorair-conditioning","11":"product_cat-en-heating-air-conditioning","12":"product_cat-de-heizung-klima","13":"product_cat-fr-jf1gpdlz3cg002396-200000580","14":"product_cat-de-jf1gpdlz3cg002396-200000580","15":"product_cat-en-jf1gpdlz3cg002396-200000580","16":"product_cat-de-kompressor-klima","17":"product_cat-de-kompressorklima","18":"product_cat-fr_subaru","19":"product_cat-de_subaru","20":"product_cat-en_subaru","21":"product_cat-en_xv","22":"product_cat-fr_xv","23":"product_cat-de_xv","24":"product_shipping_class-tarif-1","25":"entry","27":"first","28":"instock","29":"taxable","30":"shipping-taxable","31":"purchasable","32":"product-type-simple"},"jetpack_sharing_enabled":true,"_links":{"self":[{"href":"https:\/\/occasions-teile.ch\/en\/wp-json\/wp\/v2\/product\/387656","targetHints":{"allow":["GET"]}}],"collection":[{"href":"https:\/\/occasions-teile.ch\/en\/wp-json\/wp\/v2\/product"}],"about":[{"href":"https:\/\/occasions-teile.ch\/en\/wp-json\/wp\/v2\/types\/product"}],"wp:featuredmedia":[{"embeddable":true,"href":"https:\/\/occasions-teile.ch\/en\/wp-json\/wp\/v2\/media\/387653"}],"wp:attachment":[{"href":"https:\/\/occasions-teile.ch\/en\/wp-json\/wp\/v2\/media?parent=387656"}],"wp:term":[{"taxonomy":"product_brand","embeddable":true,"href":"https:\/\/occasions-teile.ch\/en\/wp-json\/wp\/v2\/product_brand?post=387656"},{"taxonomy":"product_cat","embeddable":true,"href":"https:\/\/occasions-teile.ch\/en\/wp-json\/wp\/v2\/product_cat?post=387656"},{"taxonomy":"product_tag","embeddable":true,"href":"https:\/\/occasions-teile.ch\/en\/wp-json\/wp\/v2\/product_tag?post=387656"}],"curies":[{"name":"wp","href":"https:\/\/api.w.org\/{rel}","templated":true}]}}