{"id":384725,"date":"2026-02-11T14:13:00","date_gmt":"2026-02-11T14:13:00","guid":{"rendered":"https:\/\/occasions-teile.ch\/product\/bmw-1-serien-135-motorhaubenschloss\/"},"modified":"2026-02-11T14:13:12","modified_gmt":"2026-02-11T14:13:12","slug":"bmw-1-serien-135-motorhaubenschloss","status":"publish","type":"product","link":"https:\/\/occasions-teile.ch\/en\/produkt\/bmw-1-serien-135-motorhaubenschloss\/","title":{"rendered":"BMW 1-serien 135 Motorhaubenschloss"},"content":{"rendered":"<p><span><b>Technische Daten<\/b><\/p>\n<p> Fahrzeug: BMW 1-serien 135 F40 M135i xDrive<br \/>\n Chassis Nr.: WBA7L110707H81357<br \/>\n Baujahr: 2021<br \/>\n Kilometer: 52227 KM<br \/>\n Leistung: 306 KW<br \/>\n Hubraum: 1198 ccm<br \/>\n Typ: 1BS885<br \/>\n Farbcode: Schwarz<br \/>\n Hinweise: &#8211;<\/p>\n<p> Versand: Versand nur in der Schweiz m\u00f6glich.Im Ausland ist der Transport k\u00e4uferseits.<br \/>\n Garantie: 3 Monate Garantie. Bitte beachten Sie, dass die Gew\u00e4hrleistung nur g\u00fcltig ist, wenn der Ersatzteileinbau durch eine Fachwerkstatt\/Meisterwerkstatt erfolgt. Das Ein- und Ausbau des Ersatzteiles kann nicht an uns verrechnet werden. <\/p>\n<p> Ersatzteil: f\u00fcr andere Fahrzeugen (Marken) verf\u00fcgbar auf anfrage. Tel.041 980 27 47. Mobil. 076 589 27 47<\/p>\n<p> Kontakt<br \/>\n  Adresse: Autoverwertung Brun AG<br \/>\n           M\u00f6\u00f6slimatten 13<br \/>\n           6218 Ettiswil<br \/>\n  Telefon: 0041 (041) 980 27 47<br \/>\n  Telefax: 0041 (041) 980 03 47<\/p>\n<p> Wir bieten Ihnen weitere gebrauchte Autoteile zum Kauf an.<br \/>\n Tags: Motorhaubenschloss , Hood lock, Catch hook , Serrure de capot,crochet d&#8217;arre^t<br \/>\n<\/span><\/p>\n","protected":false},"excerpt":{"rendered":"<p>Technische Daten Fahrzeug: BMW 1-serien 135 F40 M135i xDrive Chassis Nr.: WBA7L110707H81357 Baujahr: 2021 Kilometer: 52227 KM Leistung: 306 KW Hubraum: 1198 ccm Typ: 1BS885 Farbcode: Schwarz Hinweise: &#8211; Versand: Versand nur in der Schweiz m\u00f6glich.Im Ausland ist der Transport k\u00e4uferseits. Garantie: 3 Monate Garantie. Bitte beachten Sie, dass die Gew\u00e4hrleistung nur g\u00fcltig ist, wenn&hellip; <a class=\"more-link\" href=\"https:\/\/occasions-teile.ch\/en\/produkt\/bmw-1-serien-135-motorhaubenschloss\/\">Continue reading <span class=\"screen-reader-text\">BMW 1-serien 135 Motorhaubenschloss<\/span><\/a><\/p>\n","protected":false},"featured_media":384722,"template":"","meta":[],"product_brand":[],"product_cat":[1745,1745,1745,1509,1509,1509,512,513,512,6418,513,512,513,6418,6418,24843,24843,24843],"product_tag":[],"class_list":{"0":"post-384725","1":"product","2":"type-product","3":"status-publish","4":"has-post-thumbnail","6":"product_cat-de_1-serien-135","9":"product_cat-de_bmw","12":"product_cat-de-karosserie-front","13":"product_cat-de-motorhaubeteile","15":"product_cat-de-motorhaubenschloss-motorhaubeteile","21":"product_cat-de-wba7l110707h81357-200000572","24":"product_shipping_class-tarif-1","25":"entry","27":"first","28":"instock","29":"taxable","30":"shipping-taxable","31":"purchasable","32":"product-type-simple"},"jetpack_sharing_enabled":true,"_links":{"self":[{"href":"https:\/\/occasions-teile.ch\/en\/wp-json\/wp\/v2\/product\/384725","targetHints":{"allow":["GET"]}}],"collection":[{"href":"https:\/\/occasions-teile.ch\/en\/wp-json\/wp\/v2\/product"}],"about":[{"href":"https:\/\/occasions-teile.ch\/en\/wp-json\/wp\/v2\/types\/product"}],"wp:featuredmedia":[{"embeddable":true,"href":"https:\/\/occasions-teile.ch\/en\/wp-json\/wp\/v2\/media\/384722"}],"wp:attachment":[{"href":"https:\/\/occasions-teile.ch\/en\/wp-json\/wp\/v2\/media?parent=384725"}],"wp:term":[{"taxonomy":"product_brand","embeddable":true,"href":"https:\/\/occasions-teile.ch\/en\/wp-json\/wp\/v2\/product_brand?post=384725"},{"taxonomy":"product_cat","embeddable":true,"href":"https:\/\/occasions-teile.ch\/en\/wp-json\/wp\/v2\/product_cat?post=384725"},{"taxonomy":"product_tag","embeddable":true,"href":"https:\/\/occasions-teile.ch\/en\/wp-json\/wp\/v2\/product_tag?post=384725"}],"curies":[{"name":"wp","href":"https:\/\/api.w.org\/{rel}","templated":true}]}}