{"id":382206,"date":"2026-01-27T16:56:03","date_gmt":"2026-01-27T16:56:03","guid":{"rendered":"https:\/\/occasions-teile.ch\/product\/subaru-legacy-outback-partikelfilter\/"},"modified":"2026-05-05T10:36:18","modified_gmt":"2026-05-05T10:36:18","slug":"subaru-legacy-outback-partikelfilter","status":"publish","type":"product","link":"https:\/\/occasions-teile.ch\/en\/produkt\/subaru-legacy-outback-partikelfilter\/","title":{"rendered":"Subaru Legacy\/Outback  Partikelfilter"},"content":{"rendered":"<p><span><b>Technische Daten<\/b><\/p>\n<p> Fahrzeug: Subaru Legacy\/Outback<br \/>\n Chassis Nr.: JF1BSDLY2FG013530<br \/>\n Baujahr: 2015<br \/>\n Kilometer: 264184 KM<br \/>\n Leistung: 150 KW<br \/>\n Hubraum: 1998 ccm<br \/>\n Typ: 1SC781<br \/>\n Farbcode: White\/Weiss<br \/>\n Hinweise: &#8211;<\/p>\n<p> Versand: Versand nur in der Schweiz m\u00f6glich.Im Ausland ist der Transport k\u00e4uferseits.<br \/>\n Garantie: 3 Monate Garantie. Bitte beachten Sie, dass die Gew\u00e4hrleistung nur g\u00fcltig ist, wenn der Ersatzteileinbau durch eine Fachwerkstatt\/Meisterwerkstatt erfolgt. Das Ein- und Ausbau des Ersatzteiles kann nicht an uns verrechnet werden. <\/p>\n<p> Ersatzteil: f\u00fcr andere Fahrzeugen (Marken) verf\u00fcgbar auf anfrage. Tel.041 980 27 47. Mobil. 076 589 27 47<\/p>\n<p> Kontakt<br \/>\n  Adresse: Autoverwertung Brun AG<br \/>\n           M\u00f6\u00f6slimatten 13<br \/>\n           6218 Ettiswil<br \/>\n  Telefon: 0041 (041) 980 27 47<br \/>\n  Telefax: 0041 (041) 980 03 47<\/p>\n<p> Wir bieten Ihnen weitere gebrauchte Autoteile zum Kauf an.<br \/>\n Tags: Partikelfilter , Particle Filter, Filtre \u00e0 particule<br \/>\n<\/span><\/p>\n","protected":false},"excerpt":{"rendered":"<p>Technische Daten Fahrzeug: Subaru Legacy\/Outback Chassis Nr.: JF1BSDLY2FG013530 Baujahr: 2015 Kilometer: 264184 KM Leistung: 150 KW Hubraum: 1998 ccm Typ: 1SC781 Farbcode: White\/Weiss Hinweise: &#8211; Versand: Versand nur in der Schweiz m\u00f6glich.Im Ausland ist der Transport k\u00e4uferseits. Garantie: 3 Monate Garantie. Bitte beachten Sie, dass die Gew\u00e4hrleistung nur g\u00fcltig ist, wenn der Ersatzteileinbau durch eine&hellip; <a class=\"more-link\" href=\"https:\/\/occasions-teile.ch\/en\/produkt\/subaru-legacy-outback-partikelfilter\/\">Continue reading <span class=\"screen-reader-text\">Subaru Legacy\/Outback  Partikelfilter<\/span><\/a><\/p>\n","protected":false},"featured_media":382203,"template":"","meta":[],"product_brand":[],"product_cat":[597,646,644,600,2290,24828,24829,24830,642,2027,2023,2025,2289,2288,1199,1202,1205,603],"product_tag":[],"class_list":{"0":"post-382206","1":"product","2":"type-product","3":"status-publish","4":"has-post-thumbnail","6":"product_cat-de-abgasanlage","7":"product_cat-fr-catalyseur-filtre-a-particules","8":"product_cat-en-catalytic-converter-particle-filter","9":"product_cat-en-exhaust-system","10":"product_cat-fr-filtre-a-particule","11":"product_cat-de-jf1bsdly2fg013530-200000563","12":"product_cat-en-jf1bsdly2fg013530-200000563","13":"product_cat-fr-jf1bsdly2fg013530-200000563","14":"product_cat-de-katalysator-partikelfilter","15":"product_cat-fr_legacy-outback","16":"product_cat-de_legacy-outback","17":"product_cat-en_legacy-outback","18":"product_cat-en-particle-filter","19":"product_cat-de-partikelfilter","20":"product_cat-de_subaru","21":"product_cat-en_subaru","22":"product_cat-fr_subaru","23":"product_cat-fr-systeme-dechappement","24":"product_shipping_class-tarif-5","25":"entry","27":"first","28":"instock","29":"taxable","30":"shipping-taxable","31":"purchasable","32":"product-type-simple"},"jetpack_sharing_enabled":true,"_links":{"self":[{"href":"https:\/\/occasions-teile.ch\/en\/wp-json\/wp\/v2\/product\/382206","targetHints":{"allow":["GET"]}}],"collection":[{"href":"https:\/\/occasions-teile.ch\/en\/wp-json\/wp\/v2\/product"}],"about":[{"href":"https:\/\/occasions-teile.ch\/en\/wp-json\/wp\/v2\/types\/product"}],"wp:featuredmedia":[{"embeddable":true,"href":"https:\/\/occasions-teile.ch\/en\/wp-json\/wp\/v2\/media\/382203"}],"wp:attachment":[{"href":"https:\/\/occasions-teile.ch\/en\/wp-json\/wp\/v2\/media?parent=382206"}],"wp:term":[{"taxonomy":"product_brand","embeddable":true,"href":"https:\/\/occasions-teile.ch\/en\/wp-json\/wp\/v2\/product_brand?post=382206"},{"taxonomy":"product_cat","embeddable":true,"href":"https:\/\/occasions-teile.ch\/en\/wp-json\/wp\/v2\/product_cat?post=382206"},{"taxonomy":"product_tag","embeddable":true,"href":"https:\/\/occasions-teile.ch\/en\/wp-json\/wp\/v2\/product_tag?post=382206"}],"curies":[{"name":"wp","href":"https:\/\/api.w.org\/{rel}","templated":true}]}}