{"id":380052,"date":"2026-01-10T10:43:08","date_gmt":"2026-01-10T10:43:08","guid":{"rendered":"https:\/\/occasions-teile.ch\/product\/opel-corsa-rueckfahrkamera\/"},"modified":"2026-01-10T10:43:22","modified_gmt":"2026-01-10T10:43:22","slug":"opel-corsa-rueckfahrkamera","status":"publish","type":"product","link":"https:\/\/occasions-teile.ch\/en\/produkt\/opel-corsa-rueckfahrkamera\/","title":{"rendered":"Opel Corsa  R\u00fcckfahrkamera"},"content":{"rendered":"<p><span><b>Technische Daten<\/b><\/p>\n<p> Fahrzeug: Opel Corsa  E 1.0T<br \/>\n Chassis Nr.: W0L0XEP08F6069505<br \/>\n Baujahr: 2015<br \/>\n Kilometer: 69872 KM<br \/>\n Leistung: 116 KW<br \/>\n Hubraum: 999 ccm<br \/>\n Typ: 1OC192<br \/>\n Farbcode: &#8211;<br \/>\n Hinweise: &#8211;<\/p>\n<p> Versand: Versand nur in der Schweiz m\u00f6glich.Im Ausland ist der Transport k\u00e4uferseits.<br \/>\n Garantie: 3 Monate Garantie. Bitte beachten Sie, dass die Gew\u00e4hrleistung nur g\u00fcltig ist, wenn der Ersatzteileinbau durch eine Fachwerkstatt\/Meisterwerkstatt erfolgt. Das Ein- und Ausbau des Ersatzteiles kann nicht an uns verrechnet werden. <\/p>\n<p> Ersatzteil: f\u00fcr andere Fahrzeugen (Marken) verf\u00fcgbar auf anfrage. Tel.041 980 27 47. Mobil. 076 589 27 47<\/p>\n<p> Kontakt<br \/>\n  Adresse: Autoverwertung Brun AG<br \/>\n           M\u00f6\u00f6slimatten 13<br \/>\n           6218 Ettiswil<br \/>\n  Telefon: 0041 (041) 980 27 47<br \/>\n  Telefax: 0041 (041) 980 03 47<\/p>\n<p> Wir bieten Ihnen weitere gebrauchte Autoteile zum Kauf an.<br \/>\n Tags: R\u00fcckfahrkamera , backup camera, cam\u00e9ra de recul<br \/>\n<\/span><\/p>\n","protected":false},"excerpt":{"rendered":"<p>Technische Daten Fahrzeug: Opel Corsa E 1.0T Chassis Nr.: W0L0XEP08F6069505 Baujahr: 2015 Kilometer: 69872 KM Leistung: 116 KW Hubraum: 999 ccm Typ: 1OC192 Farbcode: &#8211; Hinweise: &#8211; Versand: Versand nur in der Schweiz m\u00f6glich.Im Ausland ist der Transport k\u00e4uferseits. Garantie: 3 Monate Garantie. Bitte beachten Sie, dass die Gew\u00e4hrleistung nur g\u00fcltig ist, wenn der Ersatzteileinbau&hellip; <a class=\"more-link\" href=\"https:\/\/occasions-teile.ch\/en\/produkt\/opel-corsa-rueckfahrkamera\/\">Continue reading <span class=\"screen-reader-text\">Opel Corsa  R\u00fcckfahrkamera<\/span><\/a><\/p>\n","protected":false},"featured_media":380049,"template":"","meta":[],"product_brand":[],"product_cat":[959,960,960,1219,1219,1219,624,959,624,624,616,616,616,959,960,1218,1218,1218],"product_tag":[],"class_list":{"0":"post-380052","1":"product","2":"type-product","3":"status-publish","4":"has-post-thumbnail","6":"product_cat-en-parking-aidrear-view-camera","7":"product_cat-en-backup-camera","9":"product_cat-en_corsa","12":"product_cat-en-electrics-control-units","16":"product_cat-en_opel","21":"product_cat-en-w0l0xep08f6069505","24":"product_shipping_class-tarif-1-en","25":"entry","27":"first","28":"instock","29":"taxable","30":"shipping-taxable","31":"purchasable","32":"product-type-simple"},"jetpack_sharing_enabled":true,"_links":{"self":[{"href":"https:\/\/occasions-teile.ch\/en\/wp-json\/wp\/v2\/product\/380052","targetHints":{"allow":["GET"]}}],"collection":[{"href":"https:\/\/occasions-teile.ch\/en\/wp-json\/wp\/v2\/product"}],"about":[{"href":"https:\/\/occasions-teile.ch\/en\/wp-json\/wp\/v2\/types\/product"}],"wp:featuredmedia":[{"embeddable":true,"href":"https:\/\/occasions-teile.ch\/en\/wp-json\/wp\/v2\/media\/380049"}],"wp:attachment":[{"href":"https:\/\/occasions-teile.ch\/en\/wp-json\/wp\/v2\/media?parent=380052"}],"wp:term":[{"taxonomy":"product_brand","embeddable":true,"href":"https:\/\/occasions-teile.ch\/en\/wp-json\/wp\/v2\/product_brand?post=380052"},{"taxonomy":"product_cat","embeddable":true,"href":"https:\/\/occasions-teile.ch\/en\/wp-json\/wp\/v2\/product_cat?post=380052"},{"taxonomy":"product_tag","embeddable":true,"href":"https:\/\/occasions-teile.ch\/en\/wp-json\/wp\/v2\/product_tag?post=380052"}],"curies":[{"name":"wp","href":"https:\/\/api.w.org\/{rel}","templated":true}]}}