{"id":379807,"date":"2026-01-09T11:05:44","date_gmt":"2026-01-09T11:05:44","guid":{"rendered":"https:\/\/occasions-teile.ch\/product\/bmw-ix3-ventile-sensoren-luftversorgung-2\/"},"modified":"2026-01-09T11:05:56","modified_gmt":"2026-01-09T11:05:56","slug":"bmw-ix3-ventile-sensoren-luftversorgung-2","status":"publish","type":"product","link":"https:\/\/occasions-teile.ch\/en\/produkt\/bmw-ix3-ventile-sensoren-luftversorgung-2\/","title":{"rendered":"BMW ix3  Ventile&amp; Sensoren Luftversorgung"},"content":{"rendered":"<p><span><b>Technische Daten<\/b><\/p>\n<p> Fahrzeug: BMW ix3  G08<br \/>\n Chassis Nr.: WBY41DU060SD76109<br \/>\n Baujahr: 2024<br \/>\n Kilometer: 14077 KM<br \/>\n Leistung: 286 KW<br \/>\n Hubraum: 0 ccm<br \/>\n Typ: IVI<br \/>\n Farbcode: grau<br \/>\n Hinweise: &#8211;<\/p>\n<p> Versand: Versand nur in der Schweiz m\u00f6glich.Im Ausland ist der Transport k\u00e4uferseits.<br \/>\n Garantie: 3 Monate Garantie. Bitte beachten Sie, dass die Gew\u00e4hrleistung nur g\u00fcltig ist, wenn der Ersatzteileinbau durch eine Fachwerkstatt\/Meisterwerkstatt erfolgt. Das Ein- und Ausbau des Ersatzteiles kann nicht an uns verrechnet werden. <\/p>\n<p> Ersatzteil: f\u00fcr andere Fahrzeugen (Marken) verf\u00fcgbar auf anfrage. Tel.041 980 27 47. Mobil. 076 589 27 47<\/p>\n<p> Kontakt<br \/>\n  Adresse: Autoverwertung Brun AG<br \/>\n           M\u00f6\u00f6slimatten 13<br \/>\n           6218 Ettiswil<br \/>\n  Telefon: 0041 (041) 980 27 47<br \/>\n  Telefax: 0041 (041) 980 03 47<\/p>\n<p> Wir bieten Ihnen weitere gebrauchte Autoteile zum Kauf an.<br \/>\n Tags: Ventile&amp; Sensoren Luftversorgung, Valves&amp; Sensors Air supply , Vannes&amp; Capteurs Alimentation en air<br \/>\n<\/span><\/p>\n","protected":false},"excerpt":{"rendered":"<p>Technische Daten Fahrzeug: BMW ix3 G08 Chassis Nr.: WBY41DU060SD76109 Baujahr: 2024 Kilometer: 14077 KM Leistung: 286 KW Hubraum: 0 ccm Typ: IVI Farbcode: grau Hinweise: &#8211; Versand: Versand nur in der Schweiz m\u00f6glich.Im Ausland ist der Transport k\u00e4uferseits. Garantie: 3 Monate Garantie. Bitte beachten Sie, dass die Gew\u00e4hrleistung nur g\u00fcltig ist, wenn der Ersatzteileinbau durch&hellip; <a class=\"more-link\" href=\"https:\/\/occasions-teile.ch\/en\/produkt\/bmw-ix3-ventile-sensoren-luftversorgung-2\/\">Continue reading <span class=\"screen-reader-text\">BMW ix3  Ventile&amp; Sensoren Luftversorgung<\/span><\/a><\/p>\n","protected":false},"featured_media":379804,"template":"","meta":[],"product_brand":[],"product_cat":[6122,1509,1512,1515,24789,24791,24787,6121,500,497,494,6123,6380,6381,6379,24790,24786,24788],"product_tag":[],"class_list":{"0":"post-379807","1":"product","2":"type-product","3":"status-publish","4":"has-post-thumbnail","6":"product_cat-en-air-fuel-system-motor","7":"product_cat-de_bmw","8":"product_cat-en_bmw","9":"product_cat-fr_bmw","10":"product_cat-en_slug_bmw_ix3_962","11":"product_cat-fr_slug_bmw_ix3_326","12":"product_cat-de_slug_bmw_ix3_411","13":"product_cat-de-luft-kraftstoffsystem-motor","14":"product_cat-fr-moteur","15":"product_cat-en-motor","16":"product_cat-de-motor","17":"product_cat-fr-systeme-de-carburant-a-air-motor","18":"product_cat-en-valves-sensors-air-supply-luft-kraftstoffsystem","19":"product_cat-fr-vannes-capteurs-alimentation-en-air-luft-kraftstoffsystem","20":"product_cat-de-ventile-sensoren-luftversorgung-luft-kraftstoffsystem","21":"product_cat-fr-wby41du060sd76109-200000562","22":"product_cat-de-wby41du060sd76109-200000562","23":"product_cat-en-wby41du060sd76109-200000562","24":"product_shipping_class-tarif-1","25":"entry","27":"first","28":"instock","29":"taxable","30":"shipping-taxable","31":"purchasable","32":"product-type-simple"},"jetpack_sharing_enabled":true,"_links":{"self":[{"href":"https:\/\/occasions-teile.ch\/en\/wp-json\/wp\/v2\/product\/379807","targetHints":{"allow":["GET"]}}],"collection":[{"href":"https:\/\/occasions-teile.ch\/en\/wp-json\/wp\/v2\/product"}],"about":[{"href":"https:\/\/occasions-teile.ch\/en\/wp-json\/wp\/v2\/types\/product"}],"wp:featuredmedia":[{"embeddable":true,"href":"https:\/\/occasions-teile.ch\/en\/wp-json\/wp\/v2\/media\/379804"}],"wp:attachment":[{"href":"https:\/\/occasions-teile.ch\/en\/wp-json\/wp\/v2\/media?parent=379807"}],"wp:term":[{"taxonomy":"product_brand","embeddable":true,"href":"https:\/\/occasions-teile.ch\/en\/wp-json\/wp\/v2\/product_brand?post=379807"},{"taxonomy":"product_cat","embeddable":true,"href":"https:\/\/occasions-teile.ch\/en\/wp-json\/wp\/v2\/product_cat?post=379807"},{"taxonomy":"product_tag","embeddable":true,"href":"https:\/\/occasions-teile.ch\/en\/wp-json\/wp\/v2\/product_tag?post=379807"}],"curies":[{"name":"wp","href":"https:\/\/api.w.org\/{rel}","templated":true}]}}