{"id":378894,"date":"2025-12-17T13:25:06","date_gmt":"2025-12-17T13:25:06","guid":{"rendered":"https:\/\/occasions-teile.ch\/product\/bmw-ix3-klimaanlage-steuergeraet\/"},"modified":"2025-12-17T13:25:19","modified_gmt":"2025-12-17T13:25:19","slug":"bmw-ix3-klimaanlage-steuergeraet","status":"publish","type":"product","link":"https:\/\/occasions-teile.ch\/en\/produkt\/bmw-ix3-klimaanlage-steuergeraet\/","title":{"rendered":"BMW ix3  Klimaanlage Steuerger\u00e4t"},"content":{"rendered":"<p><span><b>Technische Daten<\/b><\/p>\n<p> Fahrzeug: BMW ix3  G08<br \/>\n Chassis Nr.: WBY41DU060SD76109<br \/>\n Baujahr: 2024<br \/>\n Kilometer: 14077 KM<br \/>\n Leistung: 286 KW<br \/>\n Hubraum: 0 ccm<br \/>\n Typ: IVI<br \/>\n Farbcode: grau<br \/>\n Hinweise: &#8211;<\/p>\n<p> Versand: Versand nur in der Schweiz m\u00f6glich.Im Ausland ist der Transport k\u00e4uferseits.<br \/>\n Garantie: 3 Monate Garantie. Bitte beachten Sie, dass die Gew\u00e4hrleistung nur g\u00fcltig ist, wenn der Ersatzteileinbau durch eine Fachwerkstatt\/Meisterwerkstatt erfolgt. Das Ein- und Ausbau des Ersatzteiles kann nicht an uns verrechnet werden. <\/p>\n<p> Ersatzteil: f\u00fcr andere Fahrzeugen (Marken) verf\u00fcgbar auf anfrage. Tel.041 980 27 47. Mobil. 076 589 27 47<\/p>\n<p> Kontakt<br \/>\n  Adresse: Autoverwertung Brun AG<br \/>\n           M\u00f6\u00f6slimatten 13<br \/>\n           6218 Ettiswil<br \/>\n  Telefon: 0041 (041) 980 27 47<br \/>\n  Telefax: 0041 (041) 980 03 47<\/p>\n<p> Wir bieten Ihnen weitere gebrauchte Autoteile zum Kauf an.<br \/>\n Tags: Klimaanlage Steuerger\u00e4t, Air conditioning control unit, Unit\u00e9 de commande de climatisation<br \/>\n<\/span><\/p>\n","protected":false},"excerpt":{"rendered":"<p>Technische Daten Fahrzeug: BMW ix3 G08 Chassis Nr.: WBY41DU060SD76109 Baujahr: 2024 Kilometer: 14077 KM Leistung: 286 KW Hubraum: 0 ccm Typ: IVI Farbcode: grau Hinweise: &#8211; Versand: Versand nur in der Schweiz m\u00f6glich.Im Ausland ist der Transport k\u00e4uferseits. Garantie: 3 Monate Garantie. Bitte beachten Sie, dass die Gew\u00e4hrleistung nur g\u00fcltig ist, wenn der Ersatzteileinbau durch&hellip; <a class=\"more-link\" href=\"https:\/\/occasions-teile.ch\/en\/produkt\/bmw-ix3-klimaanlage-steuergeraet\/\">Continue reading <span class=\"screen-reader-text\">BMW ix3  Klimaanlage Steuerger\u00e4t<\/span><\/a><\/p>\n","protected":false},"featured_media":378891,"template":"","meta":[],"product_brand":[],"product_cat":[1919,860,1509,1512,1515,717,858,714,711,24789,24791,24787,1918,862,1920,24790,24786,24788],"product_tag":[],"class_list":{"0":"post-378894","1":"product","2":"type-product","3":"status-publish","4":"has-post-thumbnail","6":"product_cat-en-air-conditioning-control-unit","7":"product_cat-en-blower-motor-fan-interior","8":"product_cat-de_bmw","9":"product_cat-en_bmw","10":"product_cat-fr_bmw","11":"product_cat-fr-chauffage-climatisation","12":"product_cat-de-geblaesemotor-luefterinnenraum","13":"product_cat-en-heating-air-conditioning","14":"product_cat-de-heizung-klima","15":"product_cat-en_slug_bmw_ix3_962","16":"product_cat-fr_slug_bmw_ix3_326","17":"product_cat-de_slug_bmw_ix3_411","18":"product_cat-de-klimaanlage-steuergeraet","19":"product_cat-fr-moteur-de-ventilateur-interieur-du-ventilateur","20":"product_cat-fr-unite-de-commande-de-climatisation","21":"product_cat-fr-wby41du060sd76109-200000562","22":"product_cat-de-wby41du060sd76109-200000562","23":"product_cat-en-wby41du060sd76109-200000562","24":"product_shipping_class-tarif-1","25":"entry","27":"first","28":"instock","29":"taxable","30":"shipping-taxable","31":"purchasable","32":"product-type-simple"},"jetpack_sharing_enabled":true,"_links":{"self":[{"href":"https:\/\/occasions-teile.ch\/en\/wp-json\/wp\/v2\/product\/378894","targetHints":{"allow":["GET"]}}],"collection":[{"href":"https:\/\/occasions-teile.ch\/en\/wp-json\/wp\/v2\/product"}],"about":[{"href":"https:\/\/occasions-teile.ch\/en\/wp-json\/wp\/v2\/types\/product"}],"wp:featuredmedia":[{"embeddable":true,"href":"https:\/\/occasions-teile.ch\/en\/wp-json\/wp\/v2\/media\/378891"}],"wp:attachment":[{"href":"https:\/\/occasions-teile.ch\/en\/wp-json\/wp\/v2\/media?parent=378894"}],"wp:term":[{"taxonomy":"product_brand","embeddable":true,"href":"https:\/\/occasions-teile.ch\/en\/wp-json\/wp\/v2\/product_brand?post=378894"},{"taxonomy":"product_cat","embeddable":true,"href":"https:\/\/occasions-teile.ch\/en\/wp-json\/wp\/v2\/product_cat?post=378894"},{"taxonomy":"product_tag","embeddable":true,"href":"https:\/\/occasions-teile.ch\/en\/wp-json\/wp\/v2\/product_tag?post=378894"}],"curies":[{"name":"wp","href":"https:\/\/api.w.org\/{rel}","templated":true}]}}