{"id":378847,"date":"2025-12-17T08:04:21","date_gmt":"2025-12-17T08:04:21","guid":{"rendered":"https:\/\/occasions-teile.ch\/product\/bmw-ix3-airbag-armaturenbrett\/"},"modified":"2025-12-17T08:04:33","modified_gmt":"2025-12-17T08:04:33","slug":"bmw-ix3-airbag-armaturenbrett","status":"publish","type":"product","link":"https:\/\/occasions-teile.ch\/en\/produkt\/bmw-ix3-airbag-armaturenbrett\/","title":{"rendered":"BMW ix3  Airbag Armaturenbrett"},"content":{"rendered":"<p><span><b>Technische Daten<\/b><\/p>\n<p> Fahrzeug: BMW ix3  G08<br \/>\n Chassis Nr.: WBY41DU060SD76109<br \/>\n Baujahr: 2024<br \/>\n Kilometer: 14077 KM<br \/>\n Leistung: 286 KW<br \/>\n Hubraum: 0 ccm<br \/>\n Typ: IVI<br \/>\n Farbcode: grau<br \/>\n Hinweise: 32305A29968  72119366384 72129363843 72129363843<\/p>\n<p> Versand: Versand nur in der Schweiz m\u00f6glich.Im Ausland ist der Transport k\u00e4uferseits.<br \/>\n Garantie: 3 Monate Garantie. Bitte beachten Sie, dass die Gew\u00e4hrleistung nur g\u00fcltig ist, wenn der Ersatzteileinbau durch eine Fachwerkstatt\/Meisterwerkstatt erfolgt. Das Ein- und Ausbau des Ersatzteiles kann nicht an uns verrechnet werden. <\/p>\n<p> Ersatzteil: f\u00fcr andere Fahrzeugen (Marken) verf\u00fcgbar auf anfrage. Tel.041 980 27 47. Mobil. 076 589 27 47<\/p>\n<p> Kontakt<br \/>\n  Adresse: Autoverwertung Brun AG<br \/>\n           M\u00f6\u00f6slimatten 13<br \/>\n           6218 Ettiswil<br \/>\n  Telefon: 0041 (041) 980 27 47<br \/>\n  Telefax: 0041 (041) 980 03 47<\/p>\n<p> Wir bieten Ihnen weitere gebrauchte Autoteile zum Kauf an.<br \/>\n Tags: Airbag Armaturenbrett, Dashboard , Tableau de bord<br \/>\n<\/span><\/p>\n","protected":false},"excerpt":{"rendered":"<p>Technische Daten Fahrzeug: BMW ix3 G08 Chassis Nr.: WBY41DU060SD76109 Baujahr: 2024 Kilometer: 14077 KM Leistung: 286 KW Hubraum: 0 ccm Typ: IVI Farbcode: grau Hinweise: 32305A29968 72119366384 72129363843 72129363843 Versand: Versand nur in der Schweiz m\u00f6glich.Im Ausland ist der Transport k\u00e4uferseits. Garantie: 3 Monate Garantie. Bitte beachten Sie, dass die Gew\u00e4hrleistung nur g\u00fcltig ist, wenn&hellip; <a class=\"more-link\" href=\"https:\/\/occasions-teile.ch\/en\/produkt\/bmw-ix3-airbag-armaturenbrett\/\">Continue reading <span class=\"screen-reader-text\">BMW ix3  Airbag Armaturenbrett<\/span><\/a><\/p>\n","protected":false},"featured_media":378844,"template":"","meta":[],"product_brand":[],"product_cat":[806,805,1512,1515,1509,809,808,804,810,807,24789,24791,24787,812,811,24790,24786,24788],"product_tag":[],"class_list":{"0":"post-378847","1":"product","2":"type-product","3":"status-publish","4":"has-post-thumbnail","6":"product_cat-de-armaturenbrett","7":"product_cat-de-armaturenbrett-handschuhfach","8":"product_cat-en_bmw","9":"product_cat-fr_bmw","10":"product_cat-de_bmw","11":"product_cat-en-dashboard","12":"product_cat-en-dashboard-glove-compartment","13":"product_cat-de-innenraum","14":"product_cat-fr-interieur","15":"product_cat-en-interior","16":"product_cat-en_slug_bmw_ix3_962","17":"product_cat-fr_slug_bmw_ix3_326","18":"product_cat-de_slug_bmw_ix3_411","19":"product_cat-fr-tableau-de-bord","20":"product_cat-fr-tableau-de-bord-boite-a-gants","21":"product_cat-fr-wby41du060sd76109-200000562","22":"product_cat-de-wby41du060sd76109-200000562","23":"product_cat-en-wby41du060sd76109-200000562","24":"product_shipping_class-tarif-4","25":"entry","27":"first","28":"instock","29":"taxable","30":"shipping-taxable","31":"purchasable","32":"product-type-simple"},"jetpack_sharing_enabled":true,"_links":{"self":[{"href":"https:\/\/occasions-teile.ch\/en\/wp-json\/wp\/v2\/product\/378847","targetHints":{"allow":["GET"]}}],"collection":[{"href":"https:\/\/occasions-teile.ch\/en\/wp-json\/wp\/v2\/product"}],"about":[{"href":"https:\/\/occasions-teile.ch\/en\/wp-json\/wp\/v2\/types\/product"}],"wp:featuredmedia":[{"embeddable":true,"href":"https:\/\/occasions-teile.ch\/en\/wp-json\/wp\/v2\/media\/378844"}],"wp:attachment":[{"href":"https:\/\/occasions-teile.ch\/en\/wp-json\/wp\/v2\/media?parent=378847"}],"wp:term":[{"taxonomy":"product_brand","embeddable":true,"href":"https:\/\/occasions-teile.ch\/en\/wp-json\/wp\/v2\/product_brand?post=378847"},{"taxonomy":"product_cat","embeddable":true,"href":"https:\/\/occasions-teile.ch\/en\/wp-json\/wp\/v2\/product_cat?post=378847"},{"taxonomy":"product_tag","embeddable":true,"href":"https:\/\/occasions-teile.ch\/en\/wp-json\/wp\/v2\/product_tag?post=378847"}],"curies":[{"name":"wp","href":"https:\/\/api.w.org\/{rel}","templated":true}]}}