{"id":377337,"date":"2025-12-06T09:14:13","date_gmt":"2025-12-06T09:14:13","guid":{"rendered":"https:\/\/occasions-teile.ch\/product\/skoda-octavia-spiegel-aussenspiegel-vorne-3\/"},"modified":"2025-12-06T09:14:24","modified_gmt":"2025-12-06T09:14:24","slug":"skoda-octavia-spiegel-aussenspiegel-vorne-3","status":"publish","type":"product","link":"https:\/\/occasions-teile.ch\/en\/produkt\/skoda-octavia-spiegel-aussenspiegel-vorne-3\/","title":{"rendered":"Skoda Octavia  Spiegel Au\u00dfenspiegel vorne"},"content":{"rendered":"<p><span><b>Technische Daten<\/b><\/p>\n<p> Fahrzeug: Skoda Octavia  Combi 2.0 TFSI<br \/>\n Chassis Nr.: TMBUF21Z382019098<br \/>\n Baujahr: 2007<br \/>\n Kilometer: 175187 KM<br \/>\n Leistung: 200 KW<br \/>\n Hubraum: 1984 ccm<br \/>\n Typ: 1SC432<br \/>\n Farbcode: blau<br \/>\n Hinweise: &#8211;<\/p>\n<p> Versand: Versand nur in der Schweiz m\u00f6glich.Im Ausland ist der Transport k\u00e4uferseits.<br \/>\n Garantie: 3 Monate Garantie. Bitte beachten Sie, dass die Gew\u00e4hrleistung nur g\u00fcltig ist, wenn der Ersatzteileinbau durch eine Fachwerkstatt\/Meisterwerkstatt erfolgt. Das Ein- und Ausbau des Ersatzteiles kann nicht an uns verrechnet werden. <\/p>\n<p> Ersatzteil: f\u00fcr andere Fahrzeugen (Marken) verf\u00fcgbar auf anfrage. Tel.041 980 27 47. Mobil. 076 589 27 47<\/p>\n<p> Kontakt<br \/>\n  Adresse: Autoverwertung Brun AG<br \/>\n           M\u00f6\u00f6slimatten 13<br \/>\n           6218 Ettiswil<br \/>\n  Telefon: 0041 (041) 980 27 47<br \/>\n  Telefax: 0041 (041) 980 03 47<\/p>\n<p> Wir bieten Ihnen weitere gebrauchte Autoteile zum Kauf an.<br \/>\n Tags: Spiegel Au\u00dfenspiegel vorne, Exterior mirrors complete , Re\u00b4troviseur exte\u00b4rieur complet<br \/>\n<\/span><\/p>\n","protected":false},"excerpt":{"rendered":"<p>Technische Daten Fahrzeug: Skoda Octavia Combi 2.0 TFSI Chassis Nr.: TMBUF21Z382019098 Baujahr: 2007 Kilometer: 175187 KM Leistung: 200 KW Hubraum: 1984 ccm Typ: 1SC432 Farbcode: blau Hinweise: &#8211; Versand: Versand nur in der Schweiz m\u00f6glich.Im Ausland ist der Transport k\u00e4uferseits. Garantie: 3 Monate Garantie. Bitte beachten Sie, dass die Gew\u00e4hrleistung nur g\u00fcltig ist, wenn der&hellip; <a class=\"more-link\" href=\"https:\/\/occasions-teile.ch\/en\/produkt\/skoda-octavia-spiegel-aussenspiegel-vorne-3\/\">Continue reading <span class=\"screen-reader-text\">Skoda Octavia  Spiegel Au\u00dfenspiegel vorne<\/span><\/a><\/p>\n","protected":false},"featured_media":377334,"template":"","meta":[],"product_brand":[],"product_cat":[768,488,491,770,771,485,1477,1464,1472,772,773,1476,1463,1471,769,1947,1945,1946],"product_tag":[],"class_list":{"0":"post-377337","1":"product","2":"type-product","3":"status-publish","4":"has-post-thumbnail","6":"product_cat-de-aussenspiegel","7":"product_cat-en-body-center","8":"product_cat-fr-centre-de-la-carrosserie","9":"product_cat-en-exterior-mirror","10":"product_cat-en-exterior-mirrors-complete","11":"product_cat-de-karosserie-mitte","12":"product_cat-fr_octavia-fr_skoda-fabricant-2","13":"product_cat-de_octavia","14":"product_cat-en_octavia-en_skoda-manufacturer-en","15":"product_cat-fr-retroviseur-exterieur","16":"product_cat-fr-retroviseur-exterieur-complet","17":"product_cat-fr_skoda-fabricant-2","18":"product_cat-de_skoda","19":"product_cat-en_skoda-manufacturer-en","20":"product_cat-de-spiegel-aussenspiegel-vorne","21":"product_cat-fr-tmbuf21z382019098","22":"product_cat-de-tmbuf21z382019098","23":"product_cat-en-tmbuf21z382019098","24":"product_shipping_class-tarif-1","25":"entry","27":"first","28":"instock","29":"taxable","30":"shipping-taxable","31":"purchasable","32":"product-type-simple"},"jetpack_sharing_enabled":true,"_links":{"self":[{"href":"https:\/\/occasions-teile.ch\/en\/wp-json\/wp\/v2\/product\/377337","targetHints":{"allow":["GET"]}}],"collection":[{"href":"https:\/\/occasions-teile.ch\/en\/wp-json\/wp\/v2\/product"}],"about":[{"href":"https:\/\/occasions-teile.ch\/en\/wp-json\/wp\/v2\/types\/product"}],"wp:featuredmedia":[{"embeddable":true,"href":"https:\/\/occasions-teile.ch\/en\/wp-json\/wp\/v2\/media\/377334"}],"wp:attachment":[{"href":"https:\/\/occasions-teile.ch\/en\/wp-json\/wp\/v2\/media?parent=377337"}],"wp:term":[{"taxonomy":"product_brand","embeddable":true,"href":"https:\/\/occasions-teile.ch\/en\/wp-json\/wp\/v2\/product_brand?post=377337"},{"taxonomy":"product_cat","embeddable":true,"href":"https:\/\/occasions-teile.ch\/en\/wp-json\/wp\/v2\/product_cat?post=377337"},{"taxonomy":"product_tag","embeddable":true,"href":"https:\/\/occasions-teile.ch\/en\/wp-json\/wp\/v2\/product_tag?post=377337"}],"curies":[{"name":"wp","href":"https:\/\/api.w.org\/{rel}","templated":true}]}}