{"id":374893,"date":"2025-11-13T15:45:01","date_gmt":"2025-11-13T15:45:01","guid":{"rendered":"https:\/\/occasions-teile.ch\/product\/cupra-cupra-formentor-differential-hinterachsgetriebe\/"},"modified":"2025-11-13T15:45:12","modified_gmt":"2025-11-13T15:45:12","slug":"cupra-cupra-formentor-differential-hinterachsgetriebe","status":"publish","type":"product","link":"https:\/\/occasions-teile.ch\/en\/produkt\/cupra-cupra-formentor-differential-hinterachsgetriebe\/","title":{"rendered":"Cupra Cupra Formentor Differential Hinterachsgetriebe"},"content":{"rendered":"<p><span><b>Technische Daten<\/b><\/p>\n<p> Fahrzeug: Cupra Cupra Formentor<br \/>\n Chassis Nr.: VSSZZZKMZMR016685<br \/>\n Baujahr: 2025<br \/>\n Kilometer: 20227 KM<br \/>\n Leistung: 310 KW<br \/>\n Hubraum: 1984 ccm<br \/>\n Typ: 1CL101<br \/>\n Farbcode: silberblau<br \/>\n Hinweise: &#8211;<\/p>\n<p> Versand: Versand nur in der Schweiz m\u00f6glich.Im Ausland ist der Transport k\u00e4uferseits.<br \/>\n Garantie: 3 Monate Garantie. Bitte beachten Sie, dass die Gew\u00e4hrleistung nur g\u00fcltig ist, wenn der Ersatzteileinbau durch eine Fachwerkstatt\/Meisterwerkstatt erfolgt. Das Ein- und Ausbau des Ersatzteiles kann nicht an uns verrechnet werden. <\/p>\n<p> Ersatzteil: f\u00fcr andere Fahrzeugen (Marken) verf\u00fcgbar auf anfrage. Tel.041 980 27 47. Mobil. 076 589 27 47<\/p>\n<p> Kontakt<br \/>\n  Adresse: Autoverwertung Brun AG<br \/>\n           M\u00f6\u00f6slimatten 13<br \/>\n           6218 Ettiswil<br \/>\n  Telefon: 0041 (041) 980 27 47<br \/>\n  Telefax: 0041 (041) 980 03 47<\/p>\n<p> Wir bieten Ihnen weitere gebrauchte Autoteile zum Kauf an.<br \/>\n Tags: Differential Hinterachsgetriebe, Rear axle gearbox , Boi^te de vitesses arrie`re<br \/>\n<\/span><\/p>\n","protected":false},"excerpt":{"rendered":"<p>Technische Daten Fahrzeug: Cupra Cupra Formentor Chassis Nr.: VSSZZZKMZMR016685 Baujahr: 2025 Kilometer: 20227 KM Leistung: 310 KW Hubraum: 1984 ccm Typ: 1CL101 Farbcode: silberblau Hinweise: &#8211; Versand: Versand nur in der Schweiz m\u00f6glich.Im Ausland ist der Transport k\u00e4uferseits. Garantie: 3 Monate Garantie. Bitte beachten Sie, dass die Gew\u00e4hrleistung nur g\u00fcltig ist, wenn der Ersatzteileinbau durch&hellip; <a class=\"more-link\" href=\"https:\/\/occasions-teile.ch\/en\/produkt\/cupra-cupra-formentor-differential-hinterachsgetriebe\/\">Continue reading <span class=\"screen-reader-text\">Cupra Cupra Formentor Differential Hinterachsgetriebe<\/span><\/a><\/p>\n","protected":false},"featured_media":374890,"template":"","meta":[],"product_brand":[],"product_cat":[1062,1066,1073,24722,24719,24725,24726,24723,24720,1071,1064,651,648,1072,654,24718,24724,24721],"product_tag":[],"class_list":{"0":"post-374893","1":"product","2":"type-product","3":"status-publish","4":"has-post-thumbnail","6":"product_cat-de-achsgetriebe-differentiale4x4","7":"product_cat-fr-boite-dessieu-differentiel4x4","8":"product_cat-fr-boite-de-vitesses-arriere","9":"product_cat-en_cupra","10":"product_cat-de_cupra","11":"product_cat-fr_cupra","12":"product_cat-fr_slug_cupra_cupra-formentor_80","13":"product_cat-en_slug_cupra_cupra-formentor_588","14":"product_cat-de_slug_cupra_cupra-formentor_934","15":"product_cat-de-differential-hinterachsgetriebe","16":"product_cat-en-final-drive-differentials4x4","17":"product_cat-en-gearbox-drive","18":"product_cat-de-getriebe-antrieb","19":"product_cat-en-rear-axle-gearbox","20":"product_cat-fr-transmission-entrainement","21":"product_cat-de-vsszzzkmzmr016685-200000538","22":"product_cat-fr-vsszzzkmzmr016685-200000538","23":"product_cat-en-vsszzzkmzmr016685-200000538","24":"product_shipping_class-tarif-3","25":"entry","27":"first","28":"instock","29":"taxable","30":"shipping-taxable","31":"purchasable","32":"product-type-simple"},"jetpack_sharing_enabled":true,"_links":{"self":[{"href":"https:\/\/occasions-teile.ch\/en\/wp-json\/wp\/v2\/product\/374893","targetHints":{"allow":["GET"]}}],"collection":[{"href":"https:\/\/occasions-teile.ch\/en\/wp-json\/wp\/v2\/product"}],"about":[{"href":"https:\/\/occasions-teile.ch\/en\/wp-json\/wp\/v2\/types\/product"}],"wp:featuredmedia":[{"embeddable":true,"href":"https:\/\/occasions-teile.ch\/en\/wp-json\/wp\/v2\/media\/374890"}],"wp:attachment":[{"href":"https:\/\/occasions-teile.ch\/en\/wp-json\/wp\/v2\/media?parent=374893"}],"wp:term":[{"taxonomy":"product_brand","embeddable":true,"href":"https:\/\/occasions-teile.ch\/en\/wp-json\/wp\/v2\/product_brand?post=374893"},{"taxonomy":"product_cat","embeddable":true,"href":"https:\/\/occasions-teile.ch\/en\/wp-json\/wp\/v2\/product_cat?post=374893"},{"taxonomy":"product_tag","embeddable":true,"href":"https:\/\/occasions-teile.ch\/en\/wp-json\/wp\/v2\/product_tag?post=374893"}],"curies":[{"name":"wp","href":"https:\/\/api.w.org\/{rel}","templated":true}]}}