{"id":374685,"date":"2025-11-11T13:52:26","date_gmt":"2025-11-11T13:52:26","guid":{"rendered":"https:\/\/occasions-teile.ch\/product\/audi-tt-bremszange-bremssattel-hinten\/"},"modified":"2025-11-11T13:52:37","modified_gmt":"2025-11-11T13:52:37","slug":"audi-tt-bremszange-bremssattel-hinten","status":"publish","type":"product","link":"https:\/\/occasions-teile.ch\/en\/produkt\/audi-tt-bremszange-bremssattel-hinten\/","title":{"rendered":"Audi TT  Bremszange Bremssattel hinten"},"content":{"rendered":"<p><span><b>Technische Daten<\/b><\/p>\n<p> Fahrzeug: Audi TT<br \/>\n Chassis Nr.: TRUZZZFV3F1002029<br \/>\n Baujahr: 2014<br \/>\n Kilometer: 162432 KM<br \/>\n Leistung: 230 KW<br \/>\n Hubraum: 1984 ccm<br \/>\n Typ: X<br \/>\n Farbcode: grau<br \/>\n Hinweise: &#8211;<\/p>\n<p> Versand: Versand nur in der Schweiz m\u00f6glich.Im Ausland ist der Transport k\u00e4uferseits.<br \/>\n Garantie: 3 Monate Garantie. Bitte beachten Sie, dass die Gew\u00e4hrleistung nur g\u00fcltig ist, wenn der Ersatzteileinbau durch eine Fachwerkstatt\/Meisterwerkstatt erfolgt. Das Ein- und Ausbau des Ersatzteiles kann nicht an uns verrechnet werden. <\/p>\n<p> Ersatzteil: f\u00fcr andere Fahrzeugen (Marken) verf\u00fcgbar auf anfrage. Tel.041 980 27 47. Mobil. 076 589 27 47<\/p>\n<p> Kontakt<br \/>\n  Adresse: Autoverwertung Brun AG<br \/>\n           M\u00f6\u00f6slimatten 13<br \/>\n           6218 Ettiswil<br \/>\n  Telefon: 0041 (041) 980 27 47<br \/>\n  Telefax: 0041 (041) 980 03 47<\/p>\n<p> Wir bieten Ihnen weitere gebrauchte Autoteile zum Kauf an.<br \/>\n Tags: Bremszange Bremssattel hinten, Rear brake caliper, E\u00b4trier de frein arrie`re<br \/>\n<\/span><\/p>\n","protected":false},"excerpt":{"rendered":"<p>Technische Daten Fahrzeug: Audi TT Chassis Nr.: TRUZZZFV3F1002029 Baujahr: 2014 Kilometer: 162432 KM Leistung: 230 KW Hubraum: 1984 ccm Typ: X Farbcode: grau Hinweise: &#8211; Versand: Versand nur in der Schweiz m\u00f6glich.Im Ausland ist der Transport k\u00e4uferseits. Garantie: 3 Monate Garantie. Bitte beachten Sie, dass die Gew\u00e4hrleistung nur g\u00fcltig ist, wenn der Ersatzteileinbau durch eine&hellip; <a class=\"more-link\" href=\"https:\/\/occasions-teile.ch\/en\/produkt\/audi-tt-bremszange-bremssattel-hinten\/\">Continue reading <span class=\"screen-reader-text\">Audi TT  Bremszange Bremssattel hinten<\/span><\/a><\/p>\n","protected":false},"featured_media":374682,"template":"","meta":[],"product_brand":[],"product_cat":[461,464,458,779,533,530,777,1086,781,1088,536,1087,24707,24708,24709,4264,4262,4263],"product_tag":[],"class_list":{"0":"post-374685","1":"product","2":"type-product","3":"status-publish","4":"has-post-thumbnail","6":"product_cat-en_audi","7":"product_cat-fr_audi","8":"product_cat-de_audi","9":"product_cat-en-brake-calipercarrier","10":"product_cat-en-brake-brake-system","11":"product_cat-de-bremse-bremsanlage","12":"product_cat-de-bremssatteltraeger","13":"product_cat-de-bremszange-bremssattel-hinten","14":"product_cat-fr-etrier-de-frein-support","15":"product_cat-fr-etrier-de-frein-arriere","16":"product_cat-fr-frein-systeme-de-freinage","17":"product_cat-en-rear-brake-caliper","18":"product_cat-de-truzzzfv3f1002029-200000537","19":"product_cat-en-truzzzfv3f1002029-200000537","20":"product_cat-fr-truzzzfv3f1002029-200000537","21":"product_cat-fr_slug_audi_tt_420","22":"product_cat-de_slug_audi_tt_144","23":"product_cat-en_slug_audi_tt_614","24":"product_shipping_class-tarif-1","25":"entry","27":"first","28":"instock","29":"taxable","30":"shipping-taxable","31":"purchasable","32":"product-type-simple"},"jetpack_sharing_enabled":true,"_links":{"self":[{"href":"https:\/\/occasions-teile.ch\/en\/wp-json\/wp\/v2\/product\/374685","targetHints":{"allow":["GET"]}}],"collection":[{"href":"https:\/\/occasions-teile.ch\/en\/wp-json\/wp\/v2\/product"}],"about":[{"href":"https:\/\/occasions-teile.ch\/en\/wp-json\/wp\/v2\/types\/product"}],"wp:featuredmedia":[{"embeddable":true,"href":"https:\/\/occasions-teile.ch\/en\/wp-json\/wp\/v2\/media\/374682"}],"wp:attachment":[{"href":"https:\/\/occasions-teile.ch\/en\/wp-json\/wp\/v2\/media?parent=374685"}],"wp:term":[{"taxonomy":"product_brand","embeddable":true,"href":"https:\/\/occasions-teile.ch\/en\/wp-json\/wp\/v2\/product_brand?post=374685"},{"taxonomy":"product_cat","embeddable":true,"href":"https:\/\/occasions-teile.ch\/en\/wp-json\/wp\/v2\/product_cat?post=374685"},{"taxonomy":"product_tag","embeddable":true,"href":"https:\/\/occasions-teile.ch\/en\/wp-json\/wp\/v2\/product_tag?post=374685"}],"curies":[{"name":"wp","href":"https:\/\/api.w.org\/{rel}","templated":true}]}}