{"id":374440,"date":"2025-11-10T11:06:54","date_gmt":"2025-11-10T11:06:54","guid":{"rendered":"https:\/\/occasions-teile.ch\/product\/audi-tt-steuergeraet-sonstige\/"},"modified":"2025-11-10T11:07:09","modified_gmt":"2025-11-10T11:07:09","slug":"audi-tt-steuergeraet-sonstige","status":"publish","type":"product","link":"https:\/\/occasions-teile.ch\/en\/produkt\/audi-tt-steuergeraet-sonstige\/","title":{"rendered":"Audi TT  Steuerger\u00e4t sonstige"},"content":{"rendered":"<p><span><b>Technische Daten<\/b><\/p>\n<p> Fahrzeug: Audi TT<br \/>\n Chassis Nr.: TRUZZZFV3F1002029<br \/>\n Baujahr: 2014<br \/>\n Kilometer: 162432 KM<br \/>\n Leistung: 230 KW<br \/>\n Hubraum: 1984 ccm<br \/>\n Typ: X<br \/>\n Farbcode: grau<br \/>\n Hinweise: &#8211;<\/p>\n<p> Versand: Versand nur in der Schweiz m\u00f6glich.Im Ausland ist der Transport k\u00e4uferseits.<br \/>\n Garantie: 3 Monate Garantie. Bitte beachten Sie, dass die Gew\u00e4hrleistung nur g\u00fcltig ist, wenn der Ersatzteileinbau durch eine Fachwerkstatt\/Meisterwerkstatt erfolgt. Das Ein- und Ausbau des Ersatzteiles kann nicht an uns verrechnet werden. <\/p>\n<p> Ersatzteil: f\u00fcr andere Fahrzeugen (Marken) verf\u00fcgbar auf anfrage. Tel.041 980 27 47. Mobil. 076 589 27 47<\/p>\n<p> Kontakt<br \/>\n  Adresse: Autoverwertung Brun AG<br \/>\n           M\u00f6\u00f6slimatten 13<br \/>\n           6218 Ettiswil<br \/>\n  Telefon: 0041 (041) 980 27 47<br \/>\n  Telefax: 0041 (041) 980 03 47<\/p>\n<p> Wir bieten Ihnen weitere gebrauchte Autoteile zum Kauf an.<br \/>\n Tags: Steuerger\u00e4t sonstige, control unit other, unit\u00e9 de commande autre<br \/>\n<\/span><\/p>\n","protected":false},"excerpt":{"rendered":"<p>Technische Daten Fahrzeug: Audi TT Chassis Nr.: TRUZZZFV3F1002029 Baujahr: 2014 Kilometer: 162432 KM Leistung: 230 KW Hubraum: 1984 ccm Typ: X Farbcode: grau Hinweise: &#8211; Versand: Versand nur in der Schweiz m\u00f6glich.Im Ausland ist der Transport k\u00e4uferseits. Garantie: 3 Monate Garantie. Bitte beachten Sie, dass die Gew\u00e4hrleistung nur g\u00fcltig ist, wenn der Ersatzteileinbau durch eine&hellip; <a class=\"more-link\" href=\"https:\/\/occasions-teile.ch\/en\/produkt\/audi-tt-steuergeraet-sonstige\/\">Continue reading <span class=\"screen-reader-text\">Audi TT  Steuerger\u00e4t sonstige<\/span><\/a><\/p>\n","protected":false},"featured_media":374437,"template":"","meta":[],"product_brand":[],"product_cat":[458,458,458,1249,12753,621,621,621,1249,1249,12753,24707,24707,24707,4264,4262,4263,12753],"product_tag":[],"class_list":{"0":"post-374440","1":"product","2":"type-product","3":"status-publish","4":"has-post-thumbnail","6":"product_cat-de_audi","9":"product_cat-de-kabelbaeumeleitungssaetze","10":"product_cat-de-steuergeraet-sonstige","11":"product_cat-de-elektrik-steuergeraete","17":"product_cat-de-truzzzfv3f1002029-200000537","20":"product_cat-fr_slug_audi_tt_420","21":"product_cat-de_slug_audi_tt_144","22":"product_cat-en_slug_audi_tt_614","24":"product_shipping_class-tarif-1","25":"entry","27":"first","28":"instock","29":"taxable","30":"shipping-taxable","31":"purchasable","32":"product-type-simple"},"jetpack_sharing_enabled":true,"_links":{"self":[{"href":"https:\/\/occasions-teile.ch\/en\/wp-json\/wp\/v2\/product\/374440","targetHints":{"allow":["GET"]}}],"collection":[{"href":"https:\/\/occasions-teile.ch\/en\/wp-json\/wp\/v2\/product"}],"about":[{"href":"https:\/\/occasions-teile.ch\/en\/wp-json\/wp\/v2\/types\/product"}],"wp:featuredmedia":[{"embeddable":true,"href":"https:\/\/occasions-teile.ch\/en\/wp-json\/wp\/v2\/media\/374437"}],"wp:attachment":[{"href":"https:\/\/occasions-teile.ch\/en\/wp-json\/wp\/v2\/media?parent=374440"}],"wp:term":[{"taxonomy":"product_brand","embeddable":true,"href":"https:\/\/occasions-teile.ch\/en\/wp-json\/wp\/v2\/product_brand?post=374440"},{"taxonomy":"product_cat","embeddable":true,"href":"https:\/\/occasions-teile.ch\/en\/wp-json\/wp\/v2\/product_cat?post=374440"},{"taxonomy":"product_tag","embeddable":true,"href":"https:\/\/occasions-teile.ch\/en\/wp-json\/wp\/v2\/product_tag?post=374440"}],"curies":[{"name":"wp","href":"https:\/\/api.w.org\/{rel}","templated":true}]}}