{"id":373786,"date":"2025-11-04T16:37:46","date_gmt":"2025-11-04T16:37:46","guid":{"rendered":"https:\/\/occasions-teile.ch\/product\/seat-ibiza-querlenker-vorn-rechts\/"},"modified":"2025-11-04T16:37:58","modified_gmt":"2025-11-04T16:37:58","slug":"seat-ibiza-querlenker-vorn-rechts","status":"publish","type":"product","link":"https:\/\/occasions-teile.ch\/en\/produkt\/seat-ibiza-querlenker-vorn-rechts\/","title":{"rendered":"SEAT Ibiza  Querlenker vorn rechts"},"content":{"rendered":"<p><span><b>Technische Daten<\/b><\/p>\n<p> Fahrzeug: SEAT Ibiza<br \/>\n Chassis Nr.: VSSZZZKJZJR047312<br \/>\n Baujahr: 2017<br \/>\n Kilometer: 83370 KM<br \/>\n Leistung: 95 KW<br \/>\n Hubraum: 999 ccm<br \/>\n Typ: 1SH630<br \/>\n Farbcode: Schwarz<br \/>\n Hinweise: &#8211;<\/p>\n<p> Versand: Versand nur in der Schweiz m\u00f6glich.Im Ausland ist der Transport k\u00e4uferseits.<br \/>\n Garantie: 3 Monate Garantie. Bitte beachten Sie, dass die Gew\u00e4hrleistung nur g\u00fcltig ist, wenn der Ersatzteileinbau durch eine Fachwerkstatt\/Meisterwerkstatt erfolgt. Das Ein- und Ausbau des Ersatzteiles kann nicht an uns verrechnet werden. <\/p>\n<p> Ersatzteil: f\u00fcr andere Fahrzeugen (Marken) verf\u00fcgbar auf anfrage. Tel.041 980 27 47. Mobil. 076 589 27 47<\/p>\n<p> Kontakt<br \/>\n  Adresse: Autoverwertung Brun AG<br \/>\n           M\u00f6\u00f6slimatten 13<br \/>\n           6218 Ettiswil<br \/>\n  Telefon: 0041 (041) 980 27 47<br \/>\n  Telefax: 0041 (041) 980 03 47<\/p>\n<p> Wir bieten Ihnen weitere gebrauchte Autoteile zum Kauf an.<br \/>\n Tags: Querlenker vorn rechts, Wishbone front right , Bras de suspension avant droit<br \/>\n<\/span><\/p>\n","protected":false},"excerpt":{"rendered":"<p>Technische Daten Fahrzeug: SEAT Ibiza Chassis Nr.: VSSZZZKJZJR047312 Baujahr: 2017 Kilometer: 83370 KM Leistung: 95 KW Hubraum: 999 ccm Typ: 1SH630 Farbcode: Schwarz Hinweise: &#8211; Versand: Versand nur in der Schweiz m\u00f6glich.Im Ausland ist der Transport k\u00e4uferseits. Garantie: 3 Monate Garantie. Bitte beachten Sie, dass die Gew\u00e4hrleistung nur g\u00fcltig ist, wenn der Ersatzteileinbau durch eine&hellip; <a class=\"more-link\" href=\"https:\/\/occasions-teile.ch\/en\/produkt\/seat-ibiza-querlenker-vorn-rechts\/\">Continue reading <span class=\"screen-reader-text\">SEAT Ibiza  Querlenker vorn rechts<\/span><\/a><\/p>\n","protected":false},"featured_media":373783,"template":"","meta":[],"product_brand":[],"product_cat":[793,803,544,541,1622,1624,1626,789,801,1500,1494,1497,547,24699,24700,24698,791,802],"product_tag":[],"class_list":{"0":"post-373786","1":"product","2":"type-product","3":"status-publish","4":"has-post-thumbnail","6":"product_cat-fr-bras-de-suspension","7":"product_cat-fr-bras-de-suspension-avant-droit","8":"product_cat-en-chassis-steering","9":"product_cat-de-fahrwerk-lenkung","10":"product_cat-de_ibiza","11":"product_cat-en_ibiza","12":"product_cat-fr_ibiza","13":"product_cat-de-querlenker","14":"product_cat-de-querlenkervornrechts","15":"product_cat-fr_seat","16":"product_cat-de_seat","17":"product_cat-en_seat","18":"product_cat-fr-train-de-roulement-direction","19":"product_cat-en-vsszzzkjzjr047312-200000532","20":"product_cat-fr-vsszzzkjzjr047312-200000532","21":"product_cat-de-vsszzzkjzjr047312-200000532","22":"product_cat-en-wishbone","23":"product_cat-en-wishbone-front-right","24":"product_shipping_class-tarif-1","25":"entry","27":"first","28":"instock","29":"taxable","30":"shipping-taxable","31":"purchasable","32":"product-type-simple"},"jetpack_sharing_enabled":true,"_links":{"self":[{"href":"https:\/\/occasions-teile.ch\/en\/wp-json\/wp\/v2\/product\/373786","targetHints":{"allow":["GET"]}}],"collection":[{"href":"https:\/\/occasions-teile.ch\/en\/wp-json\/wp\/v2\/product"}],"about":[{"href":"https:\/\/occasions-teile.ch\/en\/wp-json\/wp\/v2\/types\/product"}],"wp:featuredmedia":[{"embeddable":true,"href":"https:\/\/occasions-teile.ch\/en\/wp-json\/wp\/v2\/media\/373783"}],"wp:attachment":[{"href":"https:\/\/occasions-teile.ch\/en\/wp-json\/wp\/v2\/media?parent=373786"}],"wp:term":[{"taxonomy":"product_brand","embeddable":true,"href":"https:\/\/occasions-teile.ch\/en\/wp-json\/wp\/v2\/product_brand?post=373786"},{"taxonomy":"product_cat","embeddable":true,"href":"https:\/\/occasions-teile.ch\/en\/wp-json\/wp\/v2\/product_cat?post=373786"},{"taxonomy":"product_tag","embeddable":true,"href":"https:\/\/occasions-teile.ch\/en\/wp-json\/wp\/v2\/product_tag?post=373786"}],"curies":[{"name":"wp","href":"https:\/\/api.w.org\/{rel}","templated":true}]}}