{"id":373280,"date":"2025-10-31T14:32:20","date_gmt":"2025-10-31T14:32:20","guid":{"rendered":"https:\/\/occasions-teile.ch\/product\/mazda-cx-3-alufelgen-6\/"},"modified":"2025-10-31T14:32:31","modified_gmt":"2025-10-31T14:32:31","slug":"mazda-cx-3-alufelgen-6","status":"publish","type":"product","link":"https:\/\/occasions-teile.ch\/en\/produkt\/mazda-cx-3-alufelgen-6\/","title":{"rendered":"Mazda CX-3  Alufelgen"},"content":{"rendered":"<p><span><b>Technische Daten<\/b><\/p>\n<p> Fahrzeug: Mazda CX-3<br \/>\n Chassis Nr.: JMZDKFWSA10128008<br \/>\n Baujahr: 2016<br \/>\n Kilometer: 141271 KM<br \/>\n Leistung: 105 KW<br \/>\n Hubraum: 1499 ccm<br \/>\n Typ: 1MB122<br \/>\n Farbcode: grau<br \/>\n Hinweise: 18x7J 50 215\/50R18<\/p>\n<p> Versand: Versand nur in der Schweiz m\u00f6glich.Im Ausland ist der Transport k\u00e4uferseits.<br \/>\n Garantie: 3 Monate Garantie. Bitte beachten Sie, dass die Gew\u00e4hrleistung nur g\u00fcltig ist, wenn der Ersatzteileinbau durch eine Fachwerkstatt\/Meisterwerkstatt erfolgt. Das Ein- und Ausbau des Ersatzteiles kann nicht an uns verrechnet werden. <\/p>\n<p> Ersatzteil: f\u00fcr andere Fahrzeugen (Marken) verf\u00fcgbar auf anfrage. Tel.041 980 27 47. Mobil. 076 589 27 47<\/p>\n<p> Kontakt<br \/>\n  Adresse: Autoverwertung Brun AG<br \/>\n           M\u00f6\u00f6slimatten 13<br \/>\n           6218 Ettiswil<br \/>\n  Telefon: 0041 (041) 980 27 47<br \/>\n  Telefax: 0041 (041) 980 03 47<\/p>\n<p> Wir bieten Ihnen weitere gebrauchte Autoteile zum Kauf an.<br \/>\n Tags: Alufelgen, Aluminum rims, Jantes en aluminium<br \/>\n<\/span><\/p>\n","protected":false},"excerpt":{"rendered":"<p>Technische Daten Fahrzeug: Mazda CX-3 Chassis Nr.: JMZDKFWSA10128008 Baujahr: 2016 Kilometer: 141271 KM Leistung: 105 KW Hubraum: 1499 ccm Typ: 1MB122 Farbcode: grau Hinweise: 18x7J 50 215\/50R18 Versand: Versand nur in der Schweiz m\u00f6glich.Im Ausland ist der Transport k\u00e4uferseits. Garantie: 3 Monate Garantie. Bitte beachten Sie, dass die Gew\u00e4hrleistung nur g\u00fcltig ist, wenn der Ersatzteileinbau&hellip; <a class=\"more-link\" href=\"https:\/\/occasions-teile.ch\/en\/produkt\/mazda-cx-3-alufelgen-6\/\">Continue reading <span class=\"screen-reader-text\">Mazda CX-3  Alufelgen<\/span><\/a><\/p>\n","protected":false},"featured_media":373277,"template":"","meta":[],"product_brand":[],"product_cat":[1176,9228,9236,9239,1175,1787,1786,24696,24697,24695,1314,1308,1311,550,556,1784,1785,553],"product_tag":[],"class_list":{"0":"post-373280","1":"product","2":"type-product","3":"status-publish","4":"has-post-thumbnail","6":"product_cat-de-alufelgen-felgensatz","7":"product_cat-de_slug_mazda_cx-3_432","8":"product_cat-en_slug_mazda_cx-3_765","9":"product_cat-fr_slug_mazda_cx-3_595","10":"product_cat-de-felgensatz","11":"product_cat-fr-jeu-de-jantes-fr-jeu-de-jantes","12":"product_cat-fr-jeu-de-jantes","13":"product_cat-en-jmzdkfwsa10128008-200000534","14":"product_cat-fr-jmzdkfwsa10128008-200000534","15":"product_cat-de-jmzdkfwsa10128008-200000534","16":"product_cat-fr_mazda","17":"product_cat-de_mazda","18":"product_cat-en_mazda","19":"product_cat-de-raeder-reifen-felgen","20":"product_cat-fr-roues-pneus-jantes","21":"product_cat-en-set-of-rims-en-wheels-tires-rims","22":"product_cat-en-set-of-rims-en-set-of-rims-en-wheels-tires-rims","23":"product_cat-en-wheels-tires-rims","24":"product_shipping_class-tarif-5","25":"entry","27":"first","28":"instock","29":"taxable","30":"shipping-taxable","31":"purchasable","32":"product-type-simple"},"jetpack_sharing_enabled":true,"_links":{"self":[{"href":"https:\/\/occasions-teile.ch\/en\/wp-json\/wp\/v2\/product\/373280","targetHints":{"allow":["GET"]}}],"collection":[{"href":"https:\/\/occasions-teile.ch\/en\/wp-json\/wp\/v2\/product"}],"about":[{"href":"https:\/\/occasions-teile.ch\/en\/wp-json\/wp\/v2\/types\/product"}],"wp:featuredmedia":[{"embeddable":true,"href":"https:\/\/occasions-teile.ch\/en\/wp-json\/wp\/v2\/media\/373277"}],"wp:attachment":[{"href":"https:\/\/occasions-teile.ch\/en\/wp-json\/wp\/v2\/media?parent=373280"}],"wp:term":[{"taxonomy":"product_brand","embeddable":true,"href":"https:\/\/occasions-teile.ch\/en\/wp-json\/wp\/v2\/product_brand?post=373280"},{"taxonomy":"product_cat","embeddable":true,"href":"https:\/\/occasions-teile.ch\/en\/wp-json\/wp\/v2\/product_cat?post=373280"},{"taxonomy":"product_tag","embeddable":true,"href":"https:\/\/occasions-teile.ch\/en\/wp-json\/wp\/v2\/product_tag?post=373280"}],"curies":[{"name":"wp","href":"https:\/\/api.w.org\/{rel}","templated":true}]}}