{"id":371971,"date":"2025-10-21T14:47:36","date_gmt":"2025-10-21T14:47:36","guid":{"rendered":"https:\/\/occasions-teile.ch\/product\/mercedes-benz-a-class-auspuff-auspuffanlage-3\/"},"modified":"2025-10-21T14:47:46","modified_gmt":"2025-10-21T14:47:46","slug":"mercedes-benz-a-class-auspuff-auspuffanlage-3","status":"publish","type":"product","link":"https:\/\/occasions-teile.ch\/en\/produkt\/mercedes-benz-a-class-auspuff-auspuffanlage-3\/","title":{"rendered":"Mercedes-Benz A-CLASS  Auspuff Auspuffanlage"},"content":{"rendered":"<p><span><b>Technische Daten<\/b><\/p>\n<p> Fahrzeug: Mercedes-Benz A-CLASS<br \/>\n Chassis Nr.: WDD1760511J474647<br \/>\n Baujahr: 2016<br \/>\n Kilometer: 138715 KM<br \/>\n Leistung: 218 KW<br \/>\n Hubraum: 1991 ccm<br \/>\n Typ: 1MG638<br \/>\n Farbcode: Schwarz<br \/>\n Hinweise: &#8211;<\/p>\n<p> Versand: Versand nur in der Schweiz m\u00f6glich.Im Ausland ist der Transport k\u00e4uferseits.<br \/>\n Garantie: 3 Monate Garantie. Bitte beachten Sie, dass die Gew\u00e4hrleistung nur g\u00fcltig ist, wenn der Ersatzteileinbau durch eine Fachwerkstatt\/Meisterwerkstatt erfolgt. Das Ein- und Ausbau des Ersatzteiles kann nicht an uns verrechnet werden. <\/p>\n<p> Ersatzteil: f\u00fcr andere Fahrzeugen (Marken) verf\u00fcgbar auf anfrage. Tel.041 980 27 47. Mobil. 076 589 27 47<\/p>\n<p> Kontakt<br \/>\n  Adresse: Autoverwertung Brun AG<br \/>\n           M\u00f6\u00f6slimatten 13<br \/>\n           6218 Ettiswil<br \/>\n  Telefon: 0041 (041) 980 27 47<br \/>\n  Telefax: 0041 (041) 980 03 47<\/p>\n<p> Wir bieten Ihnen weitere gebrauchte Autoteile zum Kauf an.<br \/>\n Tags: Auspuff Auspuffanlage, Exhaust exhaust system, Syst\u00e8me d&#8217;\u00e9chappement<br \/>\n<\/span><\/p>\n","protected":false},"excerpt":{"rendered":"<p>Technische Daten Fahrzeug: Mercedes-Benz A-CLASS Chassis Nr.: WDD1760511J474647 Baujahr: 2016 Kilometer: 138715 KM Leistung: 218 KW Hubraum: 1991 ccm Typ: 1MG638 Farbcode: Schwarz Hinweise: &#8211; Versand: Versand nur in der Schweiz m\u00f6glich.Im Ausland ist der Transport k\u00e4uferseits. Garantie: 3 Monate Garantie. Bitte beachten Sie, dass die Gew\u00e4hrleistung nur g\u00fcltig ist, wenn der Ersatzteileinbau durch eine&hellip; <a class=\"more-link\" href=\"https:\/\/occasions-teile.ch\/en\/produkt\/mercedes-benz-a-class-auspuff-auspuffanlage-3\/\">Continue reading <span class=\"screen-reader-text\">Mercedes-Benz A-CLASS  Auspuff Auspuffanlage<\/span><\/a><\/p>\n","protected":false},"featured_media":371968,"template":"","meta":[],"product_brand":[],"product_cat":[5647,5645,5646,597,735,736,737,600,738,1256,1259,1262,603,739,740,24680,24681,24682],"product_tag":[],"class_list":{"0":"post-371971","1":"product","2":"type-product","3":"status-publish","4":"has-post-thumbnail","6":"product_cat-fr_slug_mercedes-benz_a-class_2","7":"product_cat-de_slug_mercedes-benz_a-class_642","8":"product_cat-en_slug_mercedes-benz_a-class_230","9":"product_cat-de-abgasanlage","10":"product_cat-de-auspuffanlage","11":"product_cat-de-auspuffanlagekomplett","12":"product_cat-en-exhaust-system-en-exhaust-system","13":"product_cat-en-exhaust-system","14":"product_cat-en-exhaust-systemcomplete","15":"product_cat-de_mercedes-benz","16":"product_cat-en_mercedes-benz","17":"product_cat-fr_mercedes-benz","18":"product_cat-fr-systeme-dechappement","19":"product_cat-fr-systeme-dechappement-fr-systeme-dechappement","20":"product_cat-fr-systeme-dechappement-complet","21":"product_cat-de-wdd1760511j474647-200000526","22":"product_cat-en-wdd1760511j474647-200000526","23":"product_cat-fr-wdd1760511j474647-200000526","24":"product_shipping_class-tarif-4","25":"entry","27":"first","28":"instock","29":"taxable","30":"shipping-taxable","31":"purchasable","32":"product-type-simple"},"jetpack_sharing_enabled":true,"_links":{"self":[{"href":"https:\/\/occasions-teile.ch\/en\/wp-json\/wp\/v2\/product\/371971","targetHints":{"allow":["GET"]}}],"collection":[{"href":"https:\/\/occasions-teile.ch\/en\/wp-json\/wp\/v2\/product"}],"about":[{"href":"https:\/\/occasions-teile.ch\/en\/wp-json\/wp\/v2\/types\/product"}],"wp:featuredmedia":[{"embeddable":true,"href":"https:\/\/occasions-teile.ch\/en\/wp-json\/wp\/v2\/media\/371968"}],"wp:attachment":[{"href":"https:\/\/occasions-teile.ch\/en\/wp-json\/wp\/v2\/media?parent=371971"}],"wp:term":[{"taxonomy":"product_brand","embeddable":true,"href":"https:\/\/occasions-teile.ch\/en\/wp-json\/wp\/v2\/product_brand?post=371971"},{"taxonomy":"product_cat","embeddable":true,"href":"https:\/\/occasions-teile.ch\/en\/wp-json\/wp\/v2\/product_cat?post=371971"},{"taxonomy":"product_tag","embeddable":true,"href":"https:\/\/occasions-teile.ch\/en\/wp-json\/wp\/v2\/product_tag?post=371971"}],"curies":[{"name":"wp","href":"https:\/\/api.w.org\/{rel}","templated":true}]}}