{"id":371767,"date":"2025-10-20T12:45:14","date_gmt":"2025-10-20T12:45:14","guid":{"rendered":"https:\/\/occasions-teile.ch\/product\/fiat-500-ausgleichsbehaelter-2\/"},"modified":"2025-10-20T12:45:26","modified_gmt":"2025-10-20T12:45:26","slug":"fiat-500-ausgleichsbehaelter-2","status":"publish","type":"product","link":"https:\/\/occasions-teile.ch\/en\/produkt\/fiat-500-ausgleichsbehaelter-2\/","title":{"rendered":"Fiat 500  Ausgleichsbeh\u00e4lter"},"content":{"rendered":"<p><span><b>Technische Daten<\/b><\/p>\n<p> Fahrzeug: Fiat 500<br \/>\n Chassis Nr.: ZFA3120000JA20119<br \/>\n Baujahr: 2018<br \/>\n Kilometer: 96758 KM<br \/>\n Leistung: 80 KW<br \/>\n Hubraum: 875 ccm<br \/>\n Typ: 1FC477<br \/>\n Farbcode: &#8211;<br \/>\n Hinweise: &#8211;<\/p>\n<p> Versand: Versand nur in der Schweiz m\u00f6glich.Im Ausland ist der Transport k\u00e4uferseits.<br \/>\n Garantie: 3 Monate Garantie. Bitte beachten Sie, dass die Gew\u00e4hrleistung nur g\u00fcltig ist, wenn der Ersatzteileinbau durch eine Fachwerkstatt\/Meisterwerkstatt erfolgt. Das Ein- und Ausbau des Ersatzteiles kann nicht an uns verrechnet werden. <\/p>\n<p> Ersatzteil: f\u00fcr andere Fahrzeugen (Marken) verf\u00fcgbar auf anfrage. Tel.041 980 27 47. Mobil. 076 589 27 47<\/p>\n<p> Kontakt<br \/>\n  Adresse: Autoverwertung Brun AG<br \/>\n           M\u00f6\u00f6slimatten 13<br \/>\n           6218 Ettiswil<br \/>\n  Telefon: 0041 (041) 980 27 47<br \/>\n  Telefax: 0041 (041) 980 03 47<\/p>\n<p> Wir bieten Ihnen weitere gebrauchte Autoteile zum Kauf an.<br \/>\n Tags: Ausgleichsbeh\u00e4lter, Equalizing tank, Re\u00b4servoir de compensation<br \/>\n<\/span><\/p>\n","protected":false},"excerpt":{"rendered":"<p>Technische Daten Fahrzeug: Fiat 500 Chassis Nr.: ZFA3120000JA20119 Baujahr: 2018 Kilometer: 96758 KM Leistung: 80 KW Hubraum: 875 ccm Typ: 1FC477 Farbcode: &#8211; Hinweise: &#8211; Versand: Versand nur in der Schweiz m\u00f6glich.Im Ausland ist der Transport k\u00e4uferseits. Garantie: 3 Monate Garantie. Bitte beachten Sie, dass die Gew\u00e4hrleistung nur g\u00fcltig ist, wenn der Ersatzteileinbau durch eine&hellip; <a class=\"more-link\" href=\"https:\/\/occasions-teile.ch\/en\/produkt\/fiat-500-ausgleichsbehaelter-2\/\">Continue reading <span class=\"screen-reader-text\">Fiat 500  Ausgleichsbeh\u00e4lter<\/span><\/a><\/p>\n","protected":false},"featured_media":371764,"template":"","meta":[],"product_brand":[],"product_cat":[1378,1378,1378,1000,999,1000,1377,1377,1377,999,494,494,494,1000,999,1376,1376,1376],"product_tag":[],"class_list":{"0":"post-371767","1":"product","2":"type-product","3":"status-publish","4":"has-post-thumbnail","6":"product_cat-de_500","9":"product_cat-de-ausgleichsbehaelter","10":"product_cat-de-kuehlungmotor","12":"product_cat-de_fiat","16":"product_cat-de-motor","21":"product_cat-de-zfa3120000ja20119","24":"product_shipping_class-tarif-1","25":"entry","27":"first","28":"instock","29":"taxable","30":"shipping-taxable","31":"purchasable","32":"product-type-simple"},"jetpack_sharing_enabled":true,"_links":{"self":[{"href":"https:\/\/occasions-teile.ch\/en\/wp-json\/wp\/v2\/product\/371767","targetHints":{"allow":["GET"]}}],"collection":[{"href":"https:\/\/occasions-teile.ch\/en\/wp-json\/wp\/v2\/product"}],"about":[{"href":"https:\/\/occasions-teile.ch\/en\/wp-json\/wp\/v2\/types\/product"}],"wp:featuredmedia":[{"embeddable":true,"href":"https:\/\/occasions-teile.ch\/en\/wp-json\/wp\/v2\/media\/371764"}],"wp:attachment":[{"href":"https:\/\/occasions-teile.ch\/en\/wp-json\/wp\/v2\/media?parent=371767"}],"wp:term":[{"taxonomy":"product_brand","embeddable":true,"href":"https:\/\/occasions-teile.ch\/en\/wp-json\/wp\/v2\/product_brand?post=371767"},{"taxonomy":"product_cat","embeddable":true,"href":"https:\/\/occasions-teile.ch\/en\/wp-json\/wp\/v2\/product_cat?post=371767"},{"taxonomy":"product_tag","embeddable":true,"href":"https:\/\/occasions-teile.ch\/en\/wp-json\/wp\/v2\/product_tag?post=371767"}],"curies":[{"name":"wp","href":"https:\/\/api.w.org\/{rel}","templated":true}]}}