{"id":371623,"date":"2025-10-14T15:28:53","date_gmt":"2025-10-14T15:28:53","guid":{"rendered":"https:\/\/occasions-teile.ch\/product\/mercedes-benz-a-class-behaelter-waschanlage-2\/"},"modified":"2025-10-14T15:29:04","modified_gmt":"2025-10-14T15:29:04","slug":"mercedes-benz-a-class-behaelter-waschanlage-2","status":"publish","type":"product","link":"https:\/\/occasions-teile.ch\/en\/produkt\/mercedes-benz-a-class-behaelter-waschanlage-2\/","title":{"rendered":"Mercedes-Benz A-CLASS  Beh\u00e4lter Waschanlage"},"content":{"rendered":"<p><span><b>Technische Daten<\/b><\/p>\n<p> Fahrzeug: Mercedes-Benz A-CLASS<br \/>\n Chassis Nr.: WDD1760511J474647<br \/>\n Baujahr: 2016<br \/>\n Kilometer: 138715 KM<br \/>\n Leistung: 218 KW<br \/>\n Hubraum: 1991 ccm<br \/>\n Typ: 1MG638<br \/>\n Farbcode: Schwarz<br \/>\n Hinweise: &#8211;<\/p>\n<p> Versand: Versand nur in der Schweiz m\u00f6glich.Im Ausland ist der Transport k\u00e4uferseits.<br \/>\n Garantie: 3 Monate Garantie. Bitte beachten Sie, dass die Gew\u00e4hrleistung nur g\u00fcltig ist, wenn der Ersatzteileinbau durch eine Fachwerkstatt\/Meisterwerkstatt erfolgt. Das Ein- und Ausbau des Ersatzteiles kann nicht an uns verrechnet werden. <\/p>\n<p> Ersatzteil: f\u00fcr andere Fahrzeugen (Marken) verf\u00fcgbar auf anfrage. Tel.041 980 27 47. Mobil. 076 589 27 47<\/p>\n<p> Kontakt<br \/>\n  Adresse: Autoverwertung Brun AG<br \/>\n           M\u00f6\u00f6slimatten 13<br \/>\n           6218 Ettiswil<br \/>\n  Telefon: 0041 (041) 980 27 47<br \/>\n  Telefax: 0041 (041) 980 03 47<\/p>\n<p> Wir bieten Ihnen weitere gebrauchte Autoteile zum Kauf an.<br \/>\n Tags: Beh\u00e4lter Waschanlage, Container Washer, Syste`me de lavage de re\u00b4cipients<br \/>\n<\/span><\/p>\n","protected":false},"excerpt":{"rendered":"<p>Technische Daten Fahrzeug: Mercedes-Benz A-CLASS Chassis Nr.: WDD1760511J474647 Baujahr: 2016 Kilometer: 138715 KM Leistung: 218 KW Hubraum: 1991 ccm Typ: 1MG638 Farbcode: Schwarz Hinweise: &#8211; Versand: Versand nur in der Schweiz m\u00f6glich.Im Ausland ist der Transport k\u00e4uferseits. Garantie: 3 Monate Garantie. Bitte beachten Sie, dass die Gew\u00e4hrleistung nur g\u00fcltig ist, wenn der Ersatzteileinbau durch eine&hellip; <a class=\"more-link\" href=\"https:\/\/occasions-teile.ch\/en\/produkt\/mercedes-benz-a-class-behaelter-waschanlage-2\/\">Continue reading <span class=\"screen-reader-text\">Mercedes-Benz A-CLASS  Beh\u00e4lter Waschanlage<\/span><\/a><\/p>\n","protected":false},"featured_media":371620,"template":"","meta":[],"product_brand":[],"product_cat":[5645,5646,5647,1170,1169,1172,1171,1259,1262,1256,675,669,1173,1174,24680,24681,24682,672],"product_tag":[],"class_list":{"0":"post-371623","1":"product","2":"type-product","3":"status-publish","4":"has-post-thumbnail","6":"product_cat-de_slug_mercedes-benz_a-class_642","7":"product_cat-en_slug_mercedes-benz_a-class_230","8":"product_cat-fr_slug_mercedes-benz_a-class_2","9":"product_cat-de-behaelter-waschanlage","10":"product_cat-de-behaelterwaschanlage","11":"product_cat-en-container-washer","12":"product_cat-en-containerwasher","13":"product_cat-en_mercedes-benz","14":"product_cat-fr_mercedes-benz","15":"product_cat-de_mercedes-benz","16":"product_cat-fr-nettoyage-des-vitres","17":"product_cat-de-scheibenreinigung","18":"product_cat-fr-systeme-de-lavage-de-recipients","19":"product_cat-fr-systeme-de-lavage-de-recipients-fr-systeme-de-lavage-de-recipients","20":"product_cat-de-wdd1760511j474647-200000526","21":"product_cat-en-wdd1760511j474647-200000526","22":"product_cat-fr-wdd1760511j474647-200000526","23":"product_cat-en-window-cleaning","24":"product_shipping_class-tarif-1","25":"entry","27":"first","28":"instock","29":"taxable","30":"shipping-taxable","31":"purchasable","32":"product-type-simple"},"jetpack_sharing_enabled":true,"_links":{"self":[{"href":"https:\/\/occasions-teile.ch\/en\/wp-json\/wp\/v2\/product\/371623","targetHints":{"allow":["GET"]}}],"collection":[{"href":"https:\/\/occasions-teile.ch\/en\/wp-json\/wp\/v2\/product"}],"about":[{"href":"https:\/\/occasions-teile.ch\/en\/wp-json\/wp\/v2\/types\/product"}],"wp:featuredmedia":[{"embeddable":true,"href":"https:\/\/occasions-teile.ch\/en\/wp-json\/wp\/v2\/media\/371620"}],"wp:attachment":[{"href":"https:\/\/occasions-teile.ch\/en\/wp-json\/wp\/v2\/media?parent=371623"}],"wp:term":[{"taxonomy":"product_brand","embeddable":true,"href":"https:\/\/occasions-teile.ch\/en\/wp-json\/wp\/v2\/product_brand?post=371623"},{"taxonomy":"product_cat","embeddable":true,"href":"https:\/\/occasions-teile.ch\/en\/wp-json\/wp\/v2\/product_cat?post=371623"},{"taxonomy":"product_tag","embeddable":true,"href":"https:\/\/occasions-teile.ch\/en\/wp-json\/wp\/v2\/product_tag?post=371623"}],"curies":[{"name":"wp","href":"https:\/\/api.w.org\/{rel}","templated":true}]}}