{"id":371570,"date":"2025-10-14T12:29:32","date_gmt":"2025-10-14T12:29:32","guid":{"rendered":"https:\/\/occasions-teile.ch\/product\/mercedes-benz-a-class-dach-airbag-kopfairbag-3\/"},"modified":"2025-10-14T12:29:44","modified_gmt":"2025-10-14T12:29:44","slug":"mercedes-benz-a-class-dach-airbag-kopfairbag-3","status":"publish","type":"product","link":"https:\/\/occasions-teile.ch\/en\/produkt\/mercedes-benz-a-class-dach-airbag-kopfairbag-3\/","title":{"rendered":"Mercedes-Benz A-CLASS  Dach Airbag Kopfairbag"},"content":{"rendered":"<p><span><b>Technische Daten<\/b><\/p>\n<p> Fahrzeug: Mercedes-Benz A-CLASS<br \/>\n Chassis Nr.: WDD1760511J474647<br \/>\n Baujahr: 2016<br \/>\n Kilometer: 138715 KM<br \/>\n Leistung: 218 KW<br \/>\n Hubraum: 1991 ccm<br \/>\n Typ: 1MG638<br \/>\n Farbcode: Schwarz<br \/>\n Hinweise: &#8211;<\/p>\n<p> Versand: Versand nur in der Schweiz m\u00f6glich.Im Ausland ist der Transport k\u00e4uferseits.<br \/>\n Garantie: 3 Monate Garantie. Bitte beachten Sie, dass die Gew\u00e4hrleistung nur g\u00fcltig ist, wenn der Ersatzteileinbau durch eine Fachwerkstatt\/Meisterwerkstatt erfolgt. Das Ein- und Ausbau des Ersatzteiles kann nicht an uns verrechnet werden. <\/p>\n<p> Ersatzteil: f\u00fcr andere Fahrzeugen (Marken) verf\u00fcgbar auf anfrage. Tel.041 980 27 47. Mobil. 076 589 27 47<\/p>\n<p> Kontakt<br \/>\n  Adresse: Autoverwertung Brun AG<br \/>\n           M\u00f6\u00f6slimatten 13<br \/>\n           6218 Ettiswil<br \/>\n  Telefon: 0041 (041) 980 27 47<br \/>\n  Telefax: 0041 (041) 980 03 47<\/p>\n<p> Wir bieten Ihnen weitere gebrauchte Autoteile zum Kauf an.<br \/>\n Tags: Dach Airbag Kopfairbag, Airbagroof, Airbag Toit<br \/>\n<\/span><\/p>\n","protected":false},"excerpt":{"rendered":"<p>Technische Daten Fahrzeug: Mercedes-Benz A-CLASS Chassis Nr.: WDD1760511J474647 Baujahr: 2016 Kilometer: 138715 KM Leistung: 218 KW Hubraum: 1991 ccm Typ: 1MG638 Farbcode: Schwarz Hinweise: &#8211; Versand: Versand nur in der Schweiz m\u00f6glich.Im Ausland ist der Transport k\u00e4uferseits. Garantie: 3 Monate Garantie. Bitte beachten Sie, dass die Gew\u00e4hrleistung nur g\u00fcltig ist, wenn der Ersatzteileinbau durch eine&hellip; <a class=\"more-link\" href=\"https:\/\/occasions-teile.ch\/en\/produkt\/mercedes-benz-a-class-dach-airbag-kopfairbag-3\/\">Continue reading <span class=\"screen-reader-text\">Mercedes-Benz A-CLASS  Dach Airbag Kopfairbag<\/span><\/a><\/p>\n","protected":false},"featured_media":371567,"template":"","meta":[],"product_brand":[],"product_cat":[5645,5646,5647,1826,1825,945,947,949,1824,627,624,621,1256,1259,1262,24680,24681,24682],"product_tag":[],"class_list":{"0":"post-371570","1":"product","2":"type-product","3":"status-publish","4":"has-post-thumbnail","6":"product_cat-de_slug_mercedes-benz_a-class_642","7":"product_cat-en_slug_mercedes-benz_a-class_230","8":"product_cat-fr_slug_mercedes-benz_a-class_2","9":"product_cat-fr-airbag-toit","10":"product_cat-en-airbagroof","11":"product_cat-de-airbags","12":"product_cat-en-airbags","13":"product_cat-fr-airbags","14":"product_cat-de-dach-aairbag-kopfairbag","15":"product_cat-fr-electricite-dispositifs-de-commande","16":"product_cat-en-electrics-control-units","17":"product_cat-de-elektrik-steuergeraete","18":"product_cat-de_mercedes-benz","19":"product_cat-en_mercedes-benz","20":"product_cat-fr_mercedes-benz","21":"product_cat-de-wdd1760511j474647-200000526","22":"product_cat-en-wdd1760511j474647-200000526","23":"product_cat-fr-wdd1760511j474647-200000526","24":"product_shipping_class-tarif-1","25":"entry","27":"first","28":"instock","29":"taxable","30":"shipping-taxable","31":"purchasable","32":"product-type-simple"},"jetpack_sharing_enabled":true,"_links":{"self":[{"href":"https:\/\/occasions-teile.ch\/en\/wp-json\/wp\/v2\/product\/371570","targetHints":{"allow":["GET"]}}],"collection":[{"href":"https:\/\/occasions-teile.ch\/en\/wp-json\/wp\/v2\/product"}],"about":[{"href":"https:\/\/occasions-teile.ch\/en\/wp-json\/wp\/v2\/types\/product"}],"wp:featuredmedia":[{"embeddable":true,"href":"https:\/\/occasions-teile.ch\/en\/wp-json\/wp\/v2\/media\/371567"}],"wp:attachment":[{"href":"https:\/\/occasions-teile.ch\/en\/wp-json\/wp\/v2\/media?parent=371570"}],"wp:term":[{"taxonomy":"product_brand","embeddable":true,"href":"https:\/\/occasions-teile.ch\/en\/wp-json\/wp\/v2\/product_brand?post=371570"},{"taxonomy":"product_cat","embeddable":true,"href":"https:\/\/occasions-teile.ch\/en\/wp-json\/wp\/v2\/product_cat?post=371570"},{"taxonomy":"product_tag","embeddable":true,"href":"https:\/\/occasions-teile.ch\/en\/wp-json\/wp\/v2\/product_tag?post=371570"}],"curies":[{"name":"wp","href":"https:\/\/api.w.org\/{rel}","templated":true}]}}