{"id":371379,"date":"2025-10-09T14:51:38","date_gmt":"2025-10-09T14:51:38","guid":{"rendered":"https:\/\/occasions-teile.ch\/product\/opel-combo-stossstange-stossfaenger-hinten-3\/"},"modified":"2025-10-09T14:51:49","modified_gmt":"2025-10-09T14:51:49","slug":"opel-combo-stossstange-stossfaenger-hinten-3","status":"publish","type":"product","link":"https:\/\/occasions-teile.ch\/en\/produkt\/opel-combo-stossstange-stossfaenger-hinten-3\/","title":{"rendered":"Opel Combo  Stossstange Stossf\u00e4nger hinten"},"content":{"rendered":"<p><span><b>Technische Daten<\/b><\/p>\n<p> Fahrzeug: Opel Combo<br \/>\n Chassis Nr.: W0L6ZZA1AG9572304<br \/>\n Baujahr: 2015<br \/>\n Kilometer: 61565 KM<br \/>\n Leistung: 95 KW<br \/>\n Hubraum: 1368 ccm<br \/>\n Typ: 3OB132<br \/>\n Farbcode: White\/Weiss<br \/>\n Hinweise: &#8211;<\/p>\n<p> Versand: Versand nur in der Schweiz m\u00f6glich.Im Ausland ist der Transport k\u00e4uferseits.<br \/>\n Garantie: 3 Monate Garantie. Bitte beachten Sie, dass die Gew\u00e4hrleistung nur g\u00fcltig ist, wenn der Ersatzteileinbau durch eine Fachwerkstatt\/Meisterwerkstatt erfolgt. Das Ein- und Ausbau des Ersatzteiles kann nicht an uns verrechnet werden. <\/p>\n<p> Ersatzteil: f\u00fcr andere Fahrzeugen (Marken) verf\u00fcgbar auf anfrage. Tel.041 980 27 47. Mobil. 076 589 27 47<\/p>\n<p> Kontakt<br \/>\n  Adresse: Autoverwertung Brun AG<br \/>\n           M\u00f6\u00f6slimatten 13<br \/>\n           6218 Ettiswil<br \/>\n  Telefon: 0041 (041) 980 27 47<br \/>\n  Telefax: 0041 (041) 980 03 47<\/p>\n<p> Wir bieten Ihnen weitere gebrauchte Autoteile zum Kauf an.<br \/>\n Tags: Stossstange Stossf\u00e4nger hinten, Rear bumper, Pare-chocs arrie`re<br \/>\n<\/span><\/p>\n","protected":false},"excerpt":{"rendered":"<p>Technische Daten Fahrzeug: Opel Combo Chassis Nr.: W0L6ZZA1AG9572304 Baujahr: 2015 Kilometer: 61565 KM Leistung: 95 KW Hubraum: 1368 ccm Typ: 3OB132 Farbcode: White\/Weiss Hinweise: &#8211; Versand: Versand nur in der Schweiz m\u00f6glich.Im Ausland ist der Transport k\u00e4uferseits. Garantie: 3 Monate Garantie. Bitte beachten Sie, dass die Gew\u00e4hrleistung nur g\u00fcltig ist, wenn der Ersatzteileinbau durch eine&hellip; <a class=\"more-link\" href=\"https:\/\/occasions-teile.ch\/en\/produkt\/opel-combo-stossstange-stossfaenger-hinten-3\/\">Continue reading <span class=\"screen-reader-text\">Opel Combo  Stossstange Stossf\u00e4nger hinten<\/span><\/a><\/p>\n","protected":false},"featured_media":371376,"template":"","meta":[],"product_brand":[],"product_cat":[524,752,527,614,617,620,521,616,619,613,755,754,753,750,751,24674,24675,24676],"product_tag":[],"class_list":{"0":"post-371379","1":"product","2":"type-product","3":"status-publish","4":"has-post-thumbnail","6":"product_cat-en-body-rear","7":"product_cat-en-bumper-rearparts","8":"product_cat-fr-carrosserie-arriere","9":"product_cat-de_combo","10":"product_cat-en_combo","11":"product_cat-fr_combo","12":"product_cat-de-karosserie-heck","13":"product_cat-en_opel","14":"product_cat-fr_opel","15":"product_cat-de_opel","16":"product_cat-fr-pare-chocs-arriere","17":"product_cat-fr-pare-chocs-arrierepieces","18":"product_cat-en-rear-bumper","19":"product_cat-de-stossfaengerhintenteile","20":"product_cat-de-stossstange-stossfaenger-hinten","21":"product_cat-de-w0l6zza1ag9572304-200000524","22":"product_cat-en-w0l6zza1ag9572304-200000524","23":"product_cat-fr-w0l6zza1ag9572304-200000524","24":"product_shipping_class-tarif-4","25":"entry","27":"first","28":"instock","29":"taxable","30":"shipping-taxable","31":"purchasable","32":"product-type-simple"},"jetpack_sharing_enabled":true,"_links":{"self":[{"href":"https:\/\/occasions-teile.ch\/en\/wp-json\/wp\/v2\/product\/371379","targetHints":{"allow":["GET"]}}],"collection":[{"href":"https:\/\/occasions-teile.ch\/en\/wp-json\/wp\/v2\/product"}],"about":[{"href":"https:\/\/occasions-teile.ch\/en\/wp-json\/wp\/v2\/types\/product"}],"wp:featuredmedia":[{"embeddable":true,"href":"https:\/\/occasions-teile.ch\/en\/wp-json\/wp\/v2\/media\/371376"}],"wp:attachment":[{"href":"https:\/\/occasions-teile.ch\/en\/wp-json\/wp\/v2\/media?parent=371379"}],"wp:term":[{"taxonomy":"product_brand","embeddable":true,"href":"https:\/\/occasions-teile.ch\/en\/wp-json\/wp\/v2\/product_brand?post=371379"},{"taxonomy":"product_cat","embeddable":true,"href":"https:\/\/occasions-teile.ch\/en\/wp-json\/wp\/v2\/product_cat?post=371379"},{"taxonomy":"product_tag","embeddable":true,"href":"https:\/\/occasions-teile.ch\/en\/wp-json\/wp\/v2\/product_tag?post=371379"}],"curies":[{"name":"wp","href":"https:\/\/api.w.org\/{rel}","templated":true}]}}