{"id":370954,"date":"2025-10-06T16:07:40","date_gmt":"2025-10-06T16:07:40","guid":{"rendered":"https:\/\/occasions-teile.ch\/product\/vw-tiguan-spiegel-aussenspiegel-vorne-4\/"},"modified":"2025-10-06T16:07:49","modified_gmt":"2025-10-06T16:07:49","slug":"vw-tiguan-spiegel-aussenspiegel-vorne-4","status":"publish","type":"product","link":"https:\/\/occasions-teile.ch\/en\/produkt\/vw-tiguan-spiegel-aussenspiegel-vorne-4\/","title":{"rendered":"VW Tiguan  Spiegel Au\u00dfenspiegel vorne"},"content":{"rendered":"<p><span><b>Technische Daten<\/b><\/p>\n<p> Fahrzeug: VW Tiguan<br \/>\n Chassis Nr.: WVGZZZ5NZCW024776<br \/>\n Baujahr: 2011<br \/>\n Kilometer: 117335 KM<br \/>\n Leistung: 180 KW<br \/>\n Hubraum: 1984 ccm<br \/>\n Typ: 1VD978<br \/>\n Farbcode: silber<br \/>\n Hinweise: &#8211;<\/p>\n<p> Versand: Versand nur in der Schweiz m\u00f6glich.Im Ausland ist der Transport k\u00e4uferseits.<br \/>\n Garantie: 3 Monate Garantie. Bitte beachten Sie, dass die Gew\u00e4hrleistung nur g\u00fcltig ist, wenn der Ersatzteileinbau durch eine Fachwerkstatt\/Meisterwerkstatt erfolgt. Das Ein- und Ausbau des Ersatzteiles kann nicht an uns verrechnet werden. <\/p>\n<p> Ersatzteil: f\u00fcr andere Fahrzeugen (Marken) verf\u00fcgbar auf anfrage. Tel.041 980 27 47. Mobil. 076 589 27 47<\/p>\n<p> Kontakt<br \/>\n  Adresse: Autoverwertung Brun AG<br \/>\n           M\u00f6\u00f6slimatten 13<br \/>\n           6218 Ettiswil<br \/>\n  Telefon: 0041 (041) 980 27 47<br \/>\n  Telefax: 0041 (041) 980 03 47<\/p>\n<p> Wir bieten Ihnen weitere gebrauchte Autoteile zum Kauf an.<br \/>\n Tags: Spiegel Au\u00dfenspiegel vorne, Exterior mirrors complete , Re\u00b4troviseur exte\u00b4rieur complet<br \/>\n<\/span><\/p>\n","protected":false},"excerpt":{"rendered":"<p>Technische Daten Fahrzeug: VW Tiguan Chassis Nr.: WVGZZZ5NZCW024776 Baujahr: 2011 Kilometer: 117335 KM Leistung: 180 KW Hubraum: 1984 ccm Typ: 1VD978 Farbcode: silber Hinweise: &#8211; Versand: Versand nur in der Schweiz m\u00f6glich.Im Ausland ist der Transport k\u00e4uferseits. Garantie: 3 Monate Garantie. Bitte beachten Sie, dass die Gew\u00e4hrleistung nur g\u00fcltig ist, wenn der Ersatzteileinbau durch eine&hellip; <a class=\"more-link\" href=\"https:\/\/occasions-teile.ch\/en\/produkt\/vw-tiguan-spiegel-aussenspiegel-vorne-4\/\">Continue reading <span class=\"screen-reader-text\">VW Tiguan  Spiegel Au\u00dfenspiegel vorne<\/span><\/a><\/p>\n","protected":false},"featured_media":370951,"template":"","meta":[],"product_brand":[],"product_cat":[768,485,485,768,769,485,768,769,769,1667,1667,1667,1280,1280,1280,24668,24668,24668],"product_tag":[],"class_list":{"0":"post-370954","1":"product","2":"type-product","3":"status-publish","4":"has-post-thumbnail","6":"product_cat-de-aussenspiegel","7":"product_cat-de-karosserie-mitte","10":"product_cat-de-spiegel-aussenspiegel-vorne","15":"product_cat-de_tiguan","18":"product_cat-de_volkswagen","21":"product_cat-de-wvgzzz5nzcw024776-200000521","24":"product_shipping_class-tarif-1","25":"entry","27":"first","28":"instock","29":"taxable","30":"shipping-taxable","31":"purchasable","32":"product-type-simple"},"jetpack_sharing_enabled":true,"_links":{"self":[{"href":"https:\/\/occasions-teile.ch\/en\/wp-json\/wp\/v2\/product\/370954","targetHints":{"allow":["GET"]}}],"collection":[{"href":"https:\/\/occasions-teile.ch\/en\/wp-json\/wp\/v2\/product"}],"about":[{"href":"https:\/\/occasions-teile.ch\/en\/wp-json\/wp\/v2\/types\/product"}],"wp:featuredmedia":[{"embeddable":true,"href":"https:\/\/occasions-teile.ch\/en\/wp-json\/wp\/v2\/media\/370951"}],"wp:attachment":[{"href":"https:\/\/occasions-teile.ch\/en\/wp-json\/wp\/v2\/media?parent=370954"}],"wp:term":[{"taxonomy":"product_brand","embeddable":true,"href":"https:\/\/occasions-teile.ch\/en\/wp-json\/wp\/v2\/product_brand?post=370954"},{"taxonomy":"product_cat","embeddable":true,"href":"https:\/\/occasions-teile.ch\/en\/wp-json\/wp\/v2\/product_cat?post=370954"},{"taxonomy":"product_tag","embeddable":true,"href":"https:\/\/occasions-teile.ch\/en\/wp-json\/wp\/v2\/product_tag?post=370954"}],"curies":[{"name":"wp","href":"https:\/\/api.w.org\/{rel}","templated":true}]}}