{"id":370918,"date":"2025-10-06T15:26:48","date_gmt":"2025-10-06T15:26:48","guid":{"rendered":"https:\/\/occasions-teile.ch\/product\/vw-tiguan-kombiinstrument-tacho-4\/"},"modified":"2026-03-15T23:08:27","modified_gmt":"2026-03-15T23:08:27","slug":"vw-tiguan-kombiinstrument-tacho-4","status":"publish","type":"product","link":"https:\/\/occasions-teile.ch\/en\/produkt\/vw-tiguan-kombiinstrument-tacho-4\/","title":{"rendered":"VW Tiguan  Kombiinstrument Tacho"},"content":{"rendered":"<p><span><b>Technische Daten<\/b><\/p>\n<p> Fahrzeug: VW Tiguan<br \/>\n Chassis Nr.: WVGZZZ5NZCW024776<br \/>\n Baujahr: 2011<br \/>\n Kilometer: 117335 KM<br \/>\n Leistung: 180 KW<br \/>\n Hubraum: 1984 ccm<br \/>\n Typ: 1VD978<br \/>\n Farbcode: silber<br \/>\n Hinweise: Achtung ein Halter defekt<\/p>\n<p> Versand: Versand nur in der Schweiz m\u00f6glich.Im Ausland ist der Transport k\u00e4uferseits.<br \/>\n Garantie: 3 Monate Garantie. Bitte beachten Sie, dass die Gew\u00e4hrleistung nur g\u00fcltig ist, wenn der Ersatzteileinbau durch eine Fachwerkstatt\/Meisterwerkstatt erfolgt. Das Ein- und Ausbau des Ersatzteiles kann nicht an uns verrechnet werden. <\/p>\n<p> Ersatzteil: f\u00fcr andere Fahrzeugen (Marken) verf\u00fcgbar auf anfrage. Tel.041 980 27 47. Mobil. 076 589 27 47<\/p>\n<p> Kontakt<br \/>\n  Adresse: Autoverwertung Brun AG<br \/>\n           M\u00f6\u00f6slimatten 13<br \/>\n           6218 Ettiswil<br \/>\n  Telefon: 0041 (041) 980 27 47<br \/>\n  Telefax: 0041 (041) 980 03 47<\/p>\n<p> Wir bieten Ihnen weitere gebrauchte Autoteile zum Kauf an.<br \/>\n Tags: Kombiinstrument Tacho, Instrument cluster speedometer , Combine d\u00b4 instruments Tachymetre<br \/>\n<\/span><\/p>\n","protected":false},"excerpt":{"rendered":"<p>Technische Daten Fahrzeug: VW Tiguan Chassis Nr.: WVGZZZ5NZCW024776 Baujahr: 2011 Kilometer: 117335 KM Leistung: 180 KW Hubraum: 1984 ccm Typ: 1VD978 Farbcode: silber Hinweise: Achtung ein Halter defekt Versand: Versand nur in der Schweiz m\u00f6glich.Im Ausland ist der Transport k\u00e4uferseits. Garantie: 3 Monate Garantie. Bitte beachten Sie, dass die Gew\u00e4hrleistung nur g\u00fcltig ist, wenn der&hellip; <a class=\"more-link\" href=\"https:\/\/occasions-teile.ch\/en\/produkt\/vw-tiguan-kombiinstrument-tacho-4\/\">Continue reading <span class=\"screen-reader-text\">VW Tiguan  Kombiinstrument Tacho<\/span><\/a><\/p>\n","protected":false},"featured_media":370915,"template":"","meta":[],"product_brand":[],"product_cat":[23545,823,621,621,621,823,823,822,822,822,1667,1667,1667,1280,1280,1280,24668,24668,24668],"product_tag":[],"class_list":{"0":"post-370918","1":"product","2":"type-product","3":"status-publish","4":"has-post-thumbnail","6":"product_cat-de-2-0-tsi-4motion-de_tiguan-de_volkswagen-manufacturer-81","7":"product_cat-de-kombiinstrument-tacho","8":"product_cat-de-elektrik-steuergeraete","13":"product_cat-de-tachoanzeigegeraete","16":"product_cat-de_tiguan","19":"product_cat-de_volkswagen","22":"product_cat-de-wvgzzz5nzcw024776-200000521","25":"product_shipping_class-tarif-1","26":"entry","28":"first","29":"instock","30":"taxable","31":"shipping-taxable","32":"purchasable","33":"product-type-simple"},"jetpack_sharing_enabled":true,"_links":{"self":[{"href":"https:\/\/occasions-teile.ch\/en\/wp-json\/wp\/v2\/product\/370918","targetHints":{"allow":["GET"]}}],"collection":[{"href":"https:\/\/occasions-teile.ch\/en\/wp-json\/wp\/v2\/product"}],"about":[{"href":"https:\/\/occasions-teile.ch\/en\/wp-json\/wp\/v2\/types\/product"}],"wp:featuredmedia":[{"embeddable":true,"href":"https:\/\/occasions-teile.ch\/en\/wp-json\/wp\/v2\/media\/370915"}],"wp:attachment":[{"href":"https:\/\/occasions-teile.ch\/en\/wp-json\/wp\/v2\/media?parent=370918"}],"wp:term":[{"taxonomy":"product_brand","embeddable":true,"href":"https:\/\/occasions-teile.ch\/en\/wp-json\/wp\/v2\/product_brand?post=370918"},{"taxonomy":"product_cat","embeddable":true,"href":"https:\/\/occasions-teile.ch\/en\/wp-json\/wp\/v2\/product_cat?post=370918"},{"taxonomy":"product_tag","embeddable":true,"href":"https:\/\/occasions-teile.ch\/en\/wp-json\/wp\/v2\/product_tag?post=370918"}],"curies":[{"name":"wp","href":"https:\/\/api.w.org\/{rel}","templated":true}]}}