{"id":369791,"date":"2025-09-24T08:18:49","date_gmt":"2025-09-24T08:18:49","guid":{"rendered":"https:\/\/occasions-teile.ch\/product\/audi-a1-luftfuehrung-schlaeuche-luftfilter\/"},"modified":"2025-09-24T08:19:01","modified_gmt":"2025-09-24T08:19:01","slug":"audi-a1-luftfuehrung-schlaeuche-luftfilter","status":"publish","type":"product","link":"https:\/\/occasions-teile.ch\/en\/produkt\/audi-a1-luftfuehrung-schlaeuche-luftfilter\/","title":{"rendered":"Audi A1  Luftf\u00fchrung, Schl\u00e4uche Luftfilter"},"content":{"rendered":"<p><span><b>Technische Daten<\/b><\/p>\n<p> Fahrzeug: Audi A1<br \/>\n Chassis Nr.: WAUZZZGB5KR024752<br \/>\n Baujahr: 2019<br \/>\n Kilometer: 67303 KM<br \/>\n Leistung: 200 KW<br \/>\n Hubraum: 1984 ccm<br \/>\n Typ: X<br \/>\n Farbcode: rot<br \/>\n Hinweise: &#8211;<\/p>\n<p> Versand: Versand nur in der Schweiz m\u00f6glich.Im Ausland ist der Transport k\u00e4uferseits.<br \/>\n Garantie: 3 Monate Garantie. Bitte beachten Sie, dass die Gew\u00e4hrleistung nur g\u00fcltig ist, wenn der Ersatzteileinbau durch eine Fachwerkstatt\/Meisterwerkstatt erfolgt. Das Ein- und Ausbau des Ersatzteiles kann nicht an uns verrechnet werden. <\/p>\n<p> Ersatzteil: f\u00fcr andere Fahrzeugen (Marken) verf\u00fcgbar auf anfrage. Tel.041 980 27 47. Mobil. 076 589 27 47<\/p>\n<p> Kontakt<br \/>\n  Adresse: Autoverwertung Brun AG<br \/>\n           M\u00f6\u00f6slimatten 13<br \/>\n           6218 Ettiswil<br \/>\n  Telefon: 0041 (041) 980 27 47<br \/>\n  Telefax: 0041 (041) 980 03 47<\/p>\n<p> Wir bieten Ihnen weitere gebrauchte Autoteile zum Kauf an.<br \/>\n Tags: Luftf\u00fchrung, Schl\u00e4uche Luftfilter, Air guide, Hoses Air filter , Conduite d&#8217;air,tuyaux Filtre a` air<br \/>\n<\/span><\/p>\n","protected":false},"excerpt":{"rendered":"<p>Technische Daten Fahrzeug: Audi A1 Chassis Nr.: WAUZZZGB5KR024752 Baujahr: 2019 Kilometer: 67303 KM Leistung: 200 KW Hubraum: 1984 ccm Typ: X Farbcode: rot Hinweise: &#8211; Versand: Versand nur in der Schweiz m\u00f6glich.Im Ausland ist der Transport k\u00e4uferseits. Garantie: 3 Monate Garantie. Bitte beachten Sie, dass die Gew\u00e4hrleistung nur g\u00fcltig ist, wenn der Ersatzteileinbau durch eine&hellip; <a class=\"more-link\" href=\"https:\/\/occasions-teile.ch\/en\/produkt\/audi-a1-luftfuehrung-schlaeuche-luftfilter\/\">Continue reading <span class=\"screen-reader-text\">Audi A1  Luftf\u00fchrung, Schl\u00e4uche Luftfilter<\/span><\/a><\/p>\n","protected":false},"featured_media":369788,"template":"","meta":[],"product_brand":[],"product_cat":[4301,4302,4303,6122,6389,461,464,458,6390,6121,6388,500,494,497,6123,24650,24651,24652],"product_tag":[],"class_list":{"0":"post-369791","1":"product","2":"type-product","3":"status-publish","4":"has-post-thumbnail","6":"product_cat-de_slug_audi_a1_209","7":"product_cat-en_slug_audi_a1_693","8":"product_cat-fr_slug_audi_a1_970","9":"product_cat-en-air-fuel-system-motor","10":"product_cat-en-air-guide-hoses-air-filter-luft-kraftstoffsystem","11":"product_cat-en_audi","12":"product_cat-fr_audi","13":"product_cat-de_audi","14":"product_cat-fr-conduite-dairtuyaux-filtre-a-air-luft-kraftstoffsystem","15":"product_cat-de-luft-kraftstoffsystem-motor","16":"product_cat-de-luftfuehrung-schlaeuche-luftfilter-luft-kraftstoffsystem","17":"product_cat-fr-moteur","18":"product_cat-de-motor","19":"product_cat-en-motor","20":"product_cat-fr-systeme-de-carburant-a-air-motor","21":"product_cat-de-wauzzzgb5kr024752-200000518","22":"product_cat-en-wauzzzgb5kr024752-200000518","23":"product_cat-fr-wauzzzgb5kr024752-200000518","24":"product_shipping_class-tarif-1","25":"entry","27":"first","28":"instock","29":"taxable","30":"shipping-taxable","31":"purchasable","32":"product-type-simple"},"jetpack_sharing_enabled":true,"_links":{"self":[{"href":"https:\/\/occasions-teile.ch\/en\/wp-json\/wp\/v2\/product\/369791","targetHints":{"allow":["GET"]}}],"collection":[{"href":"https:\/\/occasions-teile.ch\/en\/wp-json\/wp\/v2\/product"}],"about":[{"href":"https:\/\/occasions-teile.ch\/en\/wp-json\/wp\/v2\/types\/product"}],"wp:featuredmedia":[{"embeddable":true,"href":"https:\/\/occasions-teile.ch\/en\/wp-json\/wp\/v2\/media\/369788"}],"wp:attachment":[{"href":"https:\/\/occasions-teile.ch\/en\/wp-json\/wp\/v2\/media?parent=369791"}],"wp:term":[{"taxonomy":"product_brand","embeddable":true,"href":"https:\/\/occasions-teile.ch\/en\/wp-json\/wp\/v2\/product_brand?post=369791"},{"taxonomy":"product_cat","embeddable":true,"href":"https:\/\/occasions-teile.ch\/en\/wp-json\/wp\/v2\/product_cat?post=369791"},{"taxonomy":"product_tag","embeddable":true,"href":"https:\/\/occasions-teile.ch\/en\/wp-json\/wp\/v2\/product_tag?post=369791"}],"curies":[{"name":"wp","href":"https:\/\/api.w.org\/{rel}","templated":true}]}}