{"id":369264,"date":"2025-09-19T13:42:02","date_gmt":"2025-09-19T13:42:02","guid":{"rendered":"https:\/\/occasions-teile.ch\/product\/renault-scenic-querlenker-vorn-rechts\/"},"modified":"2025-09-19T13:42:15","modified_gmt":"2025-09-19T13:42:15","slug":"renault-scenic-querlenker-vorn-rechts","status":"publish","type":"product","link":"https:\/\/occasions-teile.ch\/en\/produkt\/renault-scenic-querlenker-vorn-rechts\/","title":{"rendered":"Renault Scenic  Querlenker vorn rechts"},"content":{"rendered":"<p><span><b>Technische Daten<\/b><\/p>\n<p> Fahrzeug: Renault Scenic<br \/>\n Chassis Nr.: VF1RFA00564438413<br \/>\n Baujahr: 2020<br \/>\n Kilometer: 42871 KM<br \/>\n Leistung: 163 KW<br \/>\n Hubraum: 1332 ccm<br \/>\n Typ: 1RD102<br \/>\n Farbcode: blau<br \/>\n Hinweise: &#8211;<\/p>\n<p> Versand: Versand nur in der Schweiz m\u00f6glich.Im Ausland ist der Transport k\u00e4uferseits.<br \/>\n Garantie: 3 Monate Garantie. Bitte beachten Sie, dass die Gew\u00e4hrleistung nur g\u00fcltig ist, wenn der Ersatzteileinbau durch eine Fachwerkstatt\/Meisterwerkstatt erfolgt. Das Ein- und Ausbau des Ersatzteiles kann nicht an uns verrechnet werden. <\/p>\n<p> Ersatzteil: f\u00fcr andere Fahrzeugen (Marken) verf\u00fcgbar auf anfrage. Tel.041 980 27 47. Mobil. 076 589 27 47<\/p>\n<p> Kontakt<br \/>\n  Adresse: Autoverwertung Brun AG<br \/>\n           M\u00f6\u00f6slimatten 13<br \/>\n           6218 Ettiswil<br \/>\n  Telefon: 0041 (041) 980 27 47<br \/>\n  Telefax: 0041 (041) 980 03 47<\/p>\n<p> Wir bieten Ihnen weitere gebrauchte Autoteile zum Kauf an.<br \/>\n Tags: Querlenker vorn rechts, Wishbone front right , Bras de suspension avant droit<br \/>\n<\/span><\/p>\n","protected":false},"excerpt":{"rendered":"<p>Technische Daten Fahrzeug: Renault Scenic Chassis Nr.: VF1RFA00564438413 Baujahr: 2020 Kilometer: 42871 KM Leistung: 163 KW Hubraum: 1332 ccm Typ: 1RD102 Farbcode: blau Hinweise: &#8211; Versand: Versand nur in der Schweiz m\u00f6glich.Im Ausland ist der Transport k\u00e4uferseits. Garantie: 3 Monate Garantie. Bitte beachten Sie, dass die Gew\u00e4hrleistung nur g\u00fcltig ist, wenn der Ersatzteileinbau durch eine&hellip; <a class=\"more-link\" href=\"https:\/\/occasions-teile.ch\/en\/produkt\/renault-scenic-querlenker-vorn-rechts\/\">Continue reading <span class=\"screen-reader-text\">Renault Scenic  Querlenker vorn rechts<\/span><\/a><\/p>\n","protected":false},"featured_media":369261,"template":"","meta":[],"product_brand":[],"product_cat":[793,803,544,541,789,801,2433,2436,2439,3528,3529,3527,547,24643,24641,24642,791,802],"product_tag":[],"class_list":{"0":"post-369264","1":"product","2":"type-product","3":"status-publish","4":"has-post-thumbnail","6":"product_cat-fr-bras-de-suspension","7":"product_cat-fr-bras-de-suspension-avant-droit","8":"product_cat-en-chassis-steering","9":"product_cat-de-fahrwerk-lenkung","10":"product_cat-de-querlenker","11":"product_cat-de-querlenkervornrechts","12":"product_cat-de_renault","13":"product_cat-en_renault","14":"product_cat-fr_renault","15":"product_cat-en_slug_renault_scenic_665","16":"product_cat-fr_slug_renault_scenic_252","17":"product_cat-de_slug_renault_scenic_718","18":"product_cat-fr-train-de-roulement-direction","19":"product_cat-fr-vf1rfa00564438413-200000514","20":"product_cat-de-vf1rfa00564438413-200000514","21":"product_cat-en-vf1rfa00564438413-200000514","22":"product_cat-en-wishbone","23":"product_cat-en-wishbone-front-right","24":"product_shipping_class-tarif-1","25":"entry","27":"first","28":"instock","29":"taxable","30":"shipping-taxable","31":"purchasable","32":"product-type-simple"},"jetpack_sharing_enabled":true,"_links":{"self":[{"href":"https:\/\/occasions-teile.ch\/en\/wp-json\/wp\/v2\/product\/369264","targetHints":{"allow":["GET"]}}],"collection":[{"href":"https:\/\/occasions-teile.ch\/en\/wp-json\/wp\/v2\/product"}],"about":[{"href":"https:\/\/occasions-teile.ch\/en\/wp-json\/wp\/v2\/types\/product"}],"wp:featuredmedia":[{"embeddable":true,"href":"https:\/\/occasions-teile.ch\/en\/wp-json\/wp\/v2\/media\/369261"}],"wp:attachment":[{"href":"https:\/\/occasions-teile.ch\/en\/wp-json\/wp\/v2\/media?parent=369264"}],"wp:term":[{"taxonomy":"product_brand","embeddable":true,"href":"https:\/\/occasions-teile.ch\/en\/wp-json\/wp\/v2\/product_brand?post=369264"},{"taxonomy":"product_cat","embeddable":true,"href":"https:\/\/occasions-teile.ch\/en\/wp-json\/wp\/v2\/product_cat?post=369264"},{"taxonomy":"product_tag","embeddable":true,"href":"https:\/\/occasions-teile.ch\/en\/wp-json\/wp\/v2\/product_tag?post=369264"}],"curies":[{"name":"wp","href":"https:\/\/api.w.org\/{rel}","templated":true}]}}